{"id":240073,"date":"2025-12-30T23:31:02","date_gmt":"2025-12-30T20:31:02","guid":{"rendered":"https:\/\/baldumarket.lt\/?post_type=product&#038;p=240073"},"modified":"2026-05-04T17:22:42","modified_gmt":"2026-05-04T14:22:42","slug":"naroznik-rozkladany-toretta","status":"publish","type":"product","link":"https:\/\/baldumarket.lt\/ru\/product\/naroznik-rozkladany-toretta\/","title":{"rendered":"\u201e\u0414\u0438\u0432\u0430\u043d \u201cToretta\u00bb i\u0161skleid\u017eiama kampin\u0117"},"content":{"rendered":"<p>\u0423\u0433\u043b\u043e\u0432\u043e\u0439 \u0434\u0438\u0432\u0430\u043d-\u0442\u0440\u0430\u043d\u0441\u0444\u043e\u0440\u043c\u0435\u0440 Toretta \u2014 \u044d\u0442\u043e \u0443\u0434\u043e\u0431\u043d\u044b\u0439, \u043c\u044f\u0433\u043a\u0438\u0439 \u043f\u0440\u0435\u0434\u043c\u0435\u0442 \u043c\u0435\u0431\u0435\u043b\u0438 \u0441 \u0441\u043e\u0432\u0440\u0435\u043c\u0435\u043d\u043d\u044b\u043c \u0434\u0438\u0437\u0430\u0439\u043d\u043e\u043c \u0438 \u0442\u0449\u0430\u0442\u0435\u043b\u044c\u043d\u044b\u043c \u0432\u043d\u0438\u043c\u0430\u043d\u0438\u0435\u043c \u043a \u0434\u0435\u0442\u0430\u043b\u044f\u043c.<br \/>\n&#8230;<\/p>","protected":false},"excerpt":{"rendered":"<p>\u0423\u0433\u043b\u043e\u0432\u043e\u0439 \u0434\u0438\u0432\u0430\u043d-\u0442\u0440\u0430\u043d\u0441\u0444\u043e\u0440\u043c\u0435\u0440 Toretta \u2014 \u044d\u0442\u043e \u0443\u0434\u043e\u0431\u043d\u044b\u0439, \u043c\u044f\u0433\u043a\u0438\u0439 \u043f\u0440\u0435\u0434\u043c\u0435\u0442 \u043c\u0435\u0431\u0435\u043b\u0438 \u0441 \u0441\u043e\u0432\u0440\u0435\u043c\u0435\u043d\u043d\u044b\u043c \u0434\u0438\u0437\u0430\u0439\u043d\u043e\u043c \u0438 \u0442\u0449\u0430\u0442\u0435\u043b\u044c\u043d\u044b\u043c \u0432\u043d\u0438\u043c\u0430\u043d\u0438\u0435\u043c \u043a \u0434\u0435\u0442\u0430\u043b\u044f\u043c.<\/p>","protected":false},"featured_media":240105,"comment_status":"open","ping_status":"closed","template":"","meta":[],"product_brand":[],"product_cat":[10299,616,1983,9112],"product_tag":[],"class_list":{"0":"post-240073","1":"product","2":"type-product","3":"status-publish","4":"has-post-thumbnail","6":"product_cat-corners-linneo","7":"product_cat-corners","8":"product_cat-corners-l","9":"product_cat-linneo","11":"first","12":"instock","13":"shipping-taxable","14":"product-type-grouped"},"_links":{"self":[{"href":"https:\/\/baldumarket.lt\/ru\/wp-json\/wp\/v2\/product\/240073","targetHints":{"allow":["GET"]}}],"collection":[{"href":"https:\/\/baldumarket.lt\/ru\/wp-json\/wp\/v2\/product"}],"about":[{"href":"https:\/\/baldumarket.lt\/ru\/wp-json\/wp\/v2\/types\/product"}],"replies":[{"embeddable":true,"href":"https:\/\/baldumarket.lt\/ru\/wp-json\/wp\/v2\/comments?post=240073"}],"wp:featuredmedia":[{"embeddable":true,"href":"https:\/\/baldumarket.lt\/ru\/wp-json\/wp\/v2\/media\/240105"}],"wp:attachment":[{"href":"https:\/\/baldumarket.lt\/ru\/wp-json\/wp\/v2\/media?parent=240073"}],"wp:term":[{"taxonomy":"product_brand","embeddable":true,"href":"https:\/\/baldumarket.lt\/ru\/wp-json\/wp\/v2\/product_brand?post=240073"},{"taxonomy":"product_cat","embeddable":true,"href":"https:\/\/baldumarket.lt\/ru\/wp-json\/wp\/v2\/product_cat?post=240073"},{"taxonomy":"product_tag","embeddable":true,"href":"https:\/\/baldumarket.lt\/ru\/wp-json\/wp\/v2\/product_tag?post=240073"}],"curies":[{"name":"WP","href":"https:\/\/api.w.org\/{rel}","templated":true}]}}