{"id":240071,"date":"2025-12-30T23:30:59","date_gmt":"2025-12-30T20:30:59","guid":{"rendered":"https:\/\/baldumarket.lt\/?post_type=product&#038;p=240071"},"modified":"2026-02-03T23:04:44","modified_gmt":"2026-02-03T20:04:44","slug":"naroznik-rozkladany-toretta-gr3","status":"publish","type":"product","link":"https:\/\/baldumarket.lt\/ru\/product\/naroznik-rozkladany-toretta-gr3\/","title":{"rendered":"Toretta Gr3 i\u0161skleid\u017eiama kampin\u0117 sofa"},"content":{"rendered":"<p>\u0423\u0433\u043b\u043e\u0432\u043e\u0439 \u0434\u0438\u0432\u0430\u043d-\u0442\u0440\u0430\u043d\u0441\u0444\u043e\u0440\u043c\u0435\u0440 Toretta \u2014 \u044d\u0442\u043e \u0443\u0434\u043e\u0431\u043d\u044b\u0439, \u043c\u044f\u0433\u043a\u0438\u0439 \u043f\u0440\u0435\u0434\u043c\u0435\u0442 \u043c\u0435\u0431\u0435\u043b\u0438 \u0441 \u0441\u043e\u0432\u0440\u0435\u043c\u0435\u043d\u043d\u044b\u043c \u0434\u0438\u0437\u0430\u0439\u043d\u043e\u043c \u0438 \u0442\u0449\u0430\u0442\u0435\u043b\u044c\u043d\u044b\u043c \u0432\u043d\u0438\u043c\u0430\u043d\u0438\u0435\u043c \u043a \u0434\u0435\u0442\u0430\u043b\u044f\u043c.<br \/>\n&#8230;<\/p>","protected":false},"excerpt":{"rendered":"<p>\u0428\u0438\u0440\u0438\u043d\u0430 \u0434\u043b\u0438\u043d\u043d\u043e\u0439 \u0441\u0442\u043e\u0440\u043e\u043d\u044b [\u0441\u043c]: 262<br \/>\n\u0428\u0438\u0440\u0438\u043d\u0430 \u043a\u043e\u0440\u043e\u0442\u043a\u043e\u0439 \u0441\u0442\u043e\u0440\u043e\u043d\u044b [\u0441\u043c]: 172<br \/>\n\u0420\u043e\u0441\u0442 [\u0441\u043c]: 74-93<br \/>\n\u0412\u044b\u0441\u043e\u0442\u0430 \u0441\u0438\u0434\u0435\u043d\u044c\u044f [\u0441\u043c]: 45<br \/>\n\u0422\u0438\u043f \u043f\u043e\u0434\u0443\u0448\u043a\u0438\/\u0441\u043f\u0438\u043d\u043a\u0438: \u0441\u044a\u0435\u043c\u043d\u044b\u0435 \u043f\u043e\u0434\u0443\u0448\u043a\u0438<br \/>\n\u0411\u043e\u043a\u043e\u0432\u044b\u0435 \u0441\u043f\u0438\u043d\u043a\u0438: \u0441\u043e \u0441\u043f\u0438\u043d\u043a\u0430\u043c\u0438<br \/>\n\u0421\u043f\u0430\u043b\u044c\u043d\u0430\u044f \u043f\u043b\u043e\u0449\u0430\u0434\u044c [\u0441\u043c]: 142\u00d7211<br \/>\n\u0423\u0433\u043b\u043e\u0432\u043e\u0439 \u0434\u0438\u0432\u0430\u043d \u0432 \u0441\u043e\u0432\u0440\u0435\u043c\u0435\u043d\u043d\u043e\u043c \u0441\u0442\u0438\u043b\u0435.<br \/>\n\u0421\u0438\u0441\u0442\u0435\u043c\u0430 \u0440\u0430\u0441\u043a\u043b\u0430\u0434\u044b\u0432\u0430\u043d\u0438\u044f: \u0430\u0432\u0442\u043e\u043c\u0430\u0442\u0438\u0447\u0435\u0441\u043a\u0430\u044f \u0434\u043b\u044f \u043b\u0435\u0433\u043a\u043e\u0433\u043e \u0440\u0430\u0441\u043a\u043b\u0430\u0434\u044b\u0432\u0430\u043d\u0438\u044f \/ DL<\/p>","protected":false},"featured_media":240105,"comment_status":"open","ping_status":"closed","template":"","meta":[],"product_brand":[],"product_cat":[9133],"product_tag":[],"class_list":{"0":"post-240071","1":"product","2":"type-product","3":"status-publish","4":"has-post-thumbnail","6":"product_cat-grouped","8":"first","9":"instock","10":"shipping-taxable","11":"purchasable","12":"product-type-variable","13":"wvs-archive-product-wrapper"},"_links":{"self":[{"href":"https:\/\/baldumarket.lt\/ru\/wp-json\/wp\/v2\/product\/240071","targetHints":{"allow":["GET"]}}],"collection":[{"href":"https:\/\/baldumarket.lt\/ru\/wp-json\/wp\/v2\/product"}],"about":[{"href":"https:\/\/baldumarket.lt\/ru\/wp-json\/wp\/v2\/types\/product"}],"replies":[{"embeddable":true,"href":"https:\/\/baldumarket.lt\/ru\/wp-json\/wp\/v2\/comments?post=240071"}],"wp:featuredmedia":[{"embeddable":true,"href":"https:\/\/baldumarket.lt\/ru\/wp-json\/wp\/v2\/media\/240105"}],"wp:attachment":[{"href":"https:\/\/baldumarket.lt\/ru\/wp-json\/wp\/v2\/media?parent=240071"}],"wp:term":[{"taxonomy":"product_brand","embeddable":true,"href":"https:\/\/baldumarket.lt\/ru\/wp-json\/wp\/v2\/product_brand?post=240071"},{"taxonomy":"product_cat","embeddable":true,"href":"https:\/\/baldumarket.lt\/ru\/wp-json\/wp\/v2\/product_cat?post=240071"},{"taxonomy":"product_tag","embeddable":true,"href":"https:\/\/baldumarket.lt\/ru\/wp-json\/wp\/v2\/product_tag?post=240071"}],"curies":[{"name":"WP","href":"https:\/\/api.w.org\/{rel}","templated":true}]}}