{"id":236917,"date":"2025-12-30T16:34:20","date_gmt":"2025-12-30T13:34:20","guid":{"rendered":"https:\/\/baldumarket.lt\/?post_type=product&#038;p=236917"},"modified":"2026-02-03T23:06:28","modified_gmt":"2026-02-03T20:06:28","slug":"fotel-uszak-typ-196-bujany-gr2","status":"publish","type":"product","link":"https:\/\/baldumarket.lt\/ru\/product\/fotel-uszak-typ-196-bujany-gr2\/","title":{"rendered":"Supamoji k\u0117d\u0117 su atlo\u0161u, 196 \u0442\u0438\u043f\u043e, Gr2"},"content":{"rendered":"<p>\u041a\u043b\u0430\u0441\u0441\u0438\u0447\u0435\u0441\u043a\u043e\u0435 \u043a\u0440\u0435\u0441\u043b\u043e \u00ab\u0423\u0448\u0430\u043a\u0430\u00bb \u2014 \u044d\u0442\u043e \u0443\u0434\u043e\u0431\u043d\u044b\u0439 \u043f\u0440\u0435\u0434\u043c\u0435\u0442 \u043c\u044f\u0433\u043a\u043e\u0439 \u043c\u0435\u0431\u0435\u043b\u0438, \u043a\u043e\u0442\u043e\u0440\u044b\u0439 \u0432 \u043f\u043e\u0441\u043b\u0435\u0434\u043d\u0435\u0435 \u0432\u0440\u0435\u043c\u044f \u0441\u0442\u0430\u043b \u043d\u0435\u043e\u0442\u044a\u0435\u043c\u043b\u0435\u043c\u044b\u043c \u044d\u043b\u0435\u043c\u0435\u043d\u0442\u043e\u043c \u0434\u0438\u0437\u0430\u0439\u043d\u0430 \u043b\u044e\u0431\u043e\u0433\u043e \u0441\u043e\u0432\u0440\u0435\u043c\u0435\u043d\u043d\u043e\u0433\u043e \u0438\u043d\u0442\u0435\u0440\u044c\u0435\u0440\u0430.<br \/>\n\u0411\u043b\u0430\u0433\u043e\u0434\u0430\u0440\u044f \u0432\u043e\u0437\u043c\u043e\u0436\u043d\u043e\u0441\u0442\u0438 \u0437\u0430\u043a\u0430\u0437\u0430\u0442\u044c \u0435\u0433\u043e \u0432 \u044f\u0440\u043a\u0438\u0445 \u0446\u0432\u0435\u0442\u0430\u0445 \u0438 \u0441 \u0440\u0430\u0437\u043b\u0438\u0447\u043d\u044b\u043c\u0438 \u0443\u0437\u043e\u0440\u0430\u043c\u0438, \u043e\u043d \u0441\u0442\u0430\u043d\u0435\u0442 \u0437\u0430\u043c\u0435\u0442\u043d\u044b\u043c \u0438 \u0438\u043d\u0442\u0435\u0440\u0435\u0441\u043d\u044b\u043c \u0430\u043a\u0446\u0435\u043d\u0442\u043e\u043c \u0432 \u043b\u044e\u0431\u043e\u0439 \u043a\u043e\u043c\u043d\u0430\u0442\u0435.<br \/>\n\u041f\u043e\u0447\u0435\u043c\u0443 \u0441\u0442\u043e\u0438\u0442 \u043a\u0443\u043f\u0438\u0442\u044c \u043a\u0440\u0435\u0441\u043b\u043e Ushaka:<br \/>\n\u042d\u0442\u043e \u0441\u0438\u043c\u0432\u043e\u043b \u043c\u043e\u0434\u044b \u0438 \u044d\u043b\u0435\u0433\u0430\u043d\u0442\u043d\u043e\u0441\u0442\u0438.<br \/>\n\u042d\u0442\u043e \u043f\u043e\u0437\u0432\u043e\u043b\u0438\u0442 \u0432\u0430\u043c \u043a\u043e\u043c\u0444\u043e\u0440\u0442\u043d\u043e \u0440\u0430\u0441\u0441\u043b\u0430\u0431\u0438\u0442\u044c\u0441\u044f \u0441 \u043b\u044e\u0431\u0438\u043c\u043e\u0439 \u043a\u043d\u0438\u0433\u043e\u0439 \u0438\u043b\u0438 \u0437\u0430 \u043f\u0440\u043e\u0441\u043c\u043e\u0442\u0440\u043e\u043c \u0442\u0435\u043b\u0435\u0432\u0438\u0437\u043e\u0440\u0430.<br \/>\n\u041f\u043e\u043b\u044c\u0441\u043a\u0438\u0439 \u043f\u0440\u043e\u0434\u0443\u043a\u0442 100%.<br \/>\n\u042d\u0442\u043e \u0438\u0434\u0435\u0430\u043b\u044c\u043d\u0430\u044f \u043b\u0435\u0436\u0430\u043d\u043a\u0430 \u0434\u043b\u044f \u0432\u0430\u0448\u0435\u0439 \u043a\u043e\u0448\u043a\u0438 \u0438\u043b\u0438 \u0441\u043e\u0431\u0430\u043a\u0438.<br \/>\n\u042d\u0442\u043e \u043e\u0442\u043b\u0438\u0447\u043d\u0430\u044f \u0438\u0434\u0435\u044f \u0434\u043b\u044f \u043f\u043e\u0434\u0430\u0440\u043a\u0430.<br \/>\n\u041e\u0441\u043e\u0431\u0435\u043d\u043d\u043e\u0441\u0442\u0438 \u043a\u0440\u0435\u0441\u043b\u0430:<br \/>\n\u0412\u043e\u043b\u043d\u0438\u0441\u0442\u044b\u0435 \u043f\u0440\u0443\u0436\u0438\u043d\u044b.<br \/>\n\u041d\u043e\u0433\u0438 \u0441 \u0440\u0435\u043c\u0435\u0448\u043a\u0430\u043c\u0438 \u2013 \u043d\u0430\u0442\u0443\u0440\u0430\u043b\u044c\u043d\u043e\u0433\u043e, \u0431\u0435\u043b\u043e\u0433\u043e \u0438\u043b\u0438 \u0432\u0435\u043d\u0433\u0435 \u0446\u0432\u0435\u0442\u0430.<\/p>","protected":false},"excerpt":{"rendered":"<p>\u0428\u0438\u0440\u0438\u043d\u0430 [\u0441\u043c]: 85<br \/>\n\u0428\u0438\u0440\u0438\u043d\u0430 \u0441\u0438\u0434\u0435\u043d\u044c\u044f [\u0441\u043c]: 49<br \/>\n\u0412\u044b\u0441\u043e\u0442\u0430 [\u0441\u043c]: 103<br \/>\n\u0413\u043b\u0443\u0431\u0438\u043d\u0430 [\u0441\u043c]: 90<\/p>","protected":false},"featured_media":236969,"comment_status":"open","ping_status":"closed","template":"","meta":[],"product_brand":[],"product_cat":[9133],"product_tag":[],"class_list":{"0":"post-236917","1":"product","2":"type-product","3":"status-publish","4":"has-post-thumbnail","6":"product_cat-grouped","8":"first","9":"instock","10":"shipping-taxable","11":"purchasable","12":"product-type-variable","13":"wvs-archive-product-wrapper"},"_links":{"self":[{"href":"https:\/\/baldumarket.lt\/ru\/wp-json\/wp\/v2\/product\/236917","targetHints":{"allow":["GET"]}}],"collection":[{"href":"https:\/\/baldumarket.lt\/ru\/wp-json\/wp\/v2\/product"}],"about":[{"href":"https:\/\/baldumarket.lt\/ru\/wp-json\/wp\/v2\/types\/product"}],"replies":[{"embeddable":true,"href":"https:\/\/baldumarket.lt\/ru\/wp-json\/wp\/v2\/comments?post=236917"}],"wp:featuredmedia":[{"embeddable":true,"href":"https:\/\/baldumarket.lt\/ru\/wp-json\/wp\/v2\/media\/236969"}],"wp:attachment":[{"href":"https:\/\/baldumarket.lt\/ru\/wp-json\/wp\/v2\/media?parent=236917"}],"wp:term":[{"taxonomy":"product_brand","embeddable":true,"href":"https:\/\/baldumarket.lt\/ru\/wp-json\/wp\/v2\/product_brand?post=236917"},{"taxonomy":"product_cat","embeddable":true,"href":"https:\/\/baldumarket.lt\/ru\/wp-json\/wp\/v2\/product_cat?post=236917"},{"taxonomy":"product_tag","embeddable":true,"href":"https:\/\/baldumarket.lt\/ru\/wp-json\/wp\/v2\/product_tag?post=236917"}],"curies":[{"name":"WP","href":"https:\/\/api.w.org\/{rel}","templated":true}]}}