{"id":235339,"date":"2025-12-29T22:33:30","date_gmt":"2025-12-29T19:33:30","guid":{"rendered":"https:\/\/baldumarket.lt\/product\/kami-szafa-z-lustrem-2d2s-w-roznych-kolorach\/"},"modified":"2026-02-11T18:34:55","modified_gmt":"2026-02-11T15:34:55","slug":"kami-szafa-z-lustrem-2d2s-w-roznych-kolorach","status":"publish","type":"product","link":"https:\/\/baldumarket.lt\/ru\/product\/kami-szafa-z-lustrem-2d2s-w-roznych-kolorach\/","title":{"rendered":"KAMI spinta su veidrod\u017eiu, 2vnt., \u012fvairi\u0173 spalv\u0173"},"content":{"rendered":"<p>\u0412\u044b\u0441\u043e\u0442\u0430 \u0432 \u0441\u043c: 205,6 \u0441\u043c, \u0428\u0438\u0440\u0438\u043d\u0430 \u0432 \u0441\u043c: 80 \u0441\u043c, \u0413\u043b\u0443\u0431\u0438\u043d\u0430 \u0432 \u0441\u043c: 53,8 \u0441\u043c, \u0422\u0438\u043f \u0434\u0432\u0435\u0440\u0438: \u041e\u0442\u043a\u0440\u044b\u0432\u0430\u044e\u0449\u0430\u044f\u0441\u044f, \u041a\u043e\u043b\u0438\u0447\u0435\u0441\u0442\u0432\u043e \u0434\u0432\u0435\u0440\u0435\u0439: 2, \u041a\u043e\u043b\u0438\u0447\u0435\u0441\u0442\u0432\u043e \u044f\u0449\u0438\u043a\u043e\u0432: 2, \u0417\u0435\u0440\u043a\u0430\u043b\u0430: \u0414\u0430, \u0421\u0430\u043c\u043e\u0441\u0442\u043e\u044f\u0442\u0435\u043b\u044c\u043d\u0430\u044f \u0441\u0431\u043e\u0440\u043a\u0430: \u0414\u0430<br \/>\n\u0414\u0432\u0443\u0445\u0434\u0432\u0435\u0440\u043d\u044b\u0439 \u0448\u043a\u0430\u0444 KAMI \u0441 \u0437\u0435\u0440\u043a\u0430\u043b\u043e\u043c \u0438 \u0434\u0432\u0443\u043c\u044f \u0432\u044b\u0434\u0432\u0438\u0436\u043d\u044b\u043c\u0438 \u044f\u0449\u0438\u043a\u0430\u043c\u0438, \u0432 \u0440\u0430\u0437\u043b\u0438\u0447\u043d\u044b\u0445 \u0446\u0432\u0435\u0442\u043e\u0432\u044b\u0445 \u0440\u0435\u0448\u0435\u043d\u0438\u044f\u0445.<br \/>\n\u0414\u0432\u0443\u0441\u0442\u0432\u043e\u0440\u0447\u0430\u0442\u044b\u0439 \u0448\u043a\u0430\u0444 \u0441 \u0437\u0435\u0440\u043a\u0430\u043b\u043e\u043c \u0438 \u0434\u0432\u0443\u043c\u044f \u0432\u044b\u0434\u0432\u0438\u0436\u043d\u044b\u043c\u0438 \u044f\u0449\u0438\u043a\u0430\u043c\u0438.<br \/>\n\u042d\u0442\u043e\u0442 \u0441\u043e\u0432\u0440\u0435\u043c\u0435\u043d\u043d\u044b\u0439 \u0438 \u0444\u0443\u043d\u043a\u0446\u0438\u043e\u043d\u0430\u043b\u044c\u043d\u044b\u0439 \u0448\u043a\u0430\u0444 \u0440\u0430\u0437\u043c\u0435\u0440\u043e\u043c 80 \u0441\u043c \u0432 \u0448\u0438\u0440\u0438\u043d\u0443, 205,6 \u0441\u043c \u0432 \u0432\u044b\u0441\u043e\u0442\u0443 \u0438 53,8 \u0441\u043c \u0432 \u0433\u043b\u0443\u0431\u0438\u043d\u0443 \u0438\u0434\u0435\u0430\u043b\u044c\u043d\u043e \u043f\u043e\u0434\u043e\u0439\u0434\u0435\u0442 \u0434\u043b\u044f \u043b\u044e\u0431\u043e\u0439 \u0441\u043f\u0430\u043b\u044c\u043d\u0438, \u0433\u0430\u0440\u0434\u0435\u0440\u043e\u0431\u043d\u043e\u0439 \u0438\u043b\u0438 \u043f\u0440\u0438\u0445\u043e\u0436\u0435\u0439. \u0412\u043d\u0443\u0442\u0440\u0435\u043d\u043d\u0435\u0435 \u043f\u0440\u043e\u0441\u0442\u0440\u0430\u043d\u0441\u0442\u0432\u043e \u0448\u043a\u0430\u0444\u0430 \u0441\u043f\u0440\u043e\u0435\u043a\u0442\u0438\u0440\u043e\u0432\u0430\u043d\u043e \u0441 \u0443\u0447\u0435\u0442\u043e\u043c \u043c\u0430\u043a\u0441\u0438\u043c\u0430\u043b\u044c\u043d\u043e\u0433\u043e \u0443\u0434\u043e\u0431\u0441\u0442\u0432\u0430 \u0438\u0441\u043f\u043e\u043b\u044c\u0437\u043e\u0432\u0430\u043d\u0438\u044f: \u0441 \u043e\u0434\u043d\u043e\u0439 \u0441\u0442\u043e\u0440\u043e\u043d\u044b \u0440\u0430\u0441\u043f\u043e\u043b\u043e\u0436\u0435\u043d\u044b \u043f\u0440\u0430\u043a\u0442\u0438\u0447\u043d\u044b\u0435 \u043f\u043e\u043b\u043a\u0438 \u0434\u043b\u044f \u0445\u0440\u0430\u043d\u0435\u043d\u0438\u044f \u043e\u0434\u0435\u0436\u0434\u044b, \u0430\u043a\u0441\u0435\u0441\u0441\u0443\u0430\u0440\u043e\u0432 \u0438\u043b\u0438 \u043f\u043e\u0441\u0442\u0435\u043b\u044c\u043d\u043e\u0433\u043e \u0431\u0435\u043b\u044c\u044f, \u0430 \u0441 \u0434\u0440\u0443\u0433\u043e\u0439 \u2014 \u0448\u0442\u0430\u043d\u0433\u0430 \u0434\u043b\u044f \u0432\u0435\u0448\u0430\u043b\u043e\u043a, \u043f\u043e\u0437\u0432\u043e\u043b\u044f\u044e\u0449\u0430\u044f \u0445\u0440\u0430\u043d\u0438\u0442\u044c \u0434\u043b\u0438\u043d\u043d\u044b\u0435 \u0432\u0435\u0449\u0438.<br \/>\n\u0414\u043e\u043f\u043e\u043b\u043d\u0438\u0442\u0435\u043b\u044c\u043d\u044b\u043c \u043f\u0440\u0435\u0438\u043c\u0443\u0449\u0435\u0441\u0442\u0432\u043e\u043c \u044f\u0432\u043b\u044f\u044e\u0442\u0441\u044f \u0434\u0432\u0430 \u043f\u0440\u043e\u0441\u0442\u043e\u0440\u043d\u044b\u0445 \u0432\u044b\u0434\u0432\u0438\u0436\u043d\u044b\u0445 \u044f\u0449\u0438\u043a\u0430 \u0432 \u043d\u0438\u0436\u043d\u0435\u0439 \u0447\u0430\u0441\u0442\u0438 \u0448\u043a\u0430\u0444\u0430, \u0438\u0434\u0435\u0430\u043b\u044c\u043d\u043e \u043f\u043e\u0434\u0445\u043e\u0434\u044f\u0449\u0438\u0445 \u0434\u043b\u044f \u043d\u0438\u0436\u043d\u0435\u0433\u043e \u0431\u0435\u043b\u044c\u044f, \u0430\u043a\u0441\u0435\u0441\u0441\u0443\u0430\u0440\u043e\u0432 \u0438\u043b\u0438 \u0434\u0440\u0443\u0433\u0438\u0445 \u043c\u0435\u043b\u043a\u0438\u0445 \u043f\u0440\u0435\u0434\u043c\u0435\u0442\u043e\u0432. \u0417\u0435\u0440\u043a\u0430\u043b\u043e \u043d\u0430 \u043e\u0434\u043d\u043e\u0439 \u0438\u0437 \u043f\u0435\u0440\u0435\u0434\u043d\u0438\u0445 \u043f\u0430\u043d\u0435\u043b\u0435\u0439 \u043d\u0435 \u0442\u043e\u043b\u044c\u043a\u043e \u043e\u0431\u043b\u0435\u0433\u0447\u0430\u0435\u0442 \u043f\u043e\u0432\u0441\u0435\u0434\u043d\u0435\u0432\u043d\u044b\u0435 \u043f\u0440\u0438\u0433\u043e\u0442\u043e\u0432\u043b\u0435\u043d\u0438\u044f, \u043d\u043e \u0438 \u0432\u0438\u0437\u0443\u0430\u043b\u044c\u043d\u043e \u0440\u0430\u0441\u0448\u0438\u0440\u044f\u0435\u0442 \u043f\u0440\u043e\u0441\u0442\u0440\u0430\u043d\u0441\u0442\u0432\u043e. \u0428\u043a\u0430\u0444 \u0434\u043e\u0441\u0442\u0443\u043f\u0435\u043d \u0432 \u0440\u0430\u0437\u043b\u0438\u0447\u043d\u044b\u0445 \u0446\u0432\u0435\u0442\u043e\u0432\u044b\u0445 \u0441\u043e\u0447\u0435\u0442\u0430\u043d\u0438\u044f\u0445 \u0438 \u0432\u0430\u0440\u0438\u0430\u043d\u0442\u0430\u0445 \u0434\u0438\u0437\u0430\u0439\u043d\u0430, \u0447\u0442\u043e \u043f\u043e\u0437\u0432\u043e\u043b\u044f\u0435\u0442 \u0435\u043c\u0443 \u0438\u0434\u0435\u0430\u043b\u044c\u043d\u043e \u0432\u043f\u0438\u0441\u0430\u0442\u044c\u0441\u044f \u0432 \u043b\u044e\u0431\u043e\u0439 \u0438\u043d\u0442\u0435\u0440\u044c\u0435\u0440.<br \/>\n\u0425\u0430\u0440\u0430\u043a\u0442\u0435\u0440\u0438\u0441\u0442\u0438\u043a\u0438 \u043f\u0440\u043e\u0434\u0443\u043a\u0442\u0430:<br \/>\n\u0413\u0430\u0431\u0430\u0440\u0438\u0442\u044b: \u0448\u0438\u0440\u0438\u043d\u0430 80 \u0441\u043c, \u0432\u044b\u0441\u043e\u0442\u0430 205,6 \u0441\u043c, \u0433\u043b\u0443\u0431\u0438\u043d\u0430 53,8 \u0441\u043c.<br \/>\n2 \u0440\u0430\u0441\u043f\u0430\u0448\u043d\u044b\u0435 \u0434\u0432\u0435\u0440\u0438, \u043e\u0434\u043d\u0430 \u0438\u0437 \u043a\u043e\u0442\u043e\u0440\u044b\u0445 \u0441 \u0437\u0435\u0440\u043a\u0430\u043b\u043e\u043c.<br \/>\n\u041f\u0440\u043e\u0434\u0443\u043c\u0430\u043d\u043d\u0430\u044f \u0432\u043d\u0443\u0442\u0440\u0435\u043d\u043d\u044f\u044f \u043f\u043b\u0430\u043d\u0438\u0440\u043e\u0432\u043a\u0430: \u043f\u043e\u043b\u043a\u0438 + \u0432\u0435\u0448\u0430\u043b\u043a\u0430 \u0434\u043b\u044f \u043e\u0434\u0435\u0436\u0434\u044b.<br \/>\n2 \u043f\u0440\u0430\u043a\u0442\u0438\u0447\u043d\u044b\u0445, \u0432\u043c\u0435\u0441\u0442\u0438\u0442\u0435\u043b\u044c\u043d\u044b\u0445 \u044f\u0449\u0438\u043a\u0430<br \/>\n\u0421\u043e\u0432\u0440\u0435\u043c\u0435\u043d\u043d\u044b\u0439 \u0434\u0438\u0437\u0430\u0439\u043d \u0438 \u0448\u0438\u0440\u043e\u043a\u0438\u0439 \u0432\u044b\u0431\u043e\u0440 \u0446\u0432\u0435\u0442\u043e\u0432.<br \/>\n\u0418\u0434\u0435\u0430\u043b\u044c\u043d\u043e \u043f\u043e\u0434\u043e\u0439\u0434\u0435\u0442 \u0434\u043b\u044f \u0441\u043f\u0430\u043b\u044c\u043d\u0438, \u0433\u0430\u0440\u0434\u0435\u0440\u043e\u0431\u043d\u043e\u0439 \u0438\u043b\u0438 \u043f\u0440\u0438\u0445\u043e\u0436\u0435\u0439.<\/p>","protected":false},"excerpt":{"rendered":"<p>\u0412\u044b\u0441\u043e\u0442\u0430 \u0432 \u0441\u043c: 205,6<br \/>\n\u0428\u0438\u0440\u0438\u043d\u0430 \u0432 \u0441\u043c: 80<br \/>\n\u0413\u043b\u0443\u0431\u0438\u043d\u0430 \u0432 \u0441\u043c: 53,8<br \/>\n\u0422\u0438\u043f \u0434\u0432\u0435\u0440\u0438: \u041e\u0442\u043a\u0440\u044b\u0432\u0430\u044e\u0449\u0430\u044f\u0441\u044f<br \/>\n\u041a\u043e\u043b\u0438\u0447\u0435\u0441\u0442\u0432\u043e \u0434\u0432\u0435\u0440\u0435\u0439: 2<br \/>\n\u041a\u043e\u043b\u0438\u0447\u0435\u0441\u0442\u0432\u043e \u044f\u0449\u0438\u043a\u043e\u0432: 2<br \/>\n\u0417\u0435\u0440\u043a\u0430\u043b\u0430: \u0414\u0430<\/p>","protected":false},"featured_media":235340,"comment_status":"open","ping_status":"open","template":"","meta":[],"product_brand":[],"product_cat":[9339,2970,1177],"product_tag":[],"class_list":{"0":"post-235339","1":"product","2":"type-product","3":"status-publish","4":"has-post-thumbnail","6":"product_cat-furniture-collection-kami","7":"product_cat-mebelbos","8":"product_cat-wardrobes","10":"first","11":"instock","12":"purchasable","13":"product-type-simple"},"_links":{"self":[{"href":"https:\/\/baldumarket.lt\/ru\/wp-json\/wp\/v2\/product\/235339","targetHints":{"allow":["GET"]}}],"collection":[{"href":"https:\/\/baldumarket.lt\/ru\/wp-json\/wp\/v2\/product"}],"about":[{"href":"https:\/\/baldumarket.lt\/ru\/wp-json\/wp\/v2\/types\/product"}],"replies":[{"embeddable":true,"href":"https:\/\/baldumarket.lt\/ru\/wp-json\/wp\/v2\/comments?post=235339"}],"wp:featuredmedia":[{"embeddable":true,"href":"https:\/\/baldumarket.lt\/ru\/wp-json\/wp\/v2\/media\/235340"}],"wp:attachment":[{"href":"https:\/\/baldumarket.lt\/ru\/wp-json\/wp\/v2\/media?parent=235339"}],"wp:term":[{"taxonomy":"product_brand","embeddable":true,"href":"https:\/\/baldumarket.lt\/ru\/wp-json\/wp\/v2\/product_brand?post=235339"},{"taxonomy":"product_cat","embeddable":true,"href":"https:\/\/baldumarket.lt\/ru\/wp-json\/wp\/v2\/product_cat?post=235339"},{"taxonomy":"product_tag","embeddable":true,"href":"https:\/\/baldumarket.lt\/ru\/wp-json\/wp\/v2\/product_tag?post=235339"}],"curies":[{"name":"WP","href":"https:\/\/api.w.org\/{rel}","templated":true}]}}