{"id":234790,"date":"2025-12-29T22:18:55","date_gmt":"2025-12-29T19:18:55","guid":{"rendered":"https:\/\/baldumarket.lt\/product\/wood-szafa-4d-dab-craft-zloty\/"},"modified":"2026-04-07T18:19:22","modified_gmt":"2026-04-07T15:19:22","slug":"wood-szafa-4d-dab-craft-zloty","status":"publish","type":"product","link":"https:\/\/baldumarket.lt\/ru\/product\/wood-szafa-4d-dab-craft-zloty\/","title":{"rendered":"MEDIN\u0116 spinta, 4d, \u0105\u017euolo spalvos, auksin\u0117"},"content":{"rendered":"<p>\u0414\u0435\u0440\u0435\u0432\u044f\u043d\u043d\u044b\u0439 \u0447\u0435\u0442\u044b\u0440\u0435\u0445\u0434\u0432\u0435\u0440\u043d\u044b\u0439 \u0448\u043a\u0430\u0444 \u0438\u0437 \u0437\u043e\u043b\u043e\u0442\u0438\u0441\u0442\u043e\u0433\u043e \u0434\u0443\u0431\u0430.<br \/>\n\u042d\u0442\u043e\u0442 \u0447\u0435\u0442\u044b\u0440\u0435\u0445\u0434\u0432\u0435\u0440\u043d\u044b\u0439 \u0448\u043a\u0430\u0444 \u043e\u0441\u043d\u0430\u0449\u0435\u043d \u043f\u043e\u043b\u043a\u043e\u0439 \u0438 \u0448\u0442\u0430\u043d\u0433\u043e\u0439 \u0434\u043b\u044f \u0432\u0435\u0448\u0430\u043b\u043e\u043a. \u0428\u043a\u0430\u0444 WOOD \u0438\u043c\u0435\u0435\u0442 \u043e\u0442\u0434\u0435\u043b\u0435\u043d\u0438\u0435 \u0434\u043b\u044f \u0445\u0440\u0430\u043d\u0435\u043d\u0438\u044f \u0432\u0435\u0449\u0435\u0439 \u0432 \u043d\u0438\u0436\u043d\u0435\u0439 \u0447\u0430\u0441\u0442\u0438, \u0430 \u0432 \u0432\u0435\u0440\u0445\u043d\u0435\u0439 \u0447\u0430\u0441\u0442\u0438 \u0440\u0430\u0441\u043f\u043e\u043b\u043e\u0436\u0435\u043d\u044b \u043f\u043e\u043b\u043a\u0430 \u0438 \u0448\u0442\u0430\u043d\u0433\u0430 \u0434\u043b\u044f \u0432\u0435\u0448\u0430\u043b\u043e\u043a. \u042d\u0442\u043e\u0442 \u043f\u0440\u0435\u0434\u043c\u0435\u0442 \u043c\u0435\u0431\u0435\u043b\u0438 \u0438\u0434\u0435\u0430\u043b\u044c\u043d\u043e \u043f\u043e\u0434\u0445\u043e\u0434\u0438\u0442 \u0434\u043b\u044f \u0445\u0440\u0430\u043d\u0435\u043d\u0438\u044f \u043e\u0434\u0435\u0436\u0434\u044b \u0432 \u0441\u043f\u0430\u043b\u044c\u043d\u0435, \u0434\u0435\u0442\u0441\u043a\u043e\u0439 \u043a\u043e\u043c\u043d\u0430\u0442\u0435, \u0433\u0430\u0440\u0434\u0435\u0440\u043e\u0431\u043d\u043e\u0439 \u0438\u043b\u0438 \u043f\u0440\u0438\u0445\u043e\u0436\u0435\u0439. \u041f\u043e\u043c\u0438\u043c\u043e \u043e\u0434\u0435\u0436\u0434\u044b, \u0432 \u0447\u0435\u0442\u044b\u0440\u0435\u0445\u0434\u0432\u0435\u0440\u043d\u043e\u043c \u0448\u043a\u0430\u0444\u0443 WOOD \u043c\u043e\u0436\u043d\u043e \u0445\u0440\u0430\u043d\u0438\u0442\u044c \u043e\u0431\u0443\u0432\u044c, \u0430\u043a\u0441\u0435\u0441\u0441\u0443\u0430\u0440\u044b \u0438 \u043f\u043e\u0441\u0442\u0435\u043b\u044c\u043d\u043e\u0435 \u0431\u0435\u043b\u044c\u0435.<br \/>\n\u0427\u0435\u0440\u043d\u044b\u0435 \u0430\u043a\u0446\u0435\u043d\u0442\u044b \u043f\u043e\u0434\u0447\u0435\u0440\u043a\u0438\u0432\u0430\u044e\u0442 \u043a\u0440\u0430\u0441\u043e\u0442\u0443 \u0437\u043e\u043b\u043e\u0442\u0438\u0441\u0442\u043e\u0433\u043e \u0434\u0443\u0431\u0430 \u0440\u0443\u0447\u043d\u043e\u0439 \u0440\u0430\u0431\u043e\u0442\u044b.<br \/>\n\u0421\u043e\u0432\u0440\u0435\u043c\u0435\u043d\u043d\u044b\u0439 \u0441\u0442\u0438\u043b\u044c \u0441\u043e\u0447\u0435\u0442\u0430\u0435\u0442 \u0432 \u0441\u0435\u0431\u0435 \u043a\u043b\u0430\u0441\u0441\u0438\u0447\u0435\u0441\u043a\u0443\u044e \u0434\u0440\u0435\u0432\u0435\u0441\u0438\u043d\u0443 \u0441 \u0438\u043d\u0434\u0443\u0441\u0442\u0440\u0438\u0430\u043b\u044c\u043d\u044b\u043c\u0438 \u043c\u0435\u0442\u0430\u043b\u043b\u0438\u0447\u0435\u0441\u043a\u0438\u043c\u0438 \u0430\u043a\u0446\u0435\u043d\u0442\u0430\u043c\u0438.<br \/>\n\u00a0 \u041c\u0430\u0441\u0441\u0438\u0432\u043d\u0430\u044f \u0438 \u043f\u0440\u043e\u0447\u043d\u0430\u044f \u043c\u0435\u0431\u0435\u043b\u044c, \u0438\u0434\u0435\u0430\u043b\u044c\u043d\u043e \u043f\u043e\u0434\u0445\u043e\u0434\u044f\u0449\u0430\u044f \u0434\u043b\u044f \u0442\u0435\u0445, \u043a\u0442\u043e \u0446\u0435\u043d\u0438\u0442 \u0441\u043e\u0432\u0440\u0435\u043c\u0435\u043d\u043d\u044b\u0435 \u0440\u0435\u0448\u0435\u043d\u0438\u044f.<br \/>\n\u00a0 \u041f\u043e\u0434\u0441\u0432\u0435\u0442\u043a\u0430 \u043f\u043e\u043b\u043e\u043a \u0432\u043d\u0443\u0442\u0440\u0438 \u0432\u0438\u0442\u0440\u0438\u043d \u044f\u0432\u043b\u044f\u0435\u0442\u0441\u044f \u0434\u043e\u043f\u043e\u043b\u043d\u0438\u0442\u0435\u043b\u044c\u043d\u043e\u0439 \u043e\u043f\u0446\u0438\u0435\u0439.<br \/>\n\u00a0 \u041c\u0438\u043d\u0438\u043c\u0430\u043b\u0438\u0441\u0442\u0438\u0447\u043d\u044b\u0435 \u0440\u0443\u0447\u043a\u0438 \u0442\u0430\u043a\u0436\u0435 \u0432\u044b\u043f\u043e\u043b\u043d\u044f\u044e\u0442 \u0434\u0435\u043a\u043e\u0440\u0430\u0442\u0438\u0432\u043d\u0443\u044e \u0444\u0443\u043d\u043a\u0446\u0438\u044e.<br \/>\n\u0420\u0443\u0447\u043a\u0438: \u043c\u0435\u0442\u0430\u043b\u043b\u0438\u0447\u0435\u0441\u043a\u0438\u0435, \u0442\u043e\u0447\u0435\u0447\u043d\u044b\u0435, \u0447\u0435\u0440\u043d\u044b\u0435<br \/>\n\u0412\u0435\u0440\u0445\u043d\u044f\u044f \u0447\u0430\u0441\u0442\u044c: \u043b\u0430\u043c\u0438\u043d\u0438\u0440\u043e\u0432\u0430\u043d\u043d\u0430\u044f \u043c\u0435\u0431\u0435\u043b\u044c\u043d\u0430\u044f \u043f\u043b\u0438\u0442\u0430, \u043a\u0440\u043e\u043c\u043a\u0430 \u0438\u0437 \u041f\u0412\u0425.<br \/>\n\u0412\u044b\u0434\u0432\u0438\u0436\u043d\u044b\u0435 \u044f\u0449\u0438\u043a\u0438: \u0442\u0435\u043b\u0435\u0441\u043a\u043e\u043f\u0438\u0447\u0435\u0441\u043a\u0438\u0435 \u043d\u0430\u043f\u0440\u0430\u0432\u043b\u044f\u044e\u0449\u0438\u0435<br \/>\n\u041a\u043e\u0440\u043f\u0443\u0441: \u043b\u0430\u043c\u0438\u043d\u0438\u0440\u043e\u0432\u0430\u043d\u043d\u0430\u044f \u043c\u0435\u0431\u0435\u043b\u044c\u043d\u0430\u044f \u043f\u043b\u0438\u0442\u0430, \u043a\u0440\u043e\u043c\u043a\u0430 \u0438\u0437 \u041f\u0412\u0425.<br \/>\n\u0424\u0430\u0441\u0430\u0434\u044b: \u043b\u0430\u043c\u0438\u043d\u0438\u0440\u043e\u0432\u0430\u043d\u043d\u0430\u044f \u043c\u0435\u0431\u0435\u043b\u044c\u043d\u0430\u044f \u043f\u043b\u0438\u0442\u0430, \u043a\u0440\u043e\u043c\u043a\u0430 \u0438\u0437 \u041f\u0412\u0425.<br \/>\n\u041d\u043e\u0436\u043a\u0438: \u043c\u0435\u0431\u0435\u043b\u044c\u043d\u0430\u044f \u0434\u043e\u0441\u043a\u0430<br \/>\n\u0426\u0432\u0435\u0442: \u0437\u043e\u043b\u043e\u0442\u0438\u0441\u0442\u044b\u0439 \u0434\u0443\u0431\/\u0447\u0435\u0440\u043d\u044b\u0439<br \/>\n\u041b\u044e\u0431\u0438\u0442\u0435\u043b\u0438 \u0434\u0438\u0437\u0430\u0439\u043d\u0430 \u0438\u043d\u0442\u0435\u0440\u044c\u0435\u0440\u043e\u0432 \u0434\u0435\u043b\u044f\u0442\u0441\u044f \u043d\u0430 \u0442\u0435\u0445, \u043a\u0442\u043e \u043e\u0431\u043e\u0436\u0430\u0435\u0442 \u043a\u043e\u043c\u043d\u0430\u0442\u044b \u0441 \u0442\u0451\u043f\u043b\u043e\u0439 \u043e\u0442\u0434\u0435\u043b\u043a\u043e\u0439, \u0438 \u0442\u0435\u0445, \u043a\u0442\u043e \u043f\u0440\u0435\u0434\u043f\u043e\u0447\u0438\u0442\u0430\u0435\u0442 \u0445\u043e\u043b\u043e\u0434\u043d\u044b\u0435 \u0442\u043e\u043d\u0430. \u041a\u043e\u043b\u043b\u0435\u043a\u0446\u0438\u044f WOOD \u2014 \u043d\u0430\u0441\u0442\u043e\u044f\u0449\u0430\u044f \u0436\u0435\u043c\u0447\u0443\u0436\u0438\u043d\u0430, \u0441\u043f\u043e\u0441\u043e\u0431\u043d\u0430\u044f \u043e\u0436\u0438\u0432\u0438\u0442\u044c \u043b\u044e\u0431\u043e\u0439 \u0434\u0435\u043a\u043e\u0440. \u0421\u043e\u0447\u0435\u0442\u0430\u043d\u0438\u0435 \u0437\u043e\u043b\u043e\u0442\u0438\u0441\u0442\u043e\u0433\u043e \u0434\u0443\u0431\u0430 \u0438 \u0447\u0451\u0440\u043d\u043e\u0433\u043e \u0446\u0432\u0435\u0442\u0430 \u0441\u043e\u0437\u0434\u0430\u0451\u0442 \u043f\u043e\u0442\u0440\u044f\u0441\u0430\u044e\u0449\u0438\u0439 \u044d\u0444\u0444\u0435\u043a\u0442, \u043f\u0440\u0438\u0434\u0430\u0432\u0430\u044f \u0438\u043d\u0442\u0435\u0440\u044c\u0435\u0440\u0443 \u044d\u043b\u0435\u0433\u0430\u043d\u0442\u043d\u043e\u0441\u0442\u044c, \u043d\u0435 \u0442\u0435\u0440\u044f\u044f \u043f\u0440\u0438 \u044d\u0442\u043e\u043c \u0443\u044e\u0442\u0430. \u041f\u0440\u043e\u0441\u0442\u0430\u044f \u0444\u043e\u0440\u043c\u0430 \u0438 \u043c\u0438\u043d\u0438\u043c\u0430\u043b\u0438\u0441\u0442\u0438\u0447\u043d\u044b\u0435 \u0440\u0443\u0447\u043a\u0438 \u043f\u043e\u0434\u0447\u0451\u0440\u043a\u0438\u0432\u0430\u044e\u0442 \u043e\u0442\u0442\u0435\u043d\u043e\u043a \u0434\u0443\u0431\u043e\u0432\u043e\u0433\u043e \u0440\u0438\u0441\u0443\u043d\u043a\u0430. \u042d\u043b\u0435\u043c\u0435\u043d\u0442\u044b \u0432\u0438\u0442\u0440\u0438\u043d\u044b \u0434\u043e\u0431\u0430\u0432\u043b\u044f\u044e\u0442 \u043b\u0451\u0433\u043a\u043e\u0441\u0442\u0438 \u043c\u0430\u0441\u0441\u0438\u0432\u043d\u043e\u0439 \u043a\u043e\u043d\u0441\u0442\u0440\u0443\u043a\u0446\u0438\u0438 \u043c\u0435\u0431\u0435\u043b\u0438 \u0438 \u043f\u043e\u0437\u0432\u043e\u043b\u044f\u044e\u0442 \u0434\u0435\u043c\u043e\u043d\u0441\u0442\u0440\u0438\u0440\u043e\u0432\u0430\u0442\u044c \u0434\u0435\u043a\u043e\u0440\u0430\u0442\u0438\u0432\u043d\u044b\u0435 \u043f\u0440\u0435\u0434\u043c\u0435\u0442\u044b, \u043a\u043e\u0442\u043e\u0440\u044b\u0435 \u0431\u043b\u0430\u0433\u043e\u0434\u0430\u0440\u044f \u0434\u043e\u043f\u043e\u043b\u043d\u0438\u0442\u0435\u043b\u044c\u043d\u043e\u0439 \u0432\u043d\u0443\u0442\u0440\u0435\u043d\u043d\u0435\u0439 \u043f\u043e\u0434\u0441\u0432\u0435\u0442\u043a\u0435 \u043f\u0440\u0438\u043e\u0431\u0440\u0435\u0442\u0430\u044e\u0442 \u043d\u0435\u043f\u043e\u0432\u0442\u043e\u0440\u0438\u043c\u044b\u0439 \u0432\u0438\u0434.<\/p>","protected":false},"excerpt":{"rendered":"<p>\u041a\u043e\u043b\u043b\u0435\u043a\u0446\u0438\u044f: \u0414\u0415\u0420\u0415\u0412\u041e<br \/>\n\u0428\u0438\u0440\u0438\u043d\u0430 \u0432 \u0441\u043c: 90<br \/>\n\u0412\u044b\u0441\u043e\u0442\u0430 \u0432 \u0441\u043c: 195,5<br \/>\n\u0413\u043b\u0443\u0431\u0438\u043d\u0430 \u0432 \u0441\u043c: 55<br \/>\n\u041a\u043e\u043b\u0438\u0447\u0435\u0441\u0442\u0432\u043e \u0434\u0432\u0435\u0440\u0435\u0439: 4<\/p>","protected":false},"featured_media":234791,"comment_status":"open","ping_status":"open","template":"","meta":[],"product_brand":[],"product_cat":[9347,2970,1177],"product_tag":[],"class_list":{"0":"post-234790","1":"product","2":"type-product","3":"status-publish","4":"has-post-thumbnail","6":"product_cat-furniture-collection-wood","7":"product_cat-mebelbos","8":"product_cat-wardrobes","10":"first","11":"instock","12":"purchasable","13":"product-type-simple"},"_links":{"self":[{"href":"https:\/\/baldumarket.lt\/ru\/wp-json\/wp\/v2\/product\/234790","targetHints":{"allow":["GET"]}}],"collection":[{"href":"https:\/\/baldumarket.lt\/ru\/wp-json\/wp\/v2\/product"}],"about":[{"href":"https:\/\/baldumarket.lt\/ru\/wp-json\/wp\/v2\/types\/product"}],"replies":[{"embeddable":true,"href":"https:\/\/baldumarket.lt\/ru\/wp-json\/wp\/v2\/comments?post=234790"}],"wp:featuredmedia":[{"embeddable":true,"href":"https:\/\/baldumarket.lt\/ru\/wp-json\/wp\/v2\/media\/234791"}],"wp:attachment":[{"href":"https:\/\/baldumarket.lt\/ru\/wp-json\/wp\/v2\/media?parent=234790"}],"wp:term":[{"taxonomy":"product_brand","embeddable":true,"href":"https:\/\/baldumarket.lt\/ru\/wp-json\/wp\/v2\/product_brand?post=234790"},{"taxonomy":"product_cat","embeddable":true,"href":"https:\/\/baldumarket.lt\/ru\/wp-json\/wp\/v2\/product_cat?post=234790"},{"taxonomy":"product_tag","embeddable":true,"href":"https:\/\/baldumarket.lt\/ru\/wp-json\/wp\/v2\/product_tag?post=234790"}],"curies":[{"name":"WP","href":"https:\/\/api.w.org\/{rel}","templated":true}]}}