{"id":231660,"date":"2025-12-29T01:48:18","date_gmt":"2025-12-28T22:48:18","guid":{"rendered":"https:\/\/baldumarket.lt\/product\/granero-szafka-rtv-old-wood\/"},"modified":"2026-02-11T18:36:10","modified_gmt":"2026-02-11T15:36:10","slug":"granero-szafka-rtv-old-wood","status":"publish","type":"product","link":"https:\/\/baldumarket.lt\/ru\/product\/granero-szafka-rtv-old-wood\/","title":{"rendered":"GRANERO senovin\u0117 medin\u0117 televizoriaus spintel\u0117"},"content":{"rendered":"<p>\u0422\u0443\u043c\u0431\u0430 \u043f\u043e\u0434 \u0442\u0435\u043b\u0435\u0432\u0438\u0437\u043e\u0440 GRANERO \u0441 \u0440\u0430\u0437\u0434\u0432\u0438\u0436\u043d\u044b\u043c\u0438 \u0434\u0432\u0435\u0440\u0446\u0430\u043c\u0438, \u043e\u0442\u0434\u0435\u043b\u043a\u0430 \u043f\u043e\u0434 \u0441\u043e\u0441\u0442\u0430\u0440\u0435\u043d\u043d\u043e\u0435 \u0434\u0435\u0440\u0435\u0432\u043e.<br \/>\n\u0422\u0443\u043c\u0431\u0430 \u043f\u043e\u0434 \u0442\u0435\u043b\u0435\u0432\u0438\u0437\u043e\u0440 GRANERO \u043e\u0442\u043b\u0438\u0447\u0430\u0435\u0442\u0441\u044f \u043a\u0440\u0430\u0441\u0438\u0432\u043e \u043e\u0431\u0440\u0430\u0431\u043e\u0442\u0430\u043d\u043d\u044b\u043c\u0438 \u0444\u0430\u0441\u0430\u0434\u0430\u043c\u0438, \u043a\u043e\u0442\u043e\u0440\u044b\u0435 \u043c\u043e\u0436\u043d\u043e \u0440\u0430\u0441\u043f\u043e\u043b\u043e\u0436\u0438\u0442\u044c \u043f\u043e \u0441\u0432\u043e\u0435\u043c\u0443 \u0443\u0441\u043c\u043e\u0442\u0440\u0435\u043d\u0438\u044e. \u0415\u0435 \u0432\u043d\u0435\u0448\u043d\u0438\u0439 \u0432\u0438\u0434 \u043d\u0430\u043f\u043e\u043c\u0438\u043d\u0430\u0435\u0442 \u043e\u0447\u0430\u0440\u043e\u0432\u0430\u0442\u0435\u043b\u044c\u043d\u044b\u0439 \u0432\u044b\u0441\u043e\u043a\u043e\u0433\u043e\u0440\u043d\u044b\u0439 \u043a\u043e\u0442\u0442\u0435\u0434\u0436.<br \/>\n\u041c\u0430\u0442\u0435\u0440\u0438\u0430\u043b:<br \/>\n\u041a\u043e\u0440\u043f\u0443\u0441: \u043b\u0430\u043c\u0438\u043d\u0438\u0440\u043e\u0432\u0430\u043d\u043d\u0430\u044f \u0414\u0421\u041f \u0442\u043e\u043b\u0449\u0438\u043d\u043e\u0439 16 \u043c\u043c.<br \/>\n\u0424\u0430\u0441\u0430\u0434\u044b: \u043f\u043b\u0438\u0442\u0430 \u041c\u0414\u0424 \u0442\u043e\u043b\u0449\u0438\u043d\u043e\u0439 16 \u043c\u043c \u0441 \u0444\u0440\u0435\u0437\u0435\u0440\u043e\u0432\u0430\u043d\u043d\u043e\u0439 \u041f\u0412\u0425-\u043f\u043b\u0435\u043d\u043a\u043e\u0439.<br \/>\n\u0420\u0443\u0447\u043a\u0438: \u043e\u0442\u0441\u0443\u0442\u0441\u0442\u0432\u0443\u044e\u0442, \u0440\u0430\u0437\u0434\u0432\u0438\u0436\u043d\u0430\u044f \u0441\u0438\u0441\u0442\u0435\u043c\u0430 LOFT LAGUNA.<br \/>\n\u041e\u043f\u0438\u0441\u0430\u043d\u0438\u0435 \u043f\u0440\u043e\u0434\u0443\u043a\u0442\u0430:<br \/>\n\u0414\u0432\u0435 \u0440\u0430\u0437\u0434\u0432\u0438\u0436\u043d\u044b\u0435 \u043f\u0435\u0440\u0435\u0434\u043d\u0438\u0435 \u043f\u0430\u043d\u0435\u043b\u0438<br \/>\n\u0413\u043b\u044f\u043d\u0446\u0435\u0432\u044b\u0435 \u0444\u0430\u0441\u0430\u0434\u044b<br \/>\n\u041e\u0434\u043d\u0430 \u043f\u043e\u043b\u043a\u0430 \u0432\u043d\u0443\u0442\u0440\u0438<br \/>\n\u041e\u0434\u043d\u043e \u043e\u0442\u043a\u0440\u044b\u0442\u043e\u0435 \u043e\u0442\u0434\u0435\u043b\u0435\u043d\u0438\u0435<\/p>","protected":false},"excerpt":{"rendered":"<p>\u0412\u044b\u0441\u043e\u0442\u0430 \u0432 \u0441\u043c: 56,7<br \/>\n\u0428\u0438\u0440\u0438\u043d\u0430 \u0432 \u0441\u043c: 200<br \/>\n\u0413\u043b\u0443\u0431\u0438\u043d\u0430 \u0432 \u0441\u043c: 35<br \/>\n\u041a\u043e\u043b\u0438\u0447\u0435\u0441\u0442\u0432\u043e \u0434\u0432\u0435\u0440\u0435\u0439: 2<\/p>","protected":false},"featured_media":231661,"comment_status":"open","ping_status":"open","template":"","meta":[],"product_brand":[],"product_cat":[8388,1175],"product_tag":[],"class_list":{"0":"post-231660","1":"product","2":"type-product","3":"status-publish","4":"has-post-thumbnail","6":"product_cat-cama-meble","7":"product_cat-tv-stands","9":"first","10":"instock","11":"purchasable","12":"product-type-simple"},"_links":{"self":[{"href":"https:\/\/baldumarket.lt\/ru\/wp-json\/wp\/v2\/product\/231660","targetHints":{"allow":["GET"]}}],"collection":[{"href":"https:\/\/baldumarket.lt\/ru\/wp-json\/wp\/v2\/product"}],"about":[{"href":"https:\/\/baldumarket.lt\/ru\/wp-json\/wp\/v2\/types\/product"}],"replies":[{"embeddable":true,"href":"https:\/\/baldumarket.lt\/ru\/wp-json\/wp\/v2\/comments?post=231660"}],"wp:featuredmedia":[{"embeddable":true,"href":"https:\/\/baldumarket.lt\/ru\/wp-json\/wp\/v2\/media\/231661"}],"wp:attachment":[{"href":"https:\/\/baldumarket.lt\/ru\/wp-json\/wp\/v2\/media?parent=231660"}],"wp:term":[{"taxonomy":"product_brand","embeddable":true,"href":"https:\/\/baldumarket.lt\/ru\/wp-json\/wp\/v2\/product_brand?post=231660"},{"taxonomy":"product_cat","embeddable":true,"href":"https:\/\/baldumarket.lt\/ru\/wp-json\/wp\/v2\/product_cat?post=231660"},{"taxonomy":"product_tag","embeddable":true,"href":"https:\/\/baldumarket.lt\/ru\/wp-json\/wp\/v2\/product_tag?post=231660"}],"curies":[{"name":"WP","href":"https:\/\/api.w.org\/{rel}","templated":true}]}}