{"id":229152,"date":"2025-12-28T06:43:00","date_gmt":"2025-12-28T03:43:00","guid":{"rendered":"https:\/\/baldumarket.lt\/product\/lozko-pietrowe-dzieciece-mlodziezowe-2-osobowe-80x200-evest-craft-zl-gra-b\/"},"modified":"2026-02-11T18:36:43","modified_gmt":"2026-02-11T15:36:43","slug":"lozko-pietrowe-dzieciece-mlodziezowe-2-osobowe-80x200-evest-craft-zl-gra-b","status":"publish","type":"product","link":"https:\/\/baldumarket.lt\/ru\/product\/lozko-pietrowe-dzieciece-mlodziezowe-2-osobowe-80x200-evest-craft-zl-gra-b\/","title":{"rendered":"Vaik\u0173 jaunimo dviauk\u0161t\u0117 lova 2 asmenims 80\u00d7200 EVEST Craft PLN \u0438\u0433\u0440\u0430 b"},"content":{"rendered":"<p>\u0414\u0432\u0443\u0445\u044a\u044f\u0440\u0443\u0441\u043d\u0430\u044f \u043a\u0440\u043e\u0432\u0430\u0442\u044c EVEST \u0431\u0435\u0437 \u043c\u0430\u0442\u0440\u0430\u0441\u043e\u0432, 80\u00d7200 \u0441\u043c. \u0414\u043e\u0441\u043a\u0430 16 \u043c\u043c, \u043a\u0440\u043e\u043c\u043a\u0430 \u0438\u0437 ABS-\u043f\u043b\u0430\u0441\u0442\u0438\u043a\u0430, \u043c\u0430\u043a\u0441\u0438\u043c\u0430\u043b\u044c\u043d\u0430\u044f \u0432\u044b\u0441\u043e\u0442\u0430 \u043c\u0430\u0442\u0440\u0430\u0441\u0430 12 \u0441\u043c. \u0426\u0432\u0435\u0442: \u0437\u043e\u043b\u043e\u0442\u0438\u0441\u0442\u044b\u0439 \u0434\u0443\u0431 \/ \u043a\u043e\u0440\u0438\u0447\u043d\u0435\u0432\u044b\u0439 \u0413\u0440\u0430\u043d\u0430\u0434\u0430.<\/p>","protected":false},"excerpt":{"rendered":"<p>\u0428\u0438\u0440\u0438\u043d\u0430 [\u0441\u043c]: 204<br \/>\n\u0412\u044b\u0441\u043e\u0442\u0430 [\u0441\u043c]: 166<br \/>\n\u0413\u043b\u0443\u0431\u0438\u043d\u0430 [\u0441\u043c]: 100<br \/>\n\u0421\u043f\u0430\u043b\u044c\u043d\u0430\u044f \u043f\u043b\u043e\u0449\u0430\u0434\u044c [\u0441\u043c]: 80 x 200<br \/>\n\u0412\u0435\u0441 [\u043a\u0433]: 147<\/p>","protected":false},"featured_media":229153,"comment_status":"open","ping_status":"open","template":"","meta":[],"product_brand":[],"product_cat":[505,8386],"product_tag":[],"class_list":{"0":"post-229152","1":"product","2":"type-product","3":"status-publish","4":"has-post-thumbnail","6":"product_cat-bedroom-beds","7":"product_cat-meblocross","9":"first","10":"instock","11":"purchasable","12":"product-type-simple"},"_links":{"self":[{"href":"https:\/\/baldumarket.lt\/ru\/wp-json\/wp\/v2\/product\/229152","targetHints":{"allow":["GET"]}}],"collection":[{"href":"https:\/\/baldumarket.lt\/ru\/wp-json\/wp\/v2\/product"}],"about":[{"href":"https:\/\/baldumarket.lt\/ru\/wp-json\/wp\/v2\/types\/product"}],"replies":[{"embeddable":true,"href":"https:\/\/baldumarket.lt\/ru\/wp-json\/wp\/v2\/comments?post=229152"}],"wp:featuredmedia":[{"embeddable":true,"href":"https:\/\/baldumarket.lt\/ru\/wp-json\/wp\/v2\/media\/229153"}],"wp:attachment":[{"href":"https:\/\/baldumarket.lt\/ru\/wp-json\/wp\/v2\/media?parent=229152"}],"wp:term":[{"taxonomy":"product_brand","embeddable":true,"href":"https:\/\/baldumarket.lt\/ru\/wp-json\/wp\/v2\/product_brand?post=229152"},{"taxonomy":"product_cat","embeddable":true,"href":"https:\/\/baldumarket.lt\/ru\/wp-json\/wp\/v2\/product_cat?post=229152"},{"taxonomy":"product_tag","embeddable":true,"href":"https:\/\/baldumarket.lt\/ru\/wp-json\/wp\/v2\/product_tag?post=229152"}],"curies":[{"name":"WP","href":"https:\/\/api.w.org\/{rel}","templated":true}]}}