{"id":229098,"date":"2025-12-28T06:40:58","date_gmt":"2025-12-28T03:40:58","guid":{"rendered":"https:\/\/baldumarket.lt\/product\/lozko-pietrowe-dzieciece-mlodziezowe-antresola-eno-l-bialy-dab-sonoma\/"},"modified":"2026-05-04T13:40:03","modified_gmt":"2026-05-04T10:40:03","slug":"lozko-pietrowe-dzieciece-mlodziezowe-antresola-eno-l-bialy-dab-sonoma","status":"publish","type":"product","link":"https:\/\/baldumarket.lt\/ru\/product\/lozko-pietrowe-dzieciece-mlodziezowe-antresola-eno-l-bialy-dab-sonoma\/","title":{"rendered":"Vaiki\u0161ka dviauk\u0161t\u0117 lova jaunimui, \u043c\u0435\u0437\u043e\u043d\u0438\u043d\u044b ENO L, \u0431\u0430\u043b\u0442\u0430 \/ \u0441\u043e\u043d\u043e\u043c\u0430 \u0105\u017euolas"},"content":{"rendered":"<p>\u041c\u0435\u0437\u043e\u043d\u0438\u043d ENO L \u0431\u0435\u0437 \u043c\u0430\u0442\u0440\u0430\u0441\u0430. \u0414\u0421\u041f \u0442\u043e\u043b\u0449\u0438\u043d\u043e\u0439 16 \u043c\u043c, \u043a\u0440\u043e\u043c\u043a\u0430 \u0438\u0437 ABS-\u043f\u043b\u0430\u0441\u0442\u0438\u043a\u0430, \u0434\u043e\u0432\u043e\u0434\u0447\u0438\u043a\u0438 \u0432 \u044f\u0449\u0438\u043a\u0430\u0445 \u0438 \u0448\u043a\u0430\u0444\u0430\u0445, \u043c\u0430\u043a\u0441\u0438\u043c\u0430\u043b\u044c\u043d\u0430\u044f \u0432\u044b\u0441\u043e\u0442\u0430 \u043c\u0430\u0442\u0440\u0430\u0441\u0430 12 \u0441\u043c, \u0446\u0432\u0435\u0442: \u0431\u0435\u043b\u044b\u0439 \/ \u0434\u0443\u0431 \u0421\u043e\u043d\u043e\u043c\u0430.<\/p>","protected":false},"excerpt":{"rendered":"<p>\u0428\u0438\u0440\u0438\u043d\u0430 [\u0441\u043c]: 206<br \/>\n\u0412\u044b\u0441\u043e\u0442\u0430 [\u0441\u043c]: 138<br \/>\n\u0413\u043b\u0443\u0431\u0438\u043d\u0430 [\u0441\u043c]: 120<br \/>\n\u0421\u043f\u0430\u043b\u044c\u043d\u0430\u044f \u043f\u043b\u043e\u0449\u0430\u0434\u044c [\u0441\u043c]: 80 x 200<br \/>\n\u0412\u0435\u0441 [\u043a\u0433]: 198<\/p>","protected":false},"featured_media":229099,"comment_status":"open","ping_status":"open","template":"","meta":[],"product_brand":[],"product_cat":[10276,505,8386],"product_tag":[],"class_list":{"0":"post-229098","1":"product","2":"type-product","3":"status-publish","4":"has-post-thumbnail","6":"product_cat-bunk-beds-meblocross","7":"product_cat-bedroom-beds","8":"product_cat-meblocross","10":"first","11":"instock","12":"purchasable","13":"product-type-simple"},"_links":{"self":[{"href":"https:\/\/baldumarket.lt\/ru\/wp-json\/wp\/v2\/product\/229098","targetHints":{"allow":["GET"]}}],"collection":[{"href":"https:\/\/baldumarket.lt\/ru\/wp-json\/wp\/v2\/product"}],"about":[{"href":"https:\/\/baldumarket.lt\/ru\/wp-json\/wp\/v2\/types\/product"}],"replies":[{"embeddable":true,"href":"https:\/\/baldumarket.lt\/ru\/wp-json\/wp\/v2\/comments?post=229098"}],"wp:featuredmedia":[{"embeddable":true,"href":"https:\/\/baldumarket.lt\/ru\/wp-json\/wp\/v2\/media\/229099"}],"wp:attachment":[{"href":"https:\/\/baldumarket.lt\/ru\/wp-json\/wp\/v2\/media?parent=229098"}],"wp:term":[{"taxonomy":"product_brand","embeddable":true,"href":"https:\/\/baldumarket.lt\/ru\/wp-json\/wp\/v2\/product_brand?post=229098"},{"taxonomy":"product_cat","embeddable":true,"href":"https:\/\/baldumarket.lt\/ru\/wp-json\/wp\/v2\/product_cat?post=229098"},{"taxonomy":"product_tag","embeddable":true,"href":"https:\/\/baldumarket.lt\/ru\/wp-json\/wp\/v2\/product_tag?post=229098"}],"curies":[{"name":"WP","href":"https:\/\/api.w.org\/{rel}","templated":true}]}}