{"id":229032,"date":"2025-12-28T06:38:43","date_gmt":"2025-12-28T03:38:43","guid":{"rendered":"https:\/\/baldumarket.lt\/product\/lozko-pietrowe-z-biurkiem-szafa-narozna-antresola-flo-l-craft-bialy-grafit\/"},"modified":"2026-02-11T18:36:45","modified_gmt":"2026-02-11T15:36:45","slug":"lozko-pietrowe-z-biurkiem-szafa-narozna-antresola-flo-l-craft-bialy-grafit","status":"publish","type":"product","link":"https:\/\/baldumarket.lt\/ru\/product\/lozko-pietrowe-z-biurkiem-szafa-narozna-antresola-flo-l-craft-bialy-grafit\/","title":{"rendered":"Dviauk\u0161t\u0117 lova su stalu, kampin\u0117 spinta, antresol\u0117 FLO L Craft Baltas Grafitas"},"content":{"rendered":"<p>\u0410\u043d\u0442\u0440\u0435\u0441\u043e\u043b\u044c FLO L \u0431\u0435\u0437 \u043c\u0430\u0442\u0440\u0430\u0441\u0430 80\u00d7200, \u043f\u043b\u0438\u0442\u0430 16 \u043c\u043c, \u043a\u0440\u043e\u043c\u043a\u0430 \u0438\u0437 ABS-\u043f\u043b\u0430\u0441\u0442\u0438\u043a\u0430, \u0431\u0435\u0441\u0448\u0443\u043c\u043d\u043e\u0435 \u043e\u0442\u043a\u0440\u044b\u0432\u0430\u043d\u0438\u0435, \u043c\u0430\u043a\u0441\u0438\u043c\u0430\u043b\u044c\u043d\u0430\u044f \u0432\u044b\u0441\u043e\u0442\u0430 \u043c\u0430\u0442\u0440\u0430\u0441\u0430 12 \u0441\u043c, \u0446\u0432\u0435\u0442: \u0431\u0435\u043b\u044b\u0439 \u0434\u0443\u0431 \/ \u0433\u0440\u0430\u0444\u0438\u0442<\/p>","protected":false},"excerpt":{"rendered":"<p>\u0428\u0438\u0440\u0438\u043d\u0430 [\u0441\u043c]: 204<br \/>\n\u0412\u044b\u0441\u043e\u0442\u0430 [\u0441\u043c]: 188<br \/>\n\u0413\u043b\u0443\u0431\u0438\u043d\u0430 [\u0441\u043c]: 120<br \/>\n\u0421\u043f\u0430\u043b\u044c\u043d\u0430\u044f \u043f\u043b\u043e\u0449\u0430\u0434\u044c [\u0441\u043c]: 80 x 200<br \/>\n\u0412\u0435\u0441 [\u043a\u0433]: 151<\/p>","protected":false},"featured_media":229033,"comment_status":"open","ping_status":"open","template":"","meta":[],"product_brand":[],"product_cat":[505,8386],"product_tag":[],"class_list":{"0":"post-229032","1":"product","2":"type-product","3":"status-publish","4":"has-post-thumbnail","6":"product_cat-bedroom-beds","7":"product_cat-meblocross","9":"first","10":"instock","11":"purchasable","12":"product-type-simple"},"_links":{"self":[{"href":"https:\/\/baldumarket.lt\/ru\/wp-json\/wp\/v2\/product\/229032","targetHints":{"allow":["GET"]}}],"collection":[{"href":"https:\/\/baldumarket.lt\/ru\/wp-json\/wp\/v2\/product"}],"about":[{"href":"https:\/\/baldumarket.lt\/ru\/wp-json\/wp\/v2\/types\/product"}],"replies":[{"embeddable":true,"href":"https:\/\/baldumarket.lt\/ru\/wp-json\/wp\/v2\/comments?post=229032"}],"wp:featuredmedia":[{"embeddable":true,"href":"https:\/\/baldumarket.lt\/ru\/wp-json\/wp\/v2\/media\/229033"}],"wp:attachment":[{"href":"https:\/\/baldumarket.lt\/ru\/wp-json\/wp\/v2\/media?parent=229032"}],"wp:term":[{"taxonomy":"product_brand","embeddable":true,"href":"https:\/\/baldumarket.lt\/ru\/wp-json\/wp\/v2\/product_brand?post=229032"},{"taxonomy":"product_cat","embeddable":true,"href":"https:\/\/baldumarket.lt\/ru\/wp-json\/wp\/v2\/product_cat?post=229032"},{"taxonomy":"product_tag","embeddable":true,"href":"https:\/\/baldumarket.lt\/ru\/wp-json\/wp\/v2\/product_tag?post=229032"}],"curies":[{"name":"WP","href":"https:\/\/api.w.org\/{rel}","templated":true}]}}