{"id":228601,"date":"2025-12-28T06:22:27","date_gmt":"2025-12-28T03:22:27","guid":{"rendered":"https:\/\/baldumarket.lt\/product\/meble-brita-3-mebloscianka-regal-szafka-rtv-polka-czarny-bialy-polysk\/"},"modified":"2026-02-11T18:36:51","modified_gmt":"2026-02-11T15:36:51","slug":"meble-brita-3-mebloscianka-regal-szafka-rtv-polka-czarny-bialy-polysk","status":"publish","type":"product","link":"https:\/\/baldumarket.lt\/ru\/product\/meble-brita-3-mebloscianka-regal-szafka-rtv-polka-czarny-bialy-polysk\/","title":{"rendered":"BRITA baldai #3 sienin\u0117 spintel\u0117, knyg\u0173 lentyna, televizoriaus spintel\u0117, lentyna, juodai balta blizgi"},"content":{"rendered":"<p>\u041d\u0430\u0431\u043e\u0440 BRITA 3<br \/>\n\u0412 \u043a\u043e\u043c\u043f\u043b\u0435\u043a\u0442 \u0432\u0445\u043e\u0434\u044f\u0442: BRITA 01 1D 60\/191\/40 \u2013 54 \u043a\u0433 \u2013 2 \u0448\u0442., BRITA 13 D 160\/38\/25 \u043f\u043e\u043b\u043a\u0430 \u2013 20 \u043a\u0433 \u2013 1 \u0448\u0442., BRITA 18 1D3S 60\/191\/40 \u043f\u043e\u043b\u043a\u0430 \u2013 61 \u043a\u0433 \u2013 2 \u0448\u0442., BRITA 21 1D2S \u0442\u0443\u043c\u0431\u0430 \u043f\u043e\u0434 \u0442\u0435\u043b\u0435\u0432\u0438\u0437\u043e\u0440 160\/49\/40 \u2013 50 \u043a\u0433 \u2013 1 \u0448\u0442. \u041c\u0435\u0431\u0435\u043b\u044c \u0438\u0437\u0433\u043e\u0442\u043e\u0432\u043b\u0435\u043d\u0430 \u0438\u0437 \u0414\u0421\u041f \u0442\u043e\u043b\u0449\u0438\u043d\u043e\u0439 16 \u043c\u043c \u0438 25 \u043c\u043c \u0441 \u043a\u0440\u043e\u043c\u043a\u043e\u0439 \u0438\u0437 \u0410\u0411\u0421-\u043f\u043b\u0430\u0441\u0442\u0438\u043a\u0430. \u042f\u0449\u0438\u043a\u0438 \u0438 \u0434\u0432\u0435\u0440\u0446\u044b \u043e\u0442\u043a\u0440\u044b\u0432\u0430\u044e\u0442\u0441\u044f \u043d\u0430\u0436\u0430\u0442\u0438\u0435\u043c. \u0412\u044b\u0441\u043e\u0442\u0430 \u0442\u0443\u043c\u0431\u044b 8,5 \u0441\u043c. \u0426\u0432\u0435\u0442\u0430: \u0447\u0435\u0440\u043d\u044b\u0439 \/ \u0431\u0435\u043b\u044b\u0439 \/ \u0433\u043b\u044f\u043d\u0446\u0435\u0432\u044b\u0439 \u0431\u0435\u043b\u044b\u0439.<\/p>","protected":false},"excerpt":{"rendered":"<p>\u0412\u0435\u0441 [\u043a\u0433]: 185<br \/>\n\u0426\u0432\u0435\u0442\u0430: \u0431\u0435\u043b\u044b\u0439, \u0447\u0435\u0440\u043d\u044b\u0439<\/p>","protected":false},"featured_media":228602,"comment_status":"open","ping_status":"open","template":"","meta":[],"product_brand":[],"product_cat":[8386,2008],"product_tag":[],"class_list":{"0":"post-228601","1":"product","2":"type-product","3":"status-publish","4":"has-post-thumbnail","6":"product_cat-meblocross","7":"product_cat-wall-units","9":"first","10":"instock","11":"purchasable","12":"product-type-simple"},"_links":{"self":[{"href":"https:\/\/baldumarket.lt\/ru\/wp-json\/wp\/v2\/product\/228601","targetHints":{"allow":["GET"]}}],"collection":[{"href":"https:\/\/baldumarket.lt\/ru\/wp-json\/wp\/v2\/product"}],"about":[{"href":"https:\/\/baldumarket.lt\/ru\/wp-json\/wp\/v2\/types\/product"}],"replies":[{"embeddable":true,"href":"https:\/\/baldumarket.lt\/ru\/wp-json\/wp\/v2\/comments?post=228601"}],"wp:featuredmedia":[{"embeddable":true,"href":"https:\/\/baldumarket.lt\/ru\/wp-json\/wp\/v2\/media\/228602"}],"wp:attachment":[{"href":"https:\/\/baldumarket.lt\/ru\/wp-json\/wp\/v2\/media?parent=228601"}],"wp:term":[{"taxonomy":"product_brand","embeddable":true,"href":"https:\/\/baldumarket.lt\/ru\/wp-json\/wp\/v2\/product_brand?post=228601"},{"taxonomy":"product_cat","embeddable":true,"href":"https:\/\/baldumarket.lt\/ru\/wp-json\/wp\/v2\/product_cat?post=228601"},{"taxonomy":"product_tag","embeddable":true,"href":"https:\/\/baldumarket.lt\/ru\/wp-json\/wp\/v2\/product_tag?post=228601"}],"curies":[{"name":"WP","href":"https:\/\/api.w.org\/{rel}","templated":true}]}}