{"id":227925,"date":"2025-12-28T05:57:01","date_gmt":"2025-12-28T02:57:01","guid":{"rendered":"https:\/\/baldumarket.lt\/product\/meble-brita-20-komoda-stolik-szafka-rtv-z-szuflada-dab-sonoma-bialy-polysk\/"},"modified":"2026-02-11T18:37:07","modified_gmt":"2026-02-11T15:37:07","slug":"meble-brita-20-komoda-stolik-szafka-rtv-z-szuflada-dab-sonoma-bialy-polysk","status":"publish","type":"product","link":"https:\/\/baldumarket.lt\/ru\/product\/meble-brita-20-komoda-stolik-szafka-rtv-z-szuflada-dab-sonoma-bialy-polysk\/","title":{"rendered":"BRITA 20 baldai, komoda, stalas, TV spintel\u0117 su stal\u010diumi, Sonoma \u0105\u017euolas, balta blizgi spalva"},"content":{"rendered":"<p>\u041f\u043e\u0434\u0441\u0442\u0430\u0432\u043a\u0430 \u0434\u043b\u044f \u0442\u0435\u043b\u0435\u0432\u0438\u0437\u043e\u0440\u0430 BRITA 20 1D1S<br \/>\n\u0412 \u043a\u043e\u043c\u043f\u043b\u0435\u043a\u0442 \u0432\u0445\u043e\u0434\u0438\u0442 \u0441\u043e\u0432\u043c\u0435\u0441\u0442\u0438\u043c\u044b\u0439 \u0432\u0435\u0440\u0445.<br \/>\n\u041c\u0435\u0431\u0435\u043b\u044c \u0438\u0437\u0433\u043e\u0442\u043e\u0432\u043b\u0435\u043d\u0430 \u0438\u0437 \u0414\u0421\u041f \u0442\u043e\u043b\u0449\u0438\u043d\u043e\u0439 16 \u043c\u043c \u0438 25 \u043c\u043c \u0441 \u043a\u0440\u043e\u043c\u043a\u043e\u0439 \u0438\u0437 \u0410\u0411\u0421-\u043f\u043b\u0430\u0441\u0442\u0438\u043a\u0430. \u042f\u0449\u0438\u043a\u0438 \u0438 \u0434\u0432\u0435\u0440\u0446\u044b \u043e\u0442\u043a\u0440\u044b\u0432\u0430\u044e\u0442\u0441\u044f \u043d\u0430\u0436\u0430\u0442\u0438\u0435\u043c. \u0412\u044b\u0441\u043e\u0442\u0430 \u0442\u0443\u043c\u0431\u044b \u0441\u043e\u0441\u0442\u0430\u0432\u043b\u044f\u0435\u0442 8,5 \u0441\u043c.<br \/>\n\u0426\u0432\u0435\u0442\u0430: \u0434\u0443\u0431 \u0421\u043e\u043d\u043e\u043c\u0430 \/ \u0431\u0435\u043b\u044b\u0439 \/ \u0433\u043b\u044f\u043d\u0446\u0435\u0432\u044b\u0439 \u0431\u0435\u043b\u044b\u0439<\/p>","protected":false},"excerpt":{"rendered":"<p>\u0428\u0438\u0440\u0438\u043d\u0430 [\u0441\u043c]: 120<br \/>\n\u0412\u044b\u0441\u043e\u0442\u0430 [\u0441\u043c]: 49<br \/>\n\u0413\u043b\u0443\u0431\u0438\u043d\u0430 [\u0441\u043c]: 40<br \/>\n\u0412\u0435\u0441 [\u043a\u0433]: 37<br \/>\n\u0426\u0432\u0435\u0442\u0430: \u0431\u0435\u043b\u044b\u0439, \u0434\u0443\u0431 \u0421\u043e\u043d\u043e\u043c\u0430<\/p>","protected":false},"featured_media":227926,"comment_status":"open","ping_status":"open","template":"","meta":[],"product_brand":[],"product_cat":[8386,1175],"product_tag":[],"class_list":{"0":"post-227925","1":"product","2":"type-product","3":"status-publish","4":"has-post-thumbnail","6":"product_cat-meblocross","7":"product_cat-tv-stands","9":"first","10":"instock","11":"purchasable","12":"product-type-simple"},"_links":{"self":[{"href":"https:\/\/baldumarket.lt\/ru\/wp-json\/wp\/v2\/product\/227925","targetHints":{"allow":["GET"]}}],"collection":[{"href":"https:\/\/baldumarket.lt\/ru\/wp-json\/wp\/v2\/product"}],"about":[{"href":"https:\/\/baldumarket.lt\/ru\/wp-json\/wp\/v2\/types\/product"}],"replies":[{"embeddable":true,"href":"https:\/\/baldumarket.lt\/ru\/wp-json\/wp\/v2\/comments?post=227925"}],"wp:featuredmedia":[{"embeddable":true,"href":"https:\/\/baldumarket.lt\/ru\/wp-json\/wp\/v2\/media\/227926"}],"wp:attachment":[{"href":"https:\/\/baldumarket.lt\/ru\/wp-json\/wp\/v2\/media?parent=227925"}],"wp:term":[{"taxonomy":"product_brand","embeddable":true,"href":"https:\/\/baldumarket.lt\/ru\/wp-json\/wp\/v2\/product_brand?post=227925"},{"taxonomy":"product_cat","embeddable":true,"href":"https:\/\/baldumarket.lt\/ru\/wp-json\/wp\/v2\/product_cat?post=227925"},{"taxonomy":"product_tag","embeddable":true,"href":"https:\/\/baldumarket.lt\/ru\/wp-json\/wp\/v2\/product_tag?post=227925"}],"curies":[{"name":"WP","href":"https:\/\/api.w.org\/{rel}","templated":true}]}}