{"id":227874,"date":"2025-12-28T05:55:19","date_gmt":"2025-12-28T02:55:19","guid":{"rendered":"https:\/\/baldumarket.lt\/product\/meble-brita-22-stol-rozkladany-do-salonu-jadalni-dab-craft-zloty-bialy\/"},"modified":"2026-02-11T18:37:08","modified_gmt":"2026-02-11T15:37:08","slug":"meble-brita-22-stol-rozkladany-do-salonu-jadalni-dab-craft-zloty-bialy","status":"publish","type":"product","link":"https:\/\/baldumarket.lt\/ru\/product\/meble-brita-22-stol-rozkladany-do-salonu-jadalni-dab-craft-zloty-bialy\/","title":{"rendered":"BRITA 22 baldai, i\u0161skleid\u017eiamas stalas svetainei, valgomajam, Rankdarbi\u0173 stiliaus, \u0105\u017euolas, aukso spalvos, balta"},"content":{"rendered":"<p>\u0420\u0430\u0437\u0434\u0432\u0438\u0436\u043d\u043e\u0439 \u0441\u0442\u043e\u043b BRITA 22 130\/190\u00d780 \u0441\u043c<br \/>\n\u041c\u0435\u0431\u0435\u043b\u044c \u0438\u0437\u0433\u043e\u0442\u043e\u0432\u043b\u0435\u043d\u0430 \u0438\u0437 \u0414\u0421\u041f \u0442\u043e\u043b\u0449\u0438\u043d\u043e\u0439 16 \u043c\u043c \u0438 25 \u043c\u043c \u0441 \u043a\u0440\u043e\u043c\u043a\u043e\u0439 \u0438\u0437 \u0410\u0411\u0421-\u043f\u043b\u0430\u0441\u0442\u0438\u043a\u0430.<br \/>\n\u0426\u0432\u0435\u0442\u0430: \u0437\u043e\u043b\u043e\u0442\u0438\u0441\u0442\u044b\u0439, \u0434\u0443\u0431\u043e\u0432\u044b\u0439 \/ \u0431\u0435\u043b\u044b\u0439<\/p>","protected":false},"excerpt":{"rendered":"<p>\u0428\u0438\u0440\u0438\u043d\u0430 [\u0441\u043c]: 130\/190<br \/>\n\u0412\u044b\u0441\u043e\u0442\u0430 [\u0441\u043c]: 76<br \/>\n\u0413\u043b\u0443\u0431\u0438\u043d\u0430 [\u0441\u043c]: 80<br \/>\n\u0412\u0435\u0441 [\u043a\u0433]: 47<br \/>\n\u0426\u0432\u0435\u0442\u0430: \u0431\u0435\u043b\u044b\u0439, \u0437\u043e\u043b\u043e\u0442\u0438\u0441\u0442\u044b\u0439 \u0434\u0443\u0431<\/p>","protected":false},"featured_media":227875,"comment_status":"open","ping_status":"open","template":"","meta":[],"product_brand":[],"product_cat":[8386,1934],"product_tag":[],"class_list":{"0":"post-227874","1":"product","2":"type-product","3":"status-publish","4":"has-post-thumbnail","6":"product_cat-meblocross","7":"product_cat-tables","9":"first","10":"instock","11":"purchasable","12":"product-type-simple"},"_links":{"self":[{"href":"https:\/\/baldumarket.lt\/ru\/wp-json\/wp\/v2\/product\/227874","targetHints":{"allow":["GET"]}}],"collection":[{"href":"https:\/\/baldumarket.lt\/ru\/wp-json\/wp\/v2\/product"}],"about":[{"href":"https:\/\/baldumarket.lt\/ru\/wp-json\/wp\/v2\/types\/product"}],"replies":[{"embeddable":true,"href":"https:\/\/baldumarket.lt\/ru\/wp-json\/wp\/v2\/comments?post=227874"}],"wp:featuredmedia":[{"embeddable":true,"href":"https:\/\/baldumarket.lt\/ru\/wp-json\/wp\/v2\/media\/227875"}],"wp:attachment":[{"href":"https:\/\/baldumarket.lt\/ru\/wp-json\/wp\/v2\/media?parent=227874"}],"wp:term":[{"taxonomy":"product_brand","embeddable":true,"href":"https:\/\/baldumarket.lt\/ru\/wp-json\/wp\/v2\/product_brand?post=227874"},{"taxonomy":"product_cat","embeddable":true,"href":"https:\/\/baldumarket.lt\/ru\/wp-json\/wp\/v2\/product_cat?post=227874"},{"taxonomy":"product_tag","embeddable":true,"href":"https:\/\/baldumarket.lt\/ru\/wp-json\/wp\/v2\/product_tag?post=227874"}],"curies":[{"name":"WP","href":"https:\/\/api.w.org\/{rel}","templated":true}]}}