{"id":227415,"date":"2025-12-28T05:38:17","date_gmt":"2025-12-28T02:38:17","guid":{"rendered":"https:\/\/baldumarket.lt\/product\/meble-crassy-3-meble-pokojowe-mebloscianka\/"},"modified":"2026-02-11T18:37:16","modified_gmt":"2026-02-11T15:37:16","slug":"meble-crassy-3-meble-pokojowe-mebloscianka","status":"publish","type":"product","link":"https:\/\/baldumarket.lt\/ru\/product\/meble-crassy-3-meble-pokojowe-mebloscianka\/","title":{"rendered":"CRASSY baldai #3 svetain\u0117s bald\u0173 sienin\u0117 spintel\u0117"},"content":{"rendered":"<p>CRASSY \u041d\u0430\u0431\u043e\u0440 3<br \/>\n\u0412 \u043a\u043e\u043c\u043f\u043b\u0435\u043a\u0442 \u0432\u0445\u043e\u0434\u044f\u0442:<br \/>\nCRASSY 01 \u0427\u0435\u0442\u044b\u0440\u0435\u0445\u0434\u0432\u0435\u0440\u043d\u044b\u0439 \u0448\u043a\u0430\u0444 \u0434\u043b\u044f \u0431\u0435\u043b\u044c\u044f<br \/>\nCRASSY 06 2-\u0434\u0432\u0435\u0440\u043d\u044b\u0439 2-\u044d\u0442\u0430\u0436\u043d\u044b\u0439 \u0441\u0443\u043d\u0434\u0443\u043a<br \/>\nCRASSY 20 2-\u0434\u0432\u0435\u0440\u043d\u0430\u044f \u043e\u0434\u043d\u043e\u044d\u0442\u0430\u0436\u043d\u0430\u044f \u0442\u0443\u043c\u0431\u0430 \u043f\u043e\u0434 \u0442\u0435\u043b\u0435\u0432\u0438\u0437\u043e\u0440<br \/>\n\u041d\u0430\u0441\u0442\u0435\u043d\u043d\u044b\u0439 \u0448\u043a\u0430\u0444 CRASSY 24 \u0441 \u0434\u0432\u0443\u043c\u044f \u0434\u0432\u0435\u0440\u0446\u0430\u043c\u0438<br \/>\n\u0412\u0438\u0442\u0440\u0438\u043d\u0430 CRASSY 25 \u0441 \u0434\u0432\u0443\u043c\u044f \u0434\u0432\u0435\u0440\u0446\u0430\u043c\u0438<br \/>\nCRASSY 13 \u0414\u0432\u0443\u0445\u044d\u0442\u0430\u0436\u043d\u044b\u0439 \u0436\u0443\u0440\u043d\u0430\u043b\u044c\u043d\u044b\u0439 \u0441\u0442\u043e\u043b\u0438\u043a<br \/>\n\u041c\u0435\u0431\u0435\u043b\u044c \u0438\u0437\u0433\u043e\u0442\u043e\u0432\u043b\u0435\u043d\u0430 \u0438\u0437 \u0414\u0421\u041f \u0442\u043e\u043b\u0449\u0438\u043d\u043e\u0439 16 \u043c\u043c \u0438 25 \u043c\u043c \u0441 \u043a\u0440\u043e\u043c\u043a\u043e\u0439 \u0438\u0437 \u0410\u0411\u0421-\u043f\u043b\u0430\u0441\u0442\u0438\u043a\u0430. \u042f\u0449\u0438\u043a\u0438 \u0438 \u0434\u0432\u0435\u0440\u0446\u044b \u043e\u0441\u043d\u0430\u0449\u0435\u043d\u044b \u0441\u0438\u0441\u0442\u0435\u043c\u043e\u0439 \u043f\u043b\u0430\u0432\u043d\u043e\u0433\u043e \u0437\u0430\u043a\u0440\u044b\u0432\u0430\u043d\u0438\u044f. \u041c\u0435\u0442\u0430\u043b\u043b\u0438\u0447\u0435\u0441\u043a\u0438\u0435 \u043d\u043e\u0436\u043a\u0438 \u0440\u0430\u0437\u043b\u0438\u0447\u043d\u043e\u0439 \u0432\u044b\u0441\u043e\u0442\u044b: 12 \u0441\u043c, 22 \u0441\u043c \u0438 73 \u0441\u043c.<br \/>\n\u0412\u0430\u0440\u0438\u0430\u043d\u0442\u044b \u0446\u0432\u0435\u0442\u0430: \u0437\u043e\u043b\u043e\u0442\u0438\u0441\u0442\u044b\u0439 \u0434\u0443\u0431 \/ \u0431\u0435\u043b\u044b\u0439 \/ \u0447\u0435\u0440\u043d\u044b\u0439, \u0447\u0435\u0440\u043d\u044b\u0439 \/ \u0431\u0435\u043b\u044b\u0439 \/ \u0447\u0435\u0440\u043d\u044b\u0439, \u0434\u0443\u0431 \u0440\u0435\u043c\u0435\u0441\u043b\u0435\u043d\u043d\u0438\u043a \/ \u0431\u0435\u043b\u044b\u0439 \/ \u0447\u0435\u0440\u043d\u044b\u0439, \u0431\u043e\u0440\u0434\u043e\u0432\u044b\u0439 \u0434\u0443\u0431 \/ \u0431\u0435\u043b\u044b\u0439 \/ \u0447\u0435\u0440\u043d\u044b\u0439, \u0441\u0432\u0435\u0442\u043b\u044b\u0439 \u0434\u0443\u0431 \u0421\u043e\u043d\u043e\u043c\u0430 \/ \u0431\u0435\u043b\u044b\u0439 \/ \u0447\u0435\u0440\u043d\u044b\u0439<\/p>","protected":false},"excerpt":{"rendered":"<p>\u041d\u0430\u0431\u043e\u0440 CRASSY 3. \u0412 \u043d\u0430\u0431\u043e\u0440 \u0432\u0445\u043e\u0434\u044f\u0442: 4-\u0434\u0432\u0435\u0440\u043d\u044b\u0439 \u0448\u043a\u0430\u0444 \u0434\u043b\u044f \u0431\u0435\u043b\u044c\u044f CRASSY 01, \u0434\u0432\u0443\u0445\u0434\u0432\u0435\u0440\u043d\u044b\u0439 \u043a\u043e\u043c\u043e\u0434 CRASSY 06, \u043e\u0434\u043d\u043e\u044f\u0440\u0443\u0441\u043d\u0430\u044f \u0442\u0443\u043c\u0431\u0430 \u043f\u043e\u0434 \u0442\u0435\u043b\u0435\u0432\u0438\u0437\u043e\u0440 CRASSY 20 \u0441 \u0434\u0432\u0443\u043c\u044f \u0434\u0432\u0435\u0440\u0446\u0430\u043c\u0438, \u043d\u0430\u0441\u0442\u0435\u043d\u043d\u044b\u0439 \u0448\u043a\u0430\u0444 CRASSY 24 \u0441 \u0434\u0432\u0443\u043c\u044f \u0434\u0432\u0435\u0440\u0446\u0430\u043c\u0438, \u0432\u0438\u0442\u0440\u0438\u043d\u0430 CRASSY 25 \u0441 \u0434\u0432\u0443\u043c\u044f \u0434\u0432\u0435\u0440\u0446\u0430\u043c\u0438, \u0434\u0432\u0443\u0445\u044a\u044f\u0440\u0443\u0441\u043d\u044b\u0439 \u0436\u0443\u0440\u043d\u0430\u043b\u044c\u043d\u044b\u0439 \u0441\u0442\u043e\u043b\u0438\u043a CRASSY 13. \u041c\u0435\u0431\u0435\u043b\u044c \u0438\u0437\u0433\u043e\u0442\u043e\u0432\u043b\u0435\u043d\u0430 \u0438\u0437 \u0414\u0421\u041f \u0442\u043e\u043b\u0449\u0438\u043d\u043e\u0439 16 \u043c\u043c \u0438 25 \u043c\u043c \u0441 \u043a\u0440\u043e\u043c\u043a\u043e\u0439 \u0438\u0437 \u0410\u0411\u0421-\u043f\u043b\u0430\u0441\u0442\u0438\u043a\u0430. \u042f\u0449\u0438\u043a\u0438 \u0438 \u0434\u0432\u0435\u0440\u0446\u044b \u0438\u043c\u0435\u044e\u0442 [\u2026]<\/p>","protected":false},"featured_media":227416,"comment_status":"open","ping_status":"open","template":"","meta":[],"product_brand":[],"product_cat":[8386,2008],"product_tag":[],"class_list":{"0":"post-227415","1":"product","2":"type-product","3":"status-publish","4":"has-post-thumbnail","6":"product_cat-meblocross","7":"product_cat-wall-units","9":"first","10":"instock","11":"purchasable","12":"product-type-simple"},"_links":{"self":[{"href":"https:\/\/baldumarket.lt\/ru\/wp-json\/wp\/v2\/product\/227415","targetHints":{"allow":["GET"]}}],"collection":[{"href":"https:\/\/baldumarket.lt\/ru\/wp-json\/wp\/v2\/product"}],"about":[{"href":"https:\/\/baldumarket.lt\/ru\/wp-json\/wp\/v2\/types\/product"}],"replies":[{"embeddable":true,"href":"https:\/\/baldumarket.lt\/ru\/wp-json\/wp\/v2\/comments?post=227415"}],"wp:featuredmedia":[{"embeddable":true,"href":"https:\/\/baldumarket.lt\/ru\/wp-json\/wp\/v2\/media\/227416"}],"wp:attachment":[{"href":"https:\/\/baldumarket.lt\/ru\/wp-json\/wp\/v2\/media?parent=227415"}],"wp:term":[{"taxonomy":"product_brand","embeddable":true,"href":"https:\/\/baldumarket.lt\/ru\/wp-json\/wp\/v2\/product_brand?post=227415"},{"taxonomy":"product_cat","embeddable":true,"href":"https:\/\/baldumarket.lt\/ru\/wp-json\/wp\/v2\/product_cat?post=227415"},{"taxonomy":"product_tag","embeddable":true,"href":"https:\/\/baldumarket.lt\/ru\/wp-json\/wp\/v2\/product_tag?post=227415"}],"curies":[{"name":"WP","href":"https:\/\/api.w.org\/{rel}","templated":true}]}}