{"id":226934,"date":"2025-12-28T05:20:48","date_gmt":"2025-12-28T02:20:48","guid":{"rendered":"https:\/\/baldumarket.lt\/product\/meble-delis-07-polka-wiszaca-scienna-do-salonu-dab-craft-zloty\/"},"modified":"2026-02-11T18:37:25","modified_gmt":"2026-02-11T15:37:25","slug":"meble-delis-07-polka-wiszaca-scienna-do-salonu-dab-craft-zloty","status":"publish","type":"product","link":"https:\/\/baldumarket.lt\/ru\/product\/meble-delis-07-polka-wiszaca-scienna-do-salonu-dab-craft-zloty\/","title":{"rendered":"DELIS 07 bald\u0173 sienin\u0117 lentyna svetainei, auksinio \u0105\u017euolo spalvos"},"content":{"rendered":"<p>\u041d\u0430\u0441\u0442\u0435\u043d\u043d\u0430\u044f \u043f\u043e\u043b\u043a\u0430 DELIS 07 \u0434\u043b\u044f \u0433\u043e\u0441\u0442\u0438\u043d\u043e\u0439. \u041c\u0430\u0442\u0435\u0440\u0438\u0430\u043b\u044b: \u043f\u043b\u0438\u0442\u044b 16 \u043c\u043c \u0438 25 \u043c\u043c, \u043a\u0440\u043e\u043c\u043a\u0430 \u0438\u0437 ABS-\u043f\u043b\u0430\u0441\u0442\u0438\u043a\u0430. \u0426\u0432\u0435\u0442: \u0437\u043e\u043b\u043e\u0442\u0438\u0441\u0442\u044b\u0439 \u0434\u0443\u0431.<\/p>","protected":false},"excerpt":{"rendered":"<p>\u0428\u0438\u0440\u0438\u043d\u0430 [\u0441\u043c]: 80<br \/>\n\u0412\u044b\u0441\u043e\u0442\u0430 [\u0441\u043c]: 39<br \/>\n\u0413\u043b\u0443\u0431\u0438\u043d\u0430 [\u0441\u043c]: 25<br \/>\n\u041e\u0431\u044a\u0435\u043c [\u043c\u00b3]: 0,032<br \/>\n\u0412\u0435\u0441 [\u043a\u0433]: 10<br \/>\n\u0426\u0432\u0435\u0442: \u0437\u043e\u043b\u043e\u0442\u0438\u0441\u0442\u044b\u0439 \u043a\u0440\u0430\u0444\u0442\u043e\u0432\u044b\u0439 \u0434\u0443\u0431<\/p>","protected":false},"featured_media":226935,"comment_status":"open","ping_status":"open","template":"","meta":[],"product_brand":[],"product_cat":[1174,8386],"product_tag":[],"class_list":{"0":"post-226934","1":"product","2":"type-product","3":"status-publish","4":"has-post-thumbnail","6":"product_cat-hanging-shelves","7":"product_cat-meblocross","9":"first","10":"instock","11":"purchasable","12":"product-type-simple"},"_links":{"self":[{"href":"https:\/\/baldumarket.lt\/ru\/wp-json\/wp\/v2\/product\/226934","targetHints":{"allow":["GET"]}}],"collection":[{"href":"https:\/\/baldumarket.lt\/ru\/wp-json\/wp\/v2\/product"}],"about":[{"href":"https:\/\/baldumarket.lt\/ru\/wp-json\/wp\/v2\/types\/product"}],"replies":[{"embeddable":true,"href":"https:\/\/baldumarket.lt\/ru\/wp-json\/wp\/v2\/comments?post=226934"}],"wp:featuredmedia":[{"embeddable":true,"href":"https:\/\/baldumarket.lt\/ru\/wp-json\/wp\/v2\/media\/226935"}],"wp:attachment":[{"href":"https:\/\/baldumarket.lt\/ru\/wp-json\/wp\/v2\/media?parent=226934"}],"wp:term":[{"taxonomy":"product_brand","embeddable":true,"href":"https:\/\/baldumarket.lt\/ru\/wp-json\/wp\/v2\/product_brand?post=226934"},{"taxonomy":"product_cat","embeddable":true,"href":"https:\/\/baldumarket.lt\/ru\/wp-json\/wp\/v2\/product_cat?post=226934"},{"taxonomy":"product_tag","embeddable":true,"href":"https:\/\/baldumarket.lt\/ru\/wp-json\/wp\/v2\/product_tag?post=226934"}],"curies":[{"name":"WP","href":"https:\/\/api.w.org\/{rel}","templated":true}]}}