{"id":226891,"date":"2025-12-28T05:19:00","date_gmt":"2025-12-28T02:19:00","guid":{"rendered":"https:\/\/baldumarket.lt\/product\/meble-delis-09-wysoki-regal-z-drzwiami-polkami-craft-zloty-granada-braz\/"},"modified":"2026-02-24T15:43:53","modified_gmt":"2026-02-24T12:43:53","slug":"meble-delis-09-wysoki-regal-z-drzwiami-polkami-craft-zloty-granada-braz","status":"publish","type":"product","link":"https:\/\/baldumarket.lt\/ru\/product\/meble-delis-09-wysoki-regal-z-drzwiami-polkami-craft-zloty-granada-braz\/","title":{"rendered":"DELIS 09 Baldai, Auk\u0161ta Knyg\u0173 Lentyna Su Durel\u0117mis, Rankdarbi\u0173 Lentynos, Auksin\u0117 Granados Ruda"},"content":{"rendered":"<p>\u0412\u044b\u0441\u043e\u043a\u0438\u0439 \u043a\u043d\u0438\u0436\u043d\u044b\u0439 \u0448\u043a\u0430\u0444 DELIS 09 \u0441 \u0434\u0432\u0435\u0440\u0446\u0430\u043c\u0438 \u0438 \u043f\u043e\u043b\u043a\u0430\u043c\u0438 \u0434\u043b\u044f \u0433\u043e\u0441\u0442\u0438\u043d\u043e\u0439. \u041c\u0430\u0442\u0435\u0440\u0438\u0430\u043b\u044b: \u0414\u0421\u041f \u0442\u043e\u043b\u0449\u0438\u043d\u043e\u0439 16 \u043c\u043c \u0438 25 \u043c\u043c, \u043a\u0440\u043e\u043c\u043a\u0430 \u0438\u0437 ABS-\u043f\u043b\u0430\u0441\u0442\u0438\u043a\u0430, \u0434\u043e\u0432\u043e\u0434\u0447\u0438\u043a\u0438. \u0426\u0432\u0435\u0442: \u0437\u043e\u043b\u043e\u0442\u0438\u0441\u0442\u044b\u0439 \u0434\u0443\u0431 \/ \u043a\u043e\u0440\u0438\u0447\u043d\u0435\u0432\u044b\u0439 \u00ab\u0413\u0440\u0430\u043d\u0430\u0434\u0430\u00bb.<\/p>","protected":false},"excerpt":{"rendered":"<p>\u0428\u0438\u0440\u0438\u043d\u0430 [\u0441\u043c]: 80<br \/>\n\u0412\u044b\u0441\u043e\u0442\u0430 [\u0441\u043c]: 186<br \/>\n\u0413\u043b\u0443\u0431\u0438\u043d\u0430 [\u0441\u043c]: 43<br \/>\n\u041e\u0431\u044a\u0435\u043c [\u043c\u00b3]: 0,115<br \/>\n\u0412\u0435\u0441 [\u043a\u0433]: 46<br \/>\n\u0426\u0432\u0435\u0442\u0430: \u0413\u0440\u0430\u043d\u0430\u0434\u0430 \u0411\u0440\u0430\u0443\u043d, \u0417\u043e\u043b\u043e\u0442\u043e\u0439 \u0434\u0443\u0431<\/p>","protected":false},"featured_media":226892,"comment_status":"open","ping_status":"open","template":"","meta":[],"product_brand":[],"product_cat":[8386,1987],"product_tag":[],"class_list":{"0":"post-226891","1":"product","2":"type-product","3":"status-publish","4":"has-post-thumbnail","6":"product_cat-meblocross","7":"product_cat-shelving-units","9":"first","10":"instock","11":"purchasable","12":"product-type-simple"},"_links":{"self":[{"href":"https:\/\/baldumarket.lt\/ru\/wp-json\/wp\/v2\/product\/226891","targetHints":{"allow":["GET"]}}],"collection":[{"href":"https:\/\/baldumarket.lt\/ru\/wp-json\/wp\/v2\/product"}],"about":[{"href":"https:\/\/baldumarket.lt\/ru\/wp-json\/wp\/v2\/types\/product"}],"replies":[{"embeddable":true,"href":"https:\/\/baldumarket.lt\/ru\/wp-json\/wp\/v2\/comments?post=226891"}],"wp:featuredmedia":[{"embeddable":true,"href":"https:\/\/baldumarket.lt\/ru\/wp-json\/wp\/v2\/media\/226892"}],"wp:attachment":[{"href":"https:\/\/baldumarket.lt\/ru\/wp-json\/wp\/v2\/media?parent=226891"}],"wp:term":[{"taxonomy":"product_brand","embeddable":true,"href":"https:\/\/baldumarket.lt\/ru\/wp-json\/wp\/v2\/product_brand?post=226891"},{"taxonomy":"product_cat","embeddable":true,"href":"https:\/\/baldumarket.lt\/ru\/wp-json\/wp\/v2\/product_cat?post=226891"},{"taxonomy":"product_tag","embeddable":true,"href":"https:\/\/baldumarket.lt\/ru\/wp-json\/wp\/v2\/product_tag?post=226891"}],"curies":[{"name":"WP","href":"https:\/\/api.w.org\/{rel}","templated":true}]}}