{"id":226851,"date":"2025-12-28T05:17:04","date_gmt":"2025-12-28T02:17:04","guid":{"rendered":"https:\/\/baldumarket.lt\/product\/meble-delis-10-komoda-stolik-szafka-rtv-140-dab-craft-zloty-granada-braz\/"},"modified":"2026-02-11T18:37:26","modified_gmt":"2026-02-11T15:37:26","slug":"meble-delis-10-komoda-stolik-szafka-rtv-140-dab-craft-zloty-granada-braz","status":"publish","type":"product","link":"https:\/\/baldumarket.lt\/ru\/product\/meble-delis-10-komoda-stolik-szafka-rtv-140-dab-craft-zloty-granada-braz\/","title":{"rendered":"DELIS 10 baldai, komoda, stalas, TV spintel\u0117, 140 \u0441\u043c, \u0105\u017euolo spalva, auksin\u0117 granados ruda spalva"},"content":{"rendered":"<p>\u041a\u043e\u043c\u043e\u0434 DELIS 10, \u0442\u0443\u043c\u0431\u0430 \u043f\u043e\u0434 \u0442\u0435\u043b\u0435\u0432\u0438\u0437\u043e\u0440, 140 \u0441\u043c, \u0434\u043b\u044f \u0433\u043e\u0441\u0442\u0438\u043d\u043e\u0439. \u041c\u0430\u0442\u0435\u0440\u0438\u0430\u043b\u044b: \u0414\u0421\u041f 16 \u043c\u043c \u0438 25 \u043c\u043c, \u043a\u0440\u043e\u043c\u043a\u0430 \u0438\u0437 ABS-\u043f\u043b\u0430\u0441\u0442\u0438\u043a\u0430, \u0434\u043e\u0432\u043e\u0434\u0447\u0438\u043a\u0438, \u043d\u0430\u043f\u0440\u0430\u0432\u043b\u044f\u044e\u0449\u0438\u0435 \u043f\u043e\u043b\u043d\u043e\u0433\u043e \u043e\u0442\u043a\u0440\u044b\u0432\u0430\u043d\u0438\u044f. \u0426\u0432\u0435\u0442: \u0437\u043e\u043b\u043e\u0442\u0438\u0441\u0442\u044b\u0439 \u0434\u0443\u0431 \/ \u043a\u043e\u0440\u0438\u0447\u043d\u0435\u0432\u044b\u0439 \u00ab\u0413\u0440\u0430\u043d\u0430\u0434\u0430\u00bb.<\/p>","protected":false},"excerpt":{"rendered":"<p>\u0428\u0438\u0440\u0438\u043d\u0430 [\u0441\u043c]: 140<br \/>\n\u0412\u044b\u0441\u043e\u0442\u0430 [\u0441\u043c]: 49<br \/>\n\u0413\u043b\u0443\u0431\u0438\u043d\u0430 [\u0441\u043c]: 43<br \/>\n\u041e\u0431\u044a\u0435\u043c [\u043c\u00b3]: 0,073<br \/>\n\u0412\u0435\u0441 [\u043a\u0433]: 32<br \/>\n\u0426\u0432\u0435\u0442\u0430: \u0413\u0440\u0430\u043d\u0430\u0434\u0430 \u0411\u0440\u0430\u0443\u043d, \u0417\u043e\u043b\u043e\u0442\u043e\u0439 \u0434\u0443\u0431<\/p>","protected":false},"featured_media":226852,"comment_status":"open","ping_status":"open","template":"","meta":[],"product_brand":[],"product_cat":[8386,1175],"product_tag":[],"class_list":{"0":"post-226851","1":"product","2":"type-product","3":"status-publish","4":"has-post-thumbnail","6":"product_cat-meblocross","7":"product_cat-tv-stands","9":"first","10":"instock","11":"purchasable","12":"product-type-simple"},"_links":{"self":[{"href":"https:\/\/baldumarket.lt\/ru\/wp-json\/wp\/v2\/product\/226851","targetHints":{"allow":["GET"]}}],"collection":[{"href":"https:\/\/baldumarket.lt\/ru\/wp-json\/wp\/v2\/product"}],"about":[{"href":"https:\/\/baldumarket.lt\/ru\/wp-json\/wp\/v2\/types\/product"}],"replies":[{"embeddable":true,"href":"https:\/\/baldumarket.lt\/ru\/wp-json\/wp\/v2\/comments?post=226851"}],"wp:featuredmedia":[{"embeddable":true,"href":"https:\/\/baldumarket.lt\/ru\/wp-json\/wp\/v2\/media\/226852"}],"wp:attachment":[{"href":"https:\/\/baldumarket.lt\/ru\/wp-json\/wp\/v2\/media?parent=226851"}],"wp:term":[{"taxonomy":"product_brand","embeddable":true,"href":"https:\/\/baldumarket.lt\/ru\/wp-json\/wp\/v2\/product_brand?post=226851"},{"taxonomy":"product_cat","embeddable":true,"href":"https:\/\/baldumarket.lt\/ru\/wp-json\/wp\/v2\/product_cat?post=226851"},{"taxonomy":"product_tag","embeddable":true,"href":"https:\/\/baldumarket.lt\/ru\/wp-json\/wp\/v2\/product_tag?post=226851"}],"curies":[{"name":"WP","href":"https:\/\/api.w.org\/{rel}","templated":true}]}}