{"id":226801,"date":"2025-12-28T05:15:12","date_gmt":"2025-12-28T02:15:12","guid":{"rendered":"https:\/\/baldumarket.lt\/product\/meble-delis-12-szafa-z-szufladami-do-przedpokoju-salonu-craft-zloty-gra-br\/"},"modified":"2026-02-11T18:37:26","modified_gmt":"2026-02-11T15:37:26","slug":"meble-delis-12-szafa-z-szufladami-do-przedpokoju-salonu-craft-zloty-gra-br","status":"publish","type":"product","link":"https:\/\/baldumarket.lt\/ru\/product\/meble-delis-12-szafa-z-szufladami-do-przedpokoju-salonu-craft-zloty-gra-br\/","title":{"rendered":"DELIS 12 Bald\u0173 Spinta Su Stal\u010diais Prie\u0161kambariui, Svetainei, Aukso Spalvos, Ruda"},"content":{"rendered":"<p>\u0428\u043a\u0430\u0444 DELIS 12 \u0441 \u0432\u044b\u0434\u0432\u0438\u0436\u043d\u044b\u043c\u0438 \u044f\u0449\u0438\u043a\u0430\u043c\u0438 \u0434\u043b\u044f \u043f\u0440\u0438\u0445\u043e\u0436\u0435\u0439, \u0433\u043e\u0441\u0442\u0438\u043d\u043e\u0439 \u0438 \u0441\u043f\u0430\u043b\u044c\u043d\u0438. \u041c\u0430\u0442\u0435\u0440\u0438\u0430\u043b\u044b: \u0414\u0421\u041f 16 \u043c\u043c \u0438 25 \u043c\u043c, \u043a\u0440\u043e\u043c\u043a\u0430 \u0438\u0437 ABS-\u043f\u043b\u0430\u0441\u0442\u0438\u043a\u0430, \u0434\u043e\u0432\u043e\u0434\u0447\u0438\u043a\u0438, \u043d\u0430\u043f\u0440\u0430\u0432\u043b\u044f\u044e\u0449\u0438\u0435 \u043f\u043e\u043b\u043d\u043e\u0433\u043e \u043e\u0442\u043a\u0440\u044b\u0442\u0438\u044f. \u0426\u0432\u0435\u0442: \u0437\u043e\u043b\u043e\u0442\u0438\u0441\u0442\u044b\u0439 \u0434\u0443\u0431 \/ \u043a\u043e\u0440\u0438\u0447\u043d\u0435\u0432\u044b\u0439 \u00ab\u0413\u0440\u0430\u043d\u0430\u0434\u0430\u00bb.<\/p>","protected":false},"excerpt":{"rendered":"<p>\u0428\u0438\u0440\u0438\u043d\u0430 [\u0441\u043c]: 97<br \/>\n\u0412\u044b\u0441\u043e\u0442\u0430 [\u0441\u043c]: 186<br \/>\n\u0413\u043b\u0443\u0431\u0438\u043d\u0430 [\u0441\u043c]: 57<br \/>\n\u041e\u0431\u044a\u0435\u043c [\u043c\u00b3]: 0,166<br \/>\n\u0420\u0430\u0437\u043c\u0435\u0440\u044b \u0448\u043a\u0430\u0444\u0430: 2 \u0434\u0432\u0435\u0440\u0438<br \/>\n\u0412\u0435\u0441 [\u043a\u0433]: 77<\/p>","protected":false},"featured_media":226802,"comment_status":"open","ping_status":"open","template":"","meta":[],"product_brand":[],"product_cat":[8386,1177],"product_tag":[],"class_list":{"0":"post-226801","1":"product","2":"type-product","3":"status-publish","4":"has-post-thumbnail","6":"product_cat-meblocross","7":"product_cat-wardrobes","9":"first","10":"instock","11":"purchasable","12":"product-type-simple"},"_links":{"self":[{"href":"https:\/\/baldumarket.lt\/ru\/wp-json\/wp\/v2\/product\/226801","targetHints":{"allow":["GET"]}}],"collection":[{"href":"https:\/\/baldumarket.lt\/ru\/wp-json\/wp\/v2\/product"}],"about":[{"href":"https:\/\/baldumarket.lt\/ru\/wp-json\/wp\/v2\/types\/product"}],"replies":[{"embeddable":true,"href":"https:\/\/baldumarket.lt\/ru\/wp-json\/wp\/v2\/comments?post=226801"}],"wp:featuredmedia":[{"embeddable":true,"href":"https:\/\/baldumarket.lt\/ru\/wp-json\/wp\/v2\/media\/226802"}],"wp:attachment":[{"href":"https:\/\/baldumarket.lt\/ru\/wp-json\/wp\/v2\/media?parent=226801"}],"wp:term":[{"taxonomy":"product_brand","embeddable":true,"href":"https:\/\/baldumarket.lt\/ru\/wp-json\/wp\/v2\/product_brand?post=226801"},{"taxonomy":"product_cat","embeddable":true,"href":"https:\/\/baldumarket.lt\/ru\/wp-json\/wp\/v2\/product_cat?post=226801"},{"taxonomy":"product_tag","embeddable":true,"href":"https:\/\/baldumarket.lt\/ru\/wp-json\/wp\/v2\/product_tag?post=226801"}],"curies":[{"name":"WP","href":"https:\/\/api.w.org\/{rel}","templated":true}]}}