{"id":226504,"date":"2025-12-28T05:04:37","date_gmt":"2025-12-28T02:04:37","guid":{"rendered":"https:\/\/baldumarket.lt\/product\/meble-dox-08-mala-komoda-stolik-szafka-rtv-z-szuflada-dab-cremona-granada\/"},"modified":"2026-02-11T18:37:31","modified_gmt":"2026-02-11T15:37:31","slug":"meble-dox-08-mala-komoda-stolik-szafka-rtv-z-szuflada-dab-cremona-granada","status":"publish","type":"product","link":"https:\/\/baldumarket.lt\/ru\/product\/meble-dox-08-mala-komoda-stolik-szafka-rtv-z-szuflada-dab-cremona-granada\/","title":{"rendered":"DOX 08 Baldai ma\u017ea komoda stalas TV spintel\u0117 su stal\u010diumi kremona granada \u0105\u017euolas"},"content":{"rendered":"<p>\u0422\u0443\u043c\u0431\u0430 \u043f\u043e\u0434 \u0442\u0435\u043b\u0435\u0432\u0438\u0437\u043e\u0440 DOX 08 1d1s<br \/>\n\u0414\u043e\u043f\u043e\u043b\u043d\u0438\u0442\u0435\u043b\u044c\u043d\u0430\u044f \u0438\u043d\u0444\u043e\u0440\u043c\u0430\u0446\u0438\u044f \u043e \u0441\u0438\u0441\u0442\u0435\u043c\u0435 DOX: \u043b\u0430\u043c\u0438\u043d\u0438\u0440\u043e\u0432\u0430\u043d\u043d\u0430\u044f \u043f\u043b\u0438\u0442\u0430 \u0442\u043e\u043b\u0449\u0438\u043d\u043e\u0439 16 \u043c\u043c, 25 \u043c\u043c, \u043c\u0435\u0445\u0430\u043d\u0438\u0437\u043c \u043f\u043b\u0430\u0432\u043d\u043e\u0433\u043e \u043e\u0442\u043a\u0440\u044b\u0432\u0430\u043d\u0438\u044f, \u043a\u0440\u043e\u043c\u043a\u0430 \u0438\u0437 ABS-\u043f\u043b\u0430\u0441\u0442\u0438\u043a\u0430, \u043d\u043e\u0436\u043a\u0438 \u0438\u0437 ABS-\u043f\u043b\u0430\u0441\u0442\u0438\u043a\u0430 \u0432\u044b\u0441\u043e\u0442\u043e\u0439 12 \u0441\u043c, \u0446\u0432\u0435\u0442\u0430: \u0434\u0443\u0431 \u00ab\u041a\u0440\u0435\u043c\u043e\u043d\u0430\u00bb \/ \u043c\u0438\u043d\u0434\u0430\u043b\u044c \u00ab\u0413\u0440\u0430\u043d\u0430\u0434\u0430\u00bb \/ \u043a\u043e\u0440\u0438\u0447\u043d\u0435\u0432\u044b\u0439 \u00ab\u0413\u0440\u0430\u043d\u0430\u0434\u0430\u00bb.<\/p>","protected":false},"excerpt":{"rendered":"<p>\u0428\u0438\u0440\u0438\u043d\u0430 [\u0441\u043c]: 125<br \/>\n\u0412\u044b\u0441\u043e\u0442\u0430 [\u0441\u043c]: 49<br \/>\n\u0413\u043b\u0443\u0431\u0438\u043d\u0430 [\u0441\u043c]: 42<br \/>\n\u0412\u0435\u0441 [\u043a\u0433]: 28,5<br \/>\n\u0426\u0432\u0435\u0442\u0430: \u041a\u0440\u0435\u043c\u043e\u043d\u0430 \u0434\u0443\u0431, \u0413\u0440\u0430\u043d\u0430\u0434\u0430 \u043c\u0438\u043d\u0434\u0430\u043b\u044c, \u0413\u0440\u0430\u043d\u0430\u0434\u0430 \u043a\u043e\u0440\u0438\u0447\u043d\u0435\u0432\u044b\u0439<\/p>","protected":false},"featured_media":226505,"comment_status":"open","ping_status":"open","template":"","meta":[],"product_brand":[],"product_cat":[8386,1175],"product_tag":[],"class_list":{"0":"post-226504","1":"product","2":"type-product","3":"status-publish","4":"has-post-thumbnail","6":"product_cat-meblocross","7":"product_cat-tv-stands","9":"first","10":"instock","11":"purchasable","12":"product-type-simple"},"_links":{"self":[{"href":"https:\/\/baldumarket.lt\/ru\/wp-json\/wp\/v2\/product\/226504","targetHints":{"allow":["GET"]}}],"collection":[{"href":"https:\/\/baldumarket.lt\/ru\/wp-json\/wp\/v2\/product"}],"about":[{"href":"https:\/\/baldumarket.lt\/ru\/wp-json\/wp\/v2\/types\/product"}],"replies":[{"embeddable":true,"href":"https:\/\/baldumarket.lt\/ru\/wp-json\/wp\/v2\/comments?post=226504"}],"wp:featuredmedia":[{"embeddable":true,"href":"https:\/\/baldumarket.lt\/ru\/wp-json\/wp\/v2\/media\/226505"}],"wp:attachment":[{"href":"https:\/\/baldumarket.lt\/ru\/wp-json\/wp\/v2\/media?parent=226504"}],"wp:term":[{"taxonomy":"product_brand","embeddable":true,"href":"https:\/\/baldumarket.lt\/ru\/wp-json\/wp\/v2\/product_brand?post=226504"},{"taxonomy":"product_cat","embeddable":true,"href":"https:\/\/baldumarket.lt\/ru\/wp-json\/wp\/v2\/product_cat?post=226504"},{"taxonomy":"product_tag","embeddable":true,"href":"https:\/\/baldumarket.lt\/ru\/wp-json\/wp\/v2\/product_tag?post=226504"}],"curies":[{"name":"WP","href":"https:\/\/api.w.org\/{rel}","templated":true}]}}