{"id":226452,"date":"2025-12-28T05:02:31","date_gmt":"2025-12-28T02:02:31","guid":{"rendered":"https:\/\/baldumarket.lt\/product\/meble-dox-11-szafka-polka-wiszaca-scienna-na-ksiazki-artisan-bialy-czarny\/"},"modified":"2026-02-11T18:37:33","modified_gmt":"2026-02-11T15:37:33","slug":"meble-dox-11-szafka-polka-wiszaca-scienna-na-ksiazki-artisan-bialy-czarny","status":"publish","type":"product","link":"https:\/\/baldumarket.lt\/ru\/product\/meble-dox-11-szafka-polka-wiszaca-scienna-na-ksiazki-artisan-bialy-czarny\/","title":{"rendered":"DOX 11 bald\u0173 spintel\u0117, pakabinama sienin\u0117 knyg\u0173 lentyna, artisan, balta\/juoda"},"content":{"rendered":"<p>\u041d\u0430\u0441\u0442\u0435\u043d\u043d\u044b\u0439 \u0448\u043a\u0430\u0444 DOX 11 \u0441 \u043e\u0434\u043d\u0438\u043c \u0432\u044b\u0434\u0432\u0438\u0436\u043d\u044b\u043c \u044f\u0449\u0438\u043a\u043e\u043c<br \/>\n\u0414\u043e\u043f\u043e\u043b\u043d\u0438\u0442\u0435\u043b\u044c\u043d\u0430\u044f \u0438\u043d\u0444\u043e\u0440\u043c\u0430\u0446\u0438\u044f \u043e \u0441\u0438\u0441\u0442\u0435\u043c\u0435 DOX: \u043b\u0430\u043c\u0438\u043d\u0438\u0440\u043e\u0432\u0430\u043d\u043d\u0430\u044f \u043f\u043b\u0438\u0442\u0430 16 \u043c\u043c, 25 \u043c\u043c, \u0434\u043e\u0432\u043e\u0434\u0447\u0438\u043a, \u043a\u0440\u043e\u043c\u043a\u0430 \u0438\u0437 ABS-\u043f\u043b\u0430\u0441\u0442\u0438\u043a\u0430, \u043d\u043e\u0436\u043a\u0438 \u0438\u0437 ABS-\u043f\u043b\u0430\u0441\u0442\u0438\u043a\u0430 12 \u0441\u043c, \u0446\u0432\u0435\u0442\u0430: \u0434\u0443\u0431 \u0440\u0443\u0447\u043d\u043e\u0439 \u0440\u0430\u0431\u043e\u0442\u044b \/ \u0431\u0435\u043b\u044b\u0439 \/ \u0447\u0435\u0440\u043d\u044b\u0439.<\/p>","protected":false},"excerpt":{"rendered":"<p>\u0428\u0438\u0440\u0438\u043d\u0430 [\u0441\u043c]: 125<br \/>\n\u0412\u044b\u0441\u043e\u0442\u0430 [\u0441\u043c]: 37<br \/>\n\u0413\u043b\u0443\u0431\u0438\u043d\u0430 [\u0441\u043c]: 27<br \/>\n\u0412\u0435\u0441 [\u043a\u0433]: 17<br \/>\n\u0426\u0432\u0435\u0442\u0430: \u0434\u0443\u0431 \u0440\u0443\u0447\u043d\u043e\u0439 \u0440\u0430\u0431\u043e\u0442\u044b, \u0447\u0435\u0440\u043d\u044b\u0439, \u0431\u0435\u043b\u044b\u0439<\/p>","protected":false},"featured_media":226453,"comment_status":"open","ping_status":"open","template":"","meta":[],"product_brand":[],"product_cat":[1174,8386],"product_tag":[],"class_list":{"0":"post-226452","1":"product","2":"type-product","3":"status-publish","4":"has-post-thumbnail","6":"product_cat-hanging-shelves","7":"product_cat-meblocross","9":"first","10":"instock","11":"purchasable","12":"product-type-simple"},"_links":{"self":[{"href":"https:\/\/baldumarket.lt\/ru\/wp-json\/wp\/v2\/product\/226452","targetHints":{"allow":["GET"]}}],"collection":[{"href":"https:\/\/baldumarket.lt\/ru\/wp-json\/wp\/v2\/product"}],"about":[{"href":"https:\/\/baldumarket.lt\/ru\/wp-json\/wp\/v2\/types\/product"}],"replies":[{"embeddable":true,"href":"https:\/\/baldumarket.lt\/ru\/wp-json\/wp\/v2\/comments?post=226452"}],"wp:featuredmedia":[{"embeddable":true,"href":"https:\/\/baldumarket.lt\/ru\/wp-json\/wp\/v2\/media\/226453"}],"wp:attachment":[{"href":"https:\/\/baldumarket.lt\/ru\/wp-json\/wp\/v2\/media?parent=226452"}],"wp:term":[{"taxonomy":"product_brand","embeddable":true,"href":"https:\/\/baldumarket.lt\/ru\/wp-json\/wp\/v2\/product_brand?post=226452"},{"taxonomy":"product_cat","embeddable":true,"href":"https:\/\/baldumarket.lt\/ru\/wp-json\/wp\/v2\/product_cat?post=226452"},{"taxonomy":"product_tag","embeddable":true,"href":"https:\/\/baldumarket.lt\/ru\/wp-json\/wp\/v2\/product_tag?post=226452"}],"curies":[{"name":"WP","href":"https:\/\/api.w.org\/{rel}","templated":true}]}}