{"id":225980,"date":"2025-12-28T04:43:58","date_gmt":"2025-12-28T01:43:58","guid":{"rendered":"https:\/\/baldumarket.lt\/product\/meble-epa-02-biurko-narozne-gamingowe\/"},"modified":"2026-02-11T18:37:40","modified_gmt":"2026-02-11T15:37:40","slug":"meble-epa-02-biurko-narozne-gamingowe","status":"publish","type":"product","link":"https:\/\/baldumarket.lt\/ru\/product\/meble-epa-02-biurko-narozne-gamingowe\/","title":{"rendered":"EPA 02 Bald\u0173 kampinis \u017eaidim\u0173 stalas"},"content":{"rendered":"<p>\u0423\u0433\u043b\u043e\u0432\u043e\u0439 \u0441\u0442\u043e\u043b EPA 02 120L 1d2s<br \/>\n\u0414\u043e\u0441\u0442\u0443\u043f\u043d\u044b\u0435 \u0446\u0432\u0435\u0442\u0430: \u0414\u0443\u0431 \u0441 \u0442\u043e\u0440\u0446\u0435\u0432\u044b\u043c \u0441\u0440\u0435\u0437\u043e\u043c \/ \u0411\u0435\u043b\u044b\u0439 \/ \u0427\u0435\u0440\u043d\u044b\u0439 \u0431\u0435\u0442\u043e\u043d, \u0414\u0443\u0431 \u0441 \u0442\u043e\u0440\u0446\u0435\u0432\u044b\u043c \u0441\u0440\u0435\u0437\u043e\u043c \/ \u0411\u0435\u043b\u044b\u0439 \/ \u0421\u0435\u0440\u044b\u0439 \u0431\u0435\u0442\u043e\u043d, \u0414\u0443\u0431 \u0441 \u0442\u043e\u0440\u0446\u0435\u0432\u044b\u043c \u0441\u0440\u0435\u0437\u043e\u043c \/ \u0411\u0435\u043b\u044b\u0439 \/ \u0421\u0438\u043d\u0438\u0439, \u0414\u0443\u0431 \u0441 \u0442\u043e\u0440\u0446\u0435\u0432\u044b\u043c \u0441\u0440\u0435\u0437\u043e\u043c \/ \u0411\u0435\u043b\u044b\u0439 \/ \u041a\u0440\u0435\u043c\u043e\u0432\u044b\u0439, \u0414\u0443\u0431 \u0441 \u0442\u043e\u0440\u0446\u0435\u0432\u044b\u043c \u0441\u0440\u0435\u0437\u043e\u043c \/ \u0411\u0435\u043b\u044b\u0439 \/ \u041b\u0430\u0432\u0430\u043d\u0434\u043e\u0432\u044b\u0439<\/p>","protected":false},"excerpt":{"rendered":"<p>\u0428\u0438\u0440\u0438\u043d\u0430 [\u0441\u043c]: 120<br \/>\n\u0412\u044b\u0441\u043e\u0442\u0430 [\u0441\u043c]: 76<br \/>\n\u0413\u043b\u0443\u0431\u0438\u043d\u0430 [\u0441\u043c]: 120<br \/>\n\u0412\u0435\u0441 [\u043a\u0433]: 50<\/p>","protected":false},"featured_media":225981,"comment_status":"open","ping_status":"open","template":"","meta":[],"product_brand":[],"product_cat":[1312,8386],"product_tag":[],"class_list":{"0":"post-225980","1":"product","2":"type-product","3":"status-publish","4":"has-post-thumbnail","6":"product_cat-desks","7":"product_cat-meblocross","9":"first","10":"instock","11":"purchasable","12":"product-type-simple"},"_links":{"self":[{"href":"https:\/\/baldumarket.lt\/ru\/wp-json\/wp\/v2\/product\/225980","targetHints":{"allow":["GET"]}}],"collection":[{"href":"https:\/\/baldumarket.lt\/ru\/wp-json\/wp\/v2\/product"}],"about":[{"href":"https:\/\/baldumarket.lt\/ru\/wp-json\/wp\/v2\/types\/product"}],"replies":[{"embeddable":true,"href":"https:\/\/baldumarket.lt\/ru\/wp-json\/wp\/v2\/comments?post=225980"}],"wp:featuredmedia":[{"embeddable":true,"href":"https:\/\/baldumarket.lt\/ru\/wp-json\/wp\/v2\/media\/225981"}],"wp:attachment":[{"href":"https:\/\/baldumarket.lt\/ru\/wp-json\/wp\/v2\/media?parent=225980"}],"wp:term":[{"taxonomy":"product_brand","embeddable":true,"href":"https:\/\/baldumarket.lt\/ru\/wp-json\/wp\/v2\/product_brand?post=225980"},{"taxonomy":"product_cat","embeddable":true,"href":"https:\/\/baldumarket.lt\/ru\/wp-json\/wp\/v2\/product_cat?post=225980"},{"taxonomy":"product_tag","embeddable":true,"href":"https:\/\/baldumarket.lt\/ru\/wp-json\/wp\/v2\/product_tag?post=225980"}],"curies":[{"name":"WP","href":"https:\/\/api.w.org\/{rel}","templated":true}]}}