{"id":225792,"date":"2025-12-28T04:36:39","date_gmt":"2025-12-28T01:36:39","guid":{"rendered":"https:\/\/baldumarket.lt\/product\/meble-gaves-1-pokojowe-mebloscianka-regal-szafka-rtv-polka-wiszaca-artisan\/"},"modified":"2026-02-11T18:37:44","modified_gmt":"2026-02-11T15:37:44","slug":"meble-gaves-1-pokojowe-mebloscianka-regal-szafka-rtv-polka-wiszaca-artisan","status":"publish","type":"product","link":"https:\/\/baldumarket.lt\/ru\/product\/meble-gaves-1-pokojowe-mebloscianka-regal-szafka-rtv-polka-wiszaca-artisan\/","title":{"rendered":"GAVES #1 Baldai Svetainei sienin\u0117 spintel\u0117 knyg\u0173 lentyna TV spintel\u0117 pakabinama lentyna amatininkas"},"content":{"rendered":"<p>\u041d\u0430\u0431\u043e\u0440 GAVES 1<br \/>\n\u0412 \u043a\u043e\u043c\u043f\u043b\u0435\u043a\u0442 \u0432\u0445\u043e\u0434\u044f\u0442: \u0441\u0442\u0435\u043b\u043b\u0430\u0436 GAVES 06 80\/119\/42 \u2013 46 \u043a\u0433 \u2013 2 \u0448\u0442.; \u0441\u0442\u0435\u043b\u043b\u0430\u0436 GAVES 09 80\/154\/42 \u2013 52 \u043a\u0433 \u2013 2 \u0448\u0442.; \u043f\u043e\u0434\u0441\u0442\u0430\u0432\u043a\u0430 \u043f\u043e\u0434 \u0442\u0435\u043b\u0435\u0432\u0438\u0437\u043e\u0440 GAVES 12 120\/60\/42 \u2013 33 \u043a\u0433 \u2013 1 \u0448\u0442.; \u043f\u043e\u0434\u0432\u0435\u0441\u043d\u0430\u044f \u043f\u043e\u043b\u043a\u0430 GAVES 15 120\/33\/32 \u2013 15 \u043a\u0433 \u2013 1 \u0448\u0442. \u0426\u0432\u0435\u0442: \u0414\u0443\u0431 \u0440\u0443\u0447\u043d\u043e\u0439 \u0440\u0430\u0431\u043e\u0442\u044b \/ \u0427\u0435\u0440\u043d\u044b\u0439<\/p>","protected":false},"excerpt":{"rendered":"<p>\u0412\u0435\u0441 [\u043a\u0433]: 146<br \/>\n\u0426\u0432\u0435\u0442\u0430: \u0434\u0443\u0431 \u0440\u0443\u0447\u043d\u043e\u0439 \u0440\u0430\u0431\u043e\u0442\u044b, \u0447\u0435\u0440\u043d\u044b\u0439<\/p>","protected":false},"featured_media":225793,"comment_status":"open","ping_status":"open","template":"","meta":[],"product_brand":[],"product_cat":[8386,2008],"product_tag":[],"class_list":{"0":"post-225792","1":"product","2":"type-product","3":"status-publish","4":"has-post-thumbnail","6":"product_cat-meblocross","7":"product_cat-wall-units","9":"first","10":"instock","11":"purchasable","12":"product-type-simple"},"_links":{"self":[{"href":"https:\/\/baldumarket.lt\/ru\/wp-json\/wp\/v2\/product\/225792","targetHints":{"allow":["GET"]}}],"collection":[{"href":"https:\/\/baldumarket.lt\/ru\/wp-json\/wp\/v2\/product"}],"about":[{"href":"https:\/\/baldumarket.lt\/ru\/wp-json\/wp\/v2\/types\/product"}],"replies":[{"embeddable":true,"href":"https:\/\/baldumarket.lt\/ru\/wp-json\/wp\/v2\/comments?post=225792"}],"wp:featuredmedia":[{"embeddable":true,"href":"https:\/\/baldumarket.lt\/ru\/wp-json\/wp\/v2\/media\/225793"}],"wp:attachment":[{"href":"https:\/\/baldumarket.lt\/ru\/wp-json\/wp\/v2\/media?parent=225792"}],"wp:term":[{"taxonomy":"product_brand","embeddable":true,"href":"https:\/\/baldumarket.lt\/ru\/wp-json\/wp\/v2\/product_brand?post=225792"},{"taxonomy":"product_cat","embeddable":true,"href":"https:\/\/baldumarket.lt\/ru\/wp-json\/wp\/v2\/product_cat?post=225792"},{"taxonomy":"product_tag","embeddable":true,"href":"https:\/\/baldumarket.lt\/ru\/wp-json\/wp\/v2\/product_tag?post=225792"}],"curies":[{"name":"WP","href":"https:\/\/api.w.org\/{rel}","templated":true}]}}