{"id":225768,"date":"2025-12-28T04:35:41","date_gmt":"2025-12-28T01:35:41","guid":{"rendered":"https:\/\/baldumarket.lt\/product\/meble-gaves-9-pokojowe-mebloscianka-szafa-regal-komoda-dab-cremona-czarny\/"},"modified":"2026-02-11T18:37:45","modified_gmt":"2026-02-11T15:37:45","slug":"meble-gaves-9-pokojowe-mebloscianka-szafa-regal-komoda-dab-cremona-czarny","status":"publish","type":"product","link":"https:\/\/baldumarket.lt\/ru\/product\/meble-gaves-9-pokojowe-mebloscianka-szafa-regal-komoda-dab-cremona-czarny\/","title":{"rendered":"GAVES #9 svetain\u0117s baldai, sienin\u0117 spintel\u0117, drabu\u017ei\u0173 spinta, lentyna, komoda, \u0105\u017euolas \u201eCremona\u201c, juoda"},"content":{"rendered":"<p>\u041d\u0430\u0431\u043e\u0440 GAVES \u0438\u0437 9 \u043f\u0440\u0435\u0434\u043c\u0435\u0442\u043e\u0432<br \/>\n\u0412 \u043a\u043e\u043c\u043f\u043b\u0435\u043a\u0442 \u0432\u0445\u043e\u0434\u044f\u0442: \u043a\u043e\u043c\u043e\u0434 GAVES 03 150\/85\/42 \u2013 35 \u043a\u0433 \u2013 1 \u0448\u0442., \u043f\u043e\u043b\u043a\u0430 GAVES 07 60\/190\/42 \u2013 49 \u043a\u0433 \u2013 2 \u0448\u0442., \u043f\u043e\u043b\u043a\u0430 GAVES 09 80\/154\/42 \u2013 52 \u043a\u0433 \u2013 2 \u0448\u0442., \u043f\u043e\u043b\u043a\u0430 GAVES 10 80\/190\/42 \u2013 62 \u043a\u0433 \u2013 2 \u0448\u0442., \u043f\u043e\u043b\u043a\u0430 GAVES 11 60\/190\/42 \u2013 43 \u043a\u0433 \u2013 2 \u0448\u0442. \u0426\u0432\u0435\u0442: \u043a\u0440\u0435\u043c\u043e\u0432\u044b\u0439 \u0434\u0443\u0431 \/ \u0447\u0435\u0440\u043d\u044b\u0439<\/p>","protected":false},"excerpt":{"rendered":"<p>\u0412\u0435\u0441 [\u043a\u0433]: 241<\/p>","protected":false},"featured_media":225769,"comment_status":"open","ping_status":"open","template":"","meta":[],"product_brand":[],"product_cat":[8386,2008],"product_tag":[],"class_list":{"0":"post-225768","1":"product","2":"type-product","3":"status-publish","4":"has-post-thumbnail","6":"product_cat-meblocross","7":"product_cat-wall-units","9":"first","10":"instock","11":"purchasable","12":"product-type-simple"},"_links":{"self":[{"href":"https:\/\/baldumarket.lt\/ru\/wp-json\/wp\/v2\/product\/225768","targetHints":{"allow":["GET"]}}],"collection":[{"href":"https:\/\/baldumarket.lt\/ru\/wp-json\/wp\/v2\/product"}],"about":[{"href":"https:\/\/baldumarket.lt\/ru\/wp-json\/wp\/v2\/types\/product"}],"replies":[{"embeddable":true,"href":"https:\/\/baldumarket.lt\/ru\/wp-json\/wp\/v2\/comments?post=225768"}],"wp:featuredmedia":[{"embeddable":true,"href":"https:\/\/baldumarket.lt\/ru\/wp-json\/wp\/v2\/media\/225769"}],"wp:attachment":[{"href":"https:\/\/baldumarket.lt\/ru\/wp-json\/wp\/v2\/media?parent=225768"}],"wp:term":[{"taxonomy":"product_brand","embeddable":true,"href":"https:\/\/baldumarket.lt\/ru\/wp-json\/wp\/v2\/product_brand?post=225768"},{"taxonomy":"product_cat","embeddable":true,"href":"https:\/\/baldumarket.lt\/ru\/wp-json\/wp\/v2\/product_cat?post=225768"},{"taxonomy":"product_tag","embeddable":true,"href":"https:\/\/baldumarket.lt\/ru\/wp-json\/wp\/v2\/product_tag?post=225768"}],"curies":[{"name":"WP","href":"https:\/\/api.w.org\/{rel}","templated":true}]}}