{"id":225748,"date":"2025-12-28T04:34:51","date_gmt":"2025-12-28T01:34:51","guid":{"rendered":"https:\/\/baldumarket.lt\/product\/meble-gaves-01-komoda-z-szufladami-na-nozkach-do-salonu-dab-endgrain-bialy\/"},"modified":"2026-02-11T18:37:46","modified_gmt":"2026-02-11T15:37:46","slug":"meble-gaves-01-komoda-z-szufladami-na-nozkach-do-salonu-dab-endgrain-bialy","status":"publish","type":"product","link":"https:\/\/baldumarket.lt\/ru\/product\/meble-gaves-01-komoda-z-szufladami-na-nozkach-do-salonu-dab-endgrain-bialy\/","title":{"rendered":"GAVES 01 Bald\u0173 komoda su kojel\u0117mis svetainei, baltas \u0105\u017euolas su gofruotu ra\u0161tu"},"content":{"rendered":"<p>GAVES 01 \u041a\u043e\u043c\u043e\u0434 1d2s<br \/>\n\u0426\u0432\u0435\u0442: \u0414\u0443\u0431 \u0441 \u0442\u043e\u0440\u0446\u0435\u0432\u044b\u043c \u0441\u0440\u0435\u0437\u043e\u043c \/ \u0411\u0435\u043b\u044b\u0439<\/p>","protected":false},"excerpt":{"rendered":"<p>\u0428\u0438\u0440\u0438\u043d\u0430 [\u0441\u043c]: 90<br \/>\n\u0412\u044b\u0441\u043e\u0442\u0430 [\u0441\u043c]: 85<br \/>\n\u0413\u043b\u0443\u0431\u0438\u043d\u0430 [\u0441\u043c]: 42<br \/>\n\u0412\u0435\u0441 [\u043a\u0433]: 41<br \/>\n\u0426\u0432\u0435\u0442\u0430: \u0434\u0443\u0431 \u0441 \u0442\u043e\u0440\u0446\u0435\u0432\u044b\u043c \u0441\u0440\u0435\u0437\u043e\u043c, \u0431\u0435\u043b\u044b\u0439<\/p>","protected":false},"featured_media":225749,"comment_status":"open","ping_status":"open","template":"","meta":[],"product_brand":[],"product_cat":[1173,8386],"product_tag":[],"class_list":{"0":"post-225748","1":"product","2":"type-product","3":"status-publish","4":"has-post-thumbnail","6":"product_cat-chests-of-drawers","7":"product_cat-meblocross","9":"first","10":"instock","11":"purchasable","12":"product-type-simple"},"_links":{"self":[{"href":"https:\/\/baldumarket.lt\/ru\/wp-json\/wp\/v2\/product\/225748","targetHints":{"allow":["GET"]}}],"collection":[{"href":"https:\/\/baldumarket.lt\/ru\/wp-json\/wp\/v2\/product"}],"about":[{"href":"https:\/\/baldumarket.lt\/ru\/wp-json\/wp\/v2\/types\/product"}],"replies":[{"embeddable":true,"href":"https:\/\/baldumarket.lt\/ru\/wp-json\/wp\/v2\/comments?post=225748"}],"wp:featuredmedia":[{"embeddable":true,"href":"https:\/\/baldumarket.lt\/ru\/wp-json\/wp\/v2\/media\/225749"}],"wp:attachment":[{"href":"https:\/\/baldumarket.lt\/ru\/wp-json\/wp\/v2\/media?parent=225748"}],"wp:term":[{"taxonomy":"product_brand","embeddable":true,"href":"https:\/\/baldumarket.lt\/ru\/wp-json\/wp\/v2\/product_brand?post=225748"},{"taxonomy":"product_cat","embeddable":true,"href":"https:\/\/baldumarket.lt\/ru\/wp-json\/wp\/v2\/product_cat?post=225748"},{"taxonomy":"product_tag","embeddable":true,"href":"https:\/\/baldumarket.lt\/ru\/wp-json\/wp\/v2\/product_tag?post=225748"}],"curies":[{"name":"WP","href":"https:\/\/api.w.org\/{rel}","templated":true}]}}