{"id":225518,"date":"2025-12-28T04:25:48","date_gmt":"2025-12-28T01:25:48","guid":{"rendered":"https:\/\/baldumarket.lt\/product\/meble-gaves-11-wysoki-regal-z-polkami-szufladami-loft-bialy-czarny\/"},"modified":"2026-02-11T18:37:51","modified_gmt":"2026-02-11T15:37:51","slug":"meble-gaves-11-wysoki-regal-z-polkami-szufladami-loft-bialy-czarny","status":"publish","type":"product","link":"https:\/\/baldumarket.lt\/ru\/product\/meble-gaves-11-wysoki-regal-z-polkami-szufladami-loft-bialy-czarny\/","title":{"rendered":"GAVES 11 baldai, auk\u0161ta lentyna su lentynomis ir stal\u010diais, pal\u0117p\u0117, balta, juoda"},"content":{"rendered":"<p>\u0422\u0440\u0435\u0445\u044d\u0442\u0430\u0436\u043d\u044b\u0439 \u0441\u0442\u0435\u043b\u043b\u0430\u0436 GAVES 11<br \/>\n\u0426\u0432\u0435\u0442: \u0431\u0435\u043b\u044b\u0439\/\u0447\u0435\u0440\u043d\u044b\u0439<\/p>","protected":false},"excerpt":{"rendered":"<p>\u0428\u0438\u0440\u0438\u043d\u0430 [\u0441\u043c]: 60<br \/>\n\u0412\u044b\u0441\u043e\u0442\u0430 [\u0441\u043c]: 190<br \/>\n\u0413\u043b\u0443\u0431\u0438\u043d\u0430 [\u0441\u043c]: 42<br \/>\n\u0412\u0435\u0441 [\u043a\u0433]: 43<br \/>\n\u0426\u0432\u0435\u0442\u0430: \u0447\u0435\u0440\u043d\u044b\u0439, \u0431\u0435\u043b\u044b\u0439<\/p>","protected":false},"featured_media":225519,"comment_status":"open","ping_status":"open","template":"","meta":[],"product_brand":[],"product_cat":[8386,1987],"product_tag":[],"class_list":{"0":"post-225518","1":"product","2":"type-product","3":"status-publish","4":"has-post-thumbnail","6":"product_cat-meblocross","7":"product_cat-shelving-units","9":"first","10":"instock","11":"purchasable","12":"product-type-simple"},"_links":{"self":[{"href":"https:\/\/baldumarket.lt\/ru\/wp-json\/wp\/v2\/product\/225518","targetHints":{"allow":["GET"]}}],"collection":[{"href":"https:\/\/baldumarket.lt\/ru\/wp-json\/wp\/v2\/product"}],"about":[{"href":"https:\/\/baldumarket.lt\/ru\/wp-json\/wp\/v2\/types\/product"}],"replies":[{"embeddable":true,"href":"https:\/\/baldumarket.lt\/ru\/wp-json\/wp\/v2\/comments?post=225518"}],"wp:featuredmedia":[{"embeddable":true,"href":"https:\/\/baldumarket.lt\/ru\/wp-json\/wp\/v2\/media\/225519"}],"wp:attachment":[{"href":"https:\/\/baldumarket.lt\/ru\/wp-json\/wp\/v2\/media?parent=225518"}],"wp:term":[{"taxonomy":"product_brand","embeddable":true,"href":"https:\/\/baldumarket.lt\/ru\/wp-json\/wp\/v2\/product_brand?post=225518"},{"taxonomy":"product_cat","embeddable":true,"href":"https:\/\/baldumarket.lt\/ru\/wp-json\/wp\/v2\/product_cat?post=225518"},{"taxonomy":"product_tag","embeddable":true,"href":"https:\/\/baldumarket.lt\/ru\/wp-json\/wp\/v2\/product_tag?post=225518"}],"curies":[{"name":"WP","href":"https:\/\/api.w.org\/{rel}","templated":true}]}}