{"id":225494,"date":"2025-12-28T04:24:47","date_gmt":"2025-12-28T01:24:47","guid":{"rendered":"https:\/\/baldumarket.lt\/product\/meble-gaves-12-komoda-stolik-szafka-rtv-do-salonu-loft-bialy-czarny\/"},"modified":"2026-02-11T18:37:51","modified_gmt":"2026-02-11T15:37:51","slug":"meble-gaves-12-komoda-stolik-szafka-rtv-do-salonu-loft-bialy-czarny","status":"publish","type":"product","link":"https:\/\/baldumarket.lt\/ru\/product\/meble-gaves-12-komoda-stolik-szafka-rtv-do-salonu-loft-bialy-czarny\/","title":{"rendered":"GAVES 12 Bald\u0173 Komoda Su Stal\u010diukais, TV Spintel\u0117 Svetainei, Pal\u0117p\u0117, Balta, Juoda"},"content":{"rendered":"<p>\u041f\u043e\u0434\u0441\u0442\u0430\u0432\u043a\u0430 \u0434\u043b\u044f \u0442\u0435\u043b\u0435\u0432\u0438\u0437\u043e\u0440\u0430 GAVES 12 1d1s<br \/>\n\u0426\u0432\u0435\u0442: \u0431\u0435\u043b\u044b\u0439\/\u0447\u0435\u0440\u043d\u044b\u0439<\/p>","protected":false},"excerpt":{"rendered":"<p>\u0428\u0438\u0440\u0438\u043d\u0430 [\u0441\u043c]: 120<br \/>\n\u0412\u044b\u0441\u043e\u0442\u0430 [\u0441\u043c]: 60<br \/>\n\u0413\u043b\u0443\u0431\u0438\u043d\u0430 [\u0441\u043c]: 42<br \/>\n\u0412\u0435\u0441 [\u043a\u0433]: 33<br \/>\n\u0426\u0432\u0435\u0442\u0430: \u0447\u0435\u0440\u043d\u044b\u0439, \u0431\u0435\u043b\u044b\u0439<\/p>","protected":false},"featured_media":225495,"comment_status":"open","ping_status":"open","template":"","meta":[],"product_brand":[],"product_cat":[8386,1175],"product_tag":[],"class_list":{"0":"post-225494","1":"product","2":"type-product","3":"status-publish","4":"has-post-thumbnail","6":"product_cat-meblocross","7":"product_cat-tv-stands","9":"first","10":"instock","11":"purchasable","12":"product-type-simple"},"_links":{"self":[{"href":"https:\/\/baldumarket.lt\/ru\/wp-json\/wp\/v2\/product\/225494","targetHints":{"allow":["GET"]}}],"collection":[{"href":"https:\/\/baldumarket.lt\/ru\/wp-json\/wp\/v2\/product"}],"about":[{"href":"https:\/\/baldumarket.lt\/ru\/wp-json\/wp\/v2\/types\/product"}],"replies":[{"embeddable":true,"href":"https:\/\/baldumarket.lt\/ru\/wp-json\/wp\/v2\/comments?post=225494"}],"wp:featuredmedia":[{"embeddable":true,"href":"https:\/\/baldumarket.lt\/ru\/wp-json\/wp\/v2\/media\/225495"}],"wp:attachment":[{"href":"https:\/\/baldumarket.lt\/ru\/wp-json\/wp\/v2\/media?parent=225494"}],"wp:term":[{"taxonomy":"product_brand","embeddable":true,"href":"https:\/\/baldumarket.lt\/ru\/wp-json\/wp\/v2\/product_brand?post=225494"},{"taxonomy":"product_cat","embeddable":true,"href":"https:\/\/baldumarket.lt\/ru\/wp-json\/wp\/v2\/product_cat?post=225494"},{"taxonomy":"product_tag","embeddable":true,"href":"https:\/\/baldumarket.lt\/ru\/wp-json\/wp\/v2\/product_tag?post=225494"}],"curies":[{"name":"WP","href":"https:\/\/api.w.org\/{rel}","templated":true}]}}