{"id":225391,"date":"2025-12-28T04:20:50","date_gmt":"2025-12-28T01:20:50","guid":{"rendered":"https:\/\/baldumarket.lt\/product\/meble-gaves-16-szafka-polka-wiszaca-scienna-loft-bialy-czarny\/"},"modified":"2026-02-11T18:37:54","modified_gmt":"2026-02-11T15:37:54","slug":"meble-gaves-16-szafka-polka-wiszaca-scienna-loft-bialy-czarny","status":"publish","type":"product","link":"https:\/\/baldumarket.lt\/ru\/product\/meble-gaves-16-szafka-polka-wiszaca-scienna-loft-bialy-czarny\/","title":{"rendered":"GAVES 16 baldai, sienin\u0117 lentyna, pal\u0117p\u0117, balta, juoda"},"content":{"rendered":"<p>\u041d\u0430\u0441\u0442\u0435\u043d\u043d\u044b\u0439 \u0448\u043a\u0430\u0444 GAVES 16, 150 \u0441\u043c, 1 \u0448\u0442.<br \/>\n\u041c\u043e\u0436\u0435\u0442 \u0431\u044b\u0442\u044c \u0443\u0441\u0442\u0430\u043d\u043e\u0432\u043b\u0435\u043d \u0441 \u043b\u0435\u0432\u043e\u0439 \u0438\u043b\u0438 \u043f\u0440\u0430\u0432\u043e\u0439 \u0441\u0442\u043e\u0440\u043e\u043d\u044b.<br \/>\n\u0426\u0432\u0435\u0442\u0430: \u0431\u0435\u043b\u044b\u0439\/\u0447\u0435\u0440\u043d\u044b\u0439<\/p>","protected":false},"excerpt":{"rendered":"<p>\u0428\u0438\u0440\u0438\u043d\u0430 [\u0441\u043c]: 150<br \/>\n\u0412\u044b\u0441\u043e\u0442\u0430 [\u0441\u043c]: 33<br \/>\n\u0413\u043b\u0443\u0431\u0438\u043d\u0430 [\u0441\u043c]: 32<br \/>\n\u0412\u0435\u0441 [\u043a\u0433]: 18<br \/>\n\u0426\u0432\u0435\u0442\u0430: \u0447\u0435\u0440\u043d\u044b\u0439, \u0431\u0435\u043b\u044b\u0439<\/p>","protected":false},"featured_media":225392,"comment_status":"open","ping_status":"open","template":"","meta":[],"product_brand":[],"product_cat":[1174,8386],"product_tag":[],"class_list":{"0":"post-225391","1":"product","2":"type-product","3":"status-publish","4":"has-post-thumbnail","6":"product_cat-hanging-shelves","7":"product_cat-meblocross","9":"first","10":"instock","11":"purchasable","12":"product-type-simple"},"_links":{"self":[{"href":"https:\/\/baldumarket.lt\/ru\/wp-json\/wp\/v2\/product\/225391","targetHints":{"allow":["GET"]}}],"collection":[{"href":"https:\/\/baldumarket.lt\/ru\/wp-json\/wp\/v2\/product"}],"about":[{"href":"https:\/\/baldumarket.lt\/ru\/wp-json\/wp\/v2\/types\/product"}],"replies":[{"embeddable":true,"href":"https:\/\/baldumarket.lt\/ru\/wp-json\/wp\/v2\/comments?post=225391"}],"wp:featuredmedia":[{"embeddable":true,"href":"https:\/\/baldumarket.lt\/ru\/wp-json\/wp\/v2\/media\/225392"}],"wp:attachment":[{"href":"https:\/\/baldumarket.lt\/ru\/wp-json\/wp\/v2\/media?parent=225391"}],"wp:term":[{"taxonomy":"product_brand","embeddable":true,"href":"https:\/\/baldumarket.lt\/ru\/wp-json\/wp\/v2\/product_brand?post=225391"},{"taxonomy":"product_cat","embeddable":true,"href":"https:\/\/baldumarket.lt\/ru\/wp-json\/wp\/v2\/product_cat?post=225391"},{"taxonomy":"product_tag","embeddable":true,"href":"https:\/\/baldumarket.lt\/ru\/wp-json\/wp\/v2\/product_tag?post=225391"}],"curies":[{"name":"WP","href":"https:\/\/api.w.org\/{rel}","templated":true}]}}