{"id":225175,"date":"2025-12-28T04:12:56","date_gmt":"2025-12-28T01:12:56","guid":{"rendered":"https:\/\/baldumarket.lt\/product\/meble-kerk-2-zestaw-mlodziezowy-mebloscianka\/"},"modified":"2026-02-11T18:37:56","modified_gmt":"2026-02-11T15:37:56","slug":"meble-kerk-2-zestaw-mlodziezowy-mebloscianka","status":"publish","type":"product","link":"https:\/\/baldumarket.lt\/ru\/product\/meble-kerk-2-zestaw-mlodziezowy-mebloscianka\/","title":{"rendered":"KERK bald\u0173 komplektas #2 jaunimui, sienin\u0117 spintel\u0117"},"content":{"rendered":"<p>KERK \u041d\u0430\u0431\u043e\u0440 2<br \/>\n\u0412 \u043a\u043e\u043c\u043f\u043b\u0435\u043a\u0442 \u0432\u0445\u043e\u0434\u044f\u0442: KERK 05 \u041a\u043d\u0438\u0436\u043d\u044b\u0439 \u0448\u043a\u0430\u0444 2-\u0434\u0432\u0435\u0440\u043d\u044b\u0439, 60 \u0448\u0442. [60\/196\/39], \u041f\u0438\u0441\u044c\u043c\u0435\u043d\u043d\u044b\u0439 \u0441\u0442\u043e\u043b KERK 01 [100\/196\/50], KERK 08 \u041a\u043d\u0438\u0436\u043d\u044b\u0439 \u0448\u043a\u0430\u0444 2-\u0434\u0432\u0435\u0440\u043d\u044b\u0439, 80 \u0448\u0442. [80\/196\/39], KERK 06 \u041a\u043d\u0438\u0436\u043d\u044b\u0439 \u0448\u043a\u0430\u0444, 80 \u0448\u0442. [80\/196\/37]<br \/>\n\u041c\u0435\u0431\u0435\u043b\u044c \u0438\u0437\u0433\u043e\u0442\u043e\u0432\u043b\u0435\u043d\u0430 \u0438\u0437 \u0414\u0421\u041f \u0442\u043e\u043b\u0449\u0438\u043d\u043e\u0439 16 \u043c\u043c \u0438 25 \u043c\u043c \u0441 \u043a\u0440\u043e\u043c\u043a\u043e\u0439 \u0438\u0437 \u0410\u0411\u0421-\u043f\u043b\u0430\u0441\u0442\u0438\u043a\u0430. \u042f\u0449\u0438\u043a\u0438 \u0438 \u0434\u0432\u0435\u0440\u0446\u044b \u043e\u0441\u043d\u0430\u0449\u0435\u043d\u044b \u0441\u0438\u0441\u0442\u0435\u043c\u043e\u0439 \u043f\u043b\u0430\u0432\u043d\u043e\u0433\u043e \u0437\u0430\u043a\u0440\u044b\u0432\u0430\u043d\u0438\u044f.<br \/>\n\u0412\u0430\u0440\u0438\u0430\u043d\u0442\u044b \u0446\u0432\u0435\u0442\u0430: \u0431\u0435\u043b\u044b\u0439 \/ \u0433\u043b\u044f\u043d\u0446\u0435\u0432\u044b\u0439 \u0447\u0435\u0440\u043d\u044b\u0439, \u0431\u0435\u043b\u044b\u0439 \u0434\u0443\u0431 \/ \u0433\u0440\u0430\u0444\u0438\u0442\u043e\u0432\u044b\u0439, \u0431\u0435\u043b\u044b\u0439 \u0434\u0443\u0431 \/ \u0437\u043e\u043b\u043e\u0442\u0438\u0441\u0442\u044b\u0439 \u0434\u0443\u0431, \u0441\u0432\u0435\u0442\u043b\u044b\u0439 \u0434\u0443\u0431 \u0421\u043e\u043d\u043e\u043c\u0430 \/ \u0433\u043b\u044f\u043d\u0446\u0435\u0432\u044b\u0439 \u0431\u0435\u043b\u044b\u0439, \u0442\u0430\u0431\u0430\u0447\u043d\u044b\u0439 \u0434\u0443\u0431 \/ \u0431\u0435\u043b\u044b\u0439 \u0434\u0443\u0431, \u0431\u043e\u0440\u0434\u043e\u0432\u044b\u0439 \u0434\u0443\u0431 \/ \u0433\u043b\u044f\u043d\u0446\u0435\u0432\u044b\u0439 \u0431\u0435\u043b\u044b\u0439<\/p>","protected":false},"excerpt":{"rendered":"<p>\u041a\u043e\u043c\u043f\u043b\u0435\u043a\u0442 KERK 2. \u0412 \u043a\u043e\u043c\u043f\u043b\u0435\u043a\u0442 \u0432\u0445\u043e\u0434\u044f\u0442: \u043a\u043d\u0438\u0436\u043d\u044b\u0439 \u0448\u043a\u0430\u0444 KERK 05 \u043d\u0430 60 \u0441\u0435\u043a\u0446\u0438\u0439 \u0441 \u0434\u0432\u0443\u043c\u044f \u0434\u0432\u0435\u0440\u0446\u0430\u043c\u0438 [60\/196\/39], \u043f\u0438\u0441\u044c\u043c\u0435\u043d\u043d\u044b\u0439 \u0441\u0442\u043e\u043b KERK 01 [100\/196\/50], \u043a\u043d\u0438\u0436\u043d\u044b\u0439 \u0448\u043a\u0430\u0444 KERK 08 \u043d\u0430 80 \u0441\u0435\u043a\u0446\u0438\u0439 \u0441 \u0434\u0432\u0443\u043c\u044f \u0434\u0432\u0435\u0440\u0446\u0430\u043c\u0438 [80\/196\/39], \u043a\u043d\u0438\u0436\u043d\u044b\u0439 \u0448\u043a\u0430\u0444 KERK 06 \u043d\u0430 80 \u0441\u0435\u043a\u0446\u0438\u0439 [80\/196\/37]. \u041c\u0435\u0431\u0435\u043b\u044c \u0438\u0437\u0433\u043e\u0442\u043e\u0432\u043b\u0435\u043d\u0430 \u0438\u0437 \u0414\u0421\u041f \u0442\u043e\u043b\u0449\u0438\u043d\u043e\u0439 16 \u043c\u043c \u0438 25 \u043c\u043c \u0441 \u043a\u0440\u043e\u043c\u043a\u043e\u0439 \u0438\u0437 ABS-\u043f\u043b\u0430\u0441\u0442\u0438\u043a\u0430. \u042f\u0449\u0438\u043a\u0438 \u0438 \u0434\u0432\u0435\u0440\u0446\u044b \u043e\u0441\u043d\u0430\u0449\u0435\u043d\u044b \u0441\u0438\u0441\u0442\u0435\u043c\u043e\u0439 \u043f\u043b\u0430\u0432\u043d\u043e\u0433\u043e \u0437\u0430\u043a\u0440\u044b\u0432\u0430\u043d\u0438\u044f. \u0412\u0430\u0440\u0438\u0430\u043d\u0442\u044b \u0446\u0432\u0435\u0442\u0430: \u0431\u0435\u043b\u044b\u0439 \/ \u0433\u043b\u044f\u043d\u0446\u0435\u0432\u044b\u0439 \u0447\u0435\u0440\u043d\u044b\u0439, \u0431\u0435\u043b\u044b\u0439 \u043a\u0440\u0430\u0444\u0442 [\u2026]<\/p>","protected":false},"featured_media":225176,"comment_status":"open","ping_status":"open","template":"","meta":[],"product_brand":[],"product_cat":[8386,2008],"product_tag":[],"class_list":{"0":"post-225175","1":"product","2":"type-product","3":"status-publish","4":"has-post-thumbnail","6":"product_cat-meblocross","7":"product_cat-wall-units","9":"first","10":"instock","11":"purchasable","12":"product-type-simple"},"_links":{"self":[{"href":"https:\/\/baldumarket.lt\/ru\/wp-json\/wp\/v2\/product\/225175","targetHints":{"allow":["GET"]}}],"collection":[{"href":"https:\/\/baldumarket.lt\/ru\/wp-json\/wp\/v2\/product"}],"about":[{"href":"https:\/\/baldumarket.lt\/ru\/wp-json\/wp\/v2\/types\/product"}],"replies":[{"embeddable":true,"href":"https:\/\/baldumarket.lt\/ru\/wp-json\/wp\/v2\/comments?post=225175"}],"wp:featuredmedia":[{"embeddable":true,"href":"https:\/\/baldumarket.lt\/ru\/wp-json\/wp\/v2\/media\/225176"}],"wp:attachment":[{"href":"https:\/\/baldumarket.lt\/ru\/wp-json\/wp\/v2\/media?parent=225175"}],"wp:term":[{"taxonomy":"product_brand","embeddable":true,"href":"https:\/\/baldumarket.lt\/ru\/wp-json\/wp\/v2\/product_brand?post=225175"},{"taxonomy":"product_cat","embeddable":true,"href":"https:\/\/baldumarket.lt\/ru\/wp-json\/wp\/v2\/product_cat?post=225175"},{"taxonomy":"product_tag","embeddable":true,"href":"https:\/\/baldumarket.lt\/ru\/wp-json\/wp\/v2\/product_tag?post=225175"}],"curies":[{"name":"WP","href":"https:\/\/api.w.org\/{rel}","templated":true}]}}