{"id":224786,"date":"2025-12-28T03:58:26","date_gmt":"2025-12-28T00:58:26","guid":{"rendered":"https:\/\/baldumarket.lt\/product\/meble-milar-10-mlodziezowe-regal-biurko-komoda-polka-wiszaca-dab-cremona\/"},"modified":"2026-02-11T18:37:59","modified_gmt":"2026-02-11T15:37:59","slug":"meble-milar-10-mlodziezowe-regal-biurko-komoda-polka-wiszaca-dab-cremona","status":"publish","type":"product","link":"https:\/\/baldumarket.lt\/ru\/product\/meble-milar-10-mlodziezowe-regal-biurko-komoda-polka-wiszaca-dab-cremona\/","title":{"rendered":"MILAR #10 jaunimo baldai, knyg\u0173 lentyna, ra\u0161omasis stalas, komoda, pakabinama lentyna, \u0105\u017euolas \u201eCremona\u201c"},"content":{"rendered":"<p>\u041d\u0430\u0431\u043e\u0440 MILAR \u0438\u0437 10 \u0448\u0442\u0443\u043a<br \/>\n\u0412 \u043a\u043e\u043c\u043f\u043b\u0435\u043a\u0442 \u0432\u0445\u043e\u0434\u044f\u0442: \u043a\u043d\u0438\u0436\u043d\u044b\u0439 \u0448\u043a\u0430\u0444 MILAR 08 90\/141\/42 \u2013 70 \u043a\u0433 \u2013 2 \u0448\u0442., \u043f\u0438\u0441\u044c\u043c\u0435\u043d\u043d\u044b\u0439 \u0441\u0442\u043e\u043b MILAR 01 110\/75\/52 \u2013 36 \u043a\u0433 \u2013 1 \u0448\u0442., \u043f\u043e\u043b\u043a\u0430 MILAR 07 90\/39\/22 \u2013 13 \u043a\u0433 \u2013 1 \u0448\u0442., \u043a\u043e\u043c\u043e\u0434 MILAR 03 90\/94\/42 \u2013 53 \u043a\u0433 \u2013 2 \u0448\u0442. \u0426\u0432\u0435\u0442\u0430: \u043a\u0440\u0435\u043c\u043e\u0432\u044b\u0439 \u0434\u0443\u0431 \/ \u043c\u0438\u043d\u0434\u0430\u043b\u044c\u043d\u044b\u0439 \u0433\u0440\u0430\u043d\u0430\u0434\u0430 \/ \u0447\u0435\u0440\u043d\u044b\u0439<\/p>","protected":false},"excerpt":{"rendered":"<p>\u0412\u0435\u0441 [\u043a\u0433]: 172<\/p>","protected":false},"featured_media":224787,"comment_status":"open","ping_status":"open","template":"","meta":[],"product_brand":[],"product_cat":[8386,2008],"product_tag":[],"class_list":{"0":"post-224786","1":"product","2":"type-product","3":"status-publish","4":"has-post-thumbnail","6":"product_cat-meblocross","7":"product_cat-wall-units","9":"first","10":"instock","11":"purchasable","12":"product-type-simple"},"_links":{"self":[{"href":"https:\/\/baldumarket.lt\/ru\/wp-json\/wp\/v2\/product\/224786","targetHints":{"allow":["GET"]}}],"collection":[{"href":"https:\/\/baldumarket.lt\/ru\/wp-json\/wp\/v2\/product"}],"about":[{"href":"https:\/\/baldumarket.lt\/ru\/wp-json\/wp\/v2\/types\/product"}],"replies":[{"embeddable":true,"href":"https:\/\/baldumarket.lt\/ru\/wp-json\/wp\/v2\/comments?post=224786"}],"wp:featuredmedia":[{"embeddable":true,"href":"https:\/\/baldumarket.lt\/ru\/wp-json\/wp\/v2\/media\/224787"}],"wp:attachment":[{"href":"https:\/\/baldumarket.lt\/ru\/wp-json\/wp\/v2\/media?parent=224786"}],"wp:term":[{"taxonomy":"product_brand","embeddable":true,"href":"https:\/\/baldumarket.lt\/ru\/wp-json\/wp\/v2\/product_brand?post=224786"},{"taxonomy":"product_cat","embeddable":true,"href":"https:\/\/baldumarket.lt\/ru\/wp-json\/wp\/v2\/product_cat?post=224786"},{"taxonomy":"product_tag","embeddable":true,"href":"https:\/\/baldumarket.lt\/ru\/wp-json\/wp\/v2\/product_tag?post=224786"}],"curies":[{"name":"WP","href":"https:\/\/api.w.org\/{rel}","templated":true}]}}