{"id":224616,"date":"2025-12-28T03:51:31","date_gmt":"2025-12-28T00:51:31","guid":{"rendered":"https:\/\/baldumarket.lt\/product\/meble-milar-10-szafka-rtv-loft-1d2s\/"},"modified":"2026-02-11T18:38:01","modified_gmt":"2026-02-11T15:38:01","slug":"meble-milar-10-szafka-rtv-loft-1d2s","status":"publish","type":"product","link":"https:\/\/baldumarket.lt\/ru\/product\/meble-milar-10-szafka-rtv-loft-1d2s\/","title":{"rendered":"MILAR 10 bald\u0173, TV spinteli\u0173, pal\u0117p\u0117s, 1 \u0441\u0442., 2 \u0441\u0442."},"content":{"rendered":"<p>\u041f\u043e\u0434\u0441\u0442\u0430\u0432\u043a\u0430 \u0434\u043b\u044f \u0442\u0435\u043b\u0435\u0432\u0438\u0437\u043e\u0440\u0430 MILAR 10 1d2s<br \/>\n\u0414\u043e\u0441\u0442\u0443\u043f\u043d\u044b\u0435 \u0446\u0432\u0435\u0442\u0430: \u0411\u0435\u043b\u044b\u0439 \/ \u0414\u0443\u0431 \u0440\u0443\u0447\u043d\u043e\u0439 \u0440\u0430\u0431\u043e\u0442\u044b \/ \u0427\u0435\u0440\u043d\u044b\u0439, \u0414\u0443\u0431 \u0441 \u0442\u043e\u0440\u0446\u0435\u0432\u044b\u043c \u0441\u0440\u0435\u0437\u043e\u043c \/ \u0411\u0435\u0442\u043e\u043d\u043d\u043e-\u0441\u0435\u0440\u044b\u0439 \/ \u0427\u0435\u0440\u043d\u044b\u0439, \u0421\u0432\u0435\u0442\u043b\u044b\u0439 \u0434\u0443\u0431 \u0421\u043e\u043d\u043e\u043c\u0430 \/ \u0413\u043b\u044f\u043d\u0446\u0435\u0432\u044b\u0439 \u0431\u0435\u043b\u044b\u0439 \/ \u0411\u0435\u043b\u044b\u0439, \u0414\u0443\u0431 \u043a\u0430\u043c\u0435\u043d\u043d\u044b\u0439 \/ \u0413\u043b\u044f\u043d\u0446\u0435\u0432\u044b\u0439 \u0447\u0435\u0440\u043d\u044b\u0439 \/ \u0427\u0435\u0440\u043d\u044b\u0439, \u0414\u0443\u0431 \u0440\u0443\u0447\u043d\u043e\u0439 \u0440\u0430\u0431\u043e\u0442\u044b \/ \u0411\u0435\u0442\u043e\u043d\u043d\u043e-\u0447\u0435\u0440\u043d\u044b\u0439 \/ \u0427\u0435\u0440\u043d\u044b\u0439, \u0414\u0443\u0431 \u0413\u0440\u0435\u0439\u043d\u0434\u0436 \/ \u0413\u0440\u0430\u0444\u0438\u0442\u043e\u0432\u044b\u0439 \/ \u0427\u0435\u0440\u043d\u044b\u0439<\/p>","protected":false},"excerpt":{"rendered":"<p>\u0428\u0438\u0440\u0438\u043d\u0430 [\u0441\u043c]: 160<br \/>\n\u0412\u044b\u0441\u043e\u0442\u0430 [\u0441\u043c]: 47<br \/>\n\u0413\u043b\u0443\u0431\u0438\u043d\u0430 [\u0441\u043c]: 42<br \/>\n\u0412\u0435\u0441 [\u043a\u0433]: 48<\/p>","protected":false},"featured_media":224617,"comment_status":"open","ping_status":"open","template":"","meta":[],"product_brand":[],"product_cat":[8386,1175],"product_tag":[],"class_list":{"0":"post-224616","1":"product","2":"type-product","3":"status-publish","4":"has-post-thumbnail","6":"product_cat-meblocross","7":"product_cat-tv-stands","9":"first","10":"instock","11":"purchasable","12":"product-type-simple"},"_links":{"self":[{"href":"https:\/\/baldumarket.lt\/ru\/wp-json\/wp\/v2\/product\/224616","targetHints":{"allow":["GET"]}}],"collection":[{"href":"https:\/\/baldumarket.lt\/ru\/wp-json\/wp\/v2\/product"}],"about":[{"href":"https:\/\/baldumarket.lt\/ru\/wp-json\/wp\/v2\/types\/product"}],"replies":[{"embeddable":true,"href":"https:\/\/baldumarket.lt\/ru\/wp-json\/wp\/v2\/comments?post=224616"}],"wp:featuredmedia":[{"embeddable":true,"href":"https:\/\/baldumarket.lt\/ru\/wp-json\/wp\/v2\/media\/224617"}],"wp:attachment":[{"href":"https:\/\/baldumarket.lt\/ru\/wp-json\/wp\/v2\/media?parent=224616"}],"wp:term":[{"taxonomy":"product_brand","embeddable":true,"href":"https:\/\/baldumarket.lt\/ru\/wp-json\/wp\/v2\/product_brand?post=224616"},{"taxonomy":"product_cat","embeddable":true,"href":"https:\/\/baldumarket.lt\/ru\/wp-json\/wp\/v2\/product_cat?post=224616"},{"taxonomy":"product_tag","embeddable":true,"href":"https:\/\/baldumarket.lt\/ru\/wp-json\/wp\/v2\/product_tag?post=224616"}],"curies":[{"name":"WP","href":"https:\/\/api.w.org\/{rel}","templated":true}]}}