{"id":224612,"date":"2025-12-28T03:51:19","date_gmt":"2025-12-28T00:51:19","guid":{"rendered":"https:\/\/baldumarket.lt\/product\/meble-milar-11-komoda-stolik-szafka-rtv-2s-dab-cremo-granada-migdal-czarny\/"},"modified":"2026-02-11T18:38:01","modified_gmt":"2026-02-11T15:38:01","slug":"meble-milar-11-komoda-stolik-szafka-rtv-2s-dab-cremo-granada-migdal-czarny","status":"publish","type":"product","link":"https:\/\/baldumarket.lt\/ru\/product\/meble-milar-11-komoda-stolik-szafka-rtv-2s-dab-cremo-granada-migdal-czarny\/","title":{"rendered":"MILAR 11 Bald\u0173 Komoda, TV Staliukas, 2 Viet\u0173, Kremo \u0105\u017euolas, granada, migdol\u0173 spalva, juoda"},"content":{"rendered":"<p>\u041f\u043e\u0434\u0441\u0442\u0430\u0432\u043a\u0430 \u0434\u043b\u044f \u0442\u0435\u043b\u0435\u0432\u0438\u0437\u043e\u0440\u0430 MILAR 11 \u043d\u0430 2 \u043c\u0435\u0441\u0442\u0430<br \/>\n\u0414\u043e\u0441\u0442\u0443\u043f\u043d\u044b\u0435 \u0446\u0432\u0435\u0442\u0430: \u0434\u0443\u0431 \u00ab\u041a\u0440\u0435\u043c\u043e\u043d\u0430\u00bb \/ \u043c\u0438\u043d\u0434\u0430\u043b\u044c \u00ab\u0413\u0440\u0430\u043d\u0430\u0434\u0430\u00bb \/ \u0447\u0435\u0440\u043d\u044b\u0439<\/p>","protected":false},"excerpt":{"rendered":"<p>\u0428\u0438\u0440\u0438\u043d\u0430 [\u0441\u043c]: 135<br \/>\n\u0412\u044b\u0441\u043e\u0442\u0430 [\u0441\u043c]: 47<br \/>\n\u0413\u043b\u0443\u0431\u0438\u043d\u0430 [\u0441\u043c]: 42<br \/>\n\u0412\u0435\u0441 [\u043a\u0433]: 44<\/p>","protected":false},"featured_media":224613,"comment_status":"open","ping_status":"open","template":"","meta":[],"product_brand":[],"product_cat":[1173,8386],"product_tag":[],"class_list":{"0":"post-224612","1":"product","2":"type-product","3":"status-publish","4":"has-post-thumbnail","6":"product_cat-chests-of-drawers","7":"product_cat-meblocross","9":"first","10":"instock","11":"purchasable","12":"product-type-simple"},"_links":{"self":[{"href":"https:\/\/baldumarket.lt\/ru\/wp-json\/wp\/v2\/product\/224612","targetHints":{"allow":["GET"]}}],"collection":[{"href":"https:\/\/baldumarket.lt\/ru\/wp-json\/wp\/v2\/product"}],"about":[{"href":"https:\/\/baldumarket.lt\/ru\/wp-json\/wp\/v2\/types\/product"}],"replies":[{"embeddable":true,"href":"https:\/\/baldumarket.lt\/ru\/wp-json\/wp\/v2\/comments?post=224612"}],"wp:featuredmedia":[{"embeddable":true,"href":"https:\/\/baldumarket.lt\/ru\/wp-json\/wp\/v2\/media\/224613"}],"wp:attachment":[{"href":"https:\/\/baldumarket.lt\/ru\/wp-json\/wp\/v2\/media?parent=224612"}],"wp:term":[{"taxonomy":"product_brand","embeddable":true,"href":"https:\/\/baldumarket.lt\/ru\/wp-json\/wp\/v2\/product_brand?post=224612"},{"taxonomy":"product_cat","embeddable":true,"href":"https:\/\/baldumarket.lt\/ru\/wp-json\/wp\/v2\/product_cat?post=224612"},{"taxonomy":"product_tag","embeddable":true,"href":"https:\/\/baldumarket.lt\/ru\/wp-json\/wp\/v2\/product_tag?post=224612"}],"curies":[{"name":"WP","href":"https:\/\/api.w.org\/{rel}","templated":true}]}}