{"id":223514,"date":"2025-12-28T03:07:47","date_gmt":"2025-12-28T00:07:47","guid":{"rendered":"https:\/\/baldumarket.lt\/product\/ravena-l-antresola-lozko-pietrowe-z-biurkiem-szafa-komoda-biale-gra-migdal\/"},"modified":"2026-02-11T18:38:14","modified_gmt":"2026-02-11T15:38:14","slug":"ravena-l-antresola-lozko-pietrowe-z-biurkiem-szafa-komoda-biale-gra-migdal","status":"publish","type":"product","link":"https:\/\/baldumarket.lt\/ru\/product\/ravena-l-antresola-lozko-pietrowe-z-biurkiem-szafa-komoda-biale-gra-migdal\/","title":{"rendered":"RAVENA L antresol\u0117 su ra\u0161omuoju stalu, spinta ir komoda, balta, migdol\u0173 spalvos"},"content":{"rendered":"<p>\u0410\u043d\u0442\u0440\u0435\u0441\u043e\u043b\u044c RAVENA L \u0431\u0435\u0437 \u043c\u0430\u0442\u0440\u0430\u0441\u0430. \u0414\u0421\u041f \u0442\u043e\u043b\u0449\u0438\u043d\u043e\u0439 16 \u043c\u043c, \u043a\u0440\u043e\u043c\u043a\u0430 \u0438\u0437 ABS-\u043f\u043b\u0430\u0441\u0442\u0438\u043a\u0430, \u044f\u0449\u0438\u043a\u0438 \u0438 \u0448\u043a\u0430\u0444\u044b \u0441 \u0434\u043e\u0432\u043e\u0434\u0447\u0438\u043a\u0430\u043c\u0438. \u0426\u0432\u0435\u0442: \u0431\u0435\u043b\u044b\u0439 \/ \u043c\u0438\u043d\u0434\u0430\u043b\u044c\u043d\u044b\u0439 (Granada).<\/p>","protected":false},"excerpt":{"rendered":"<p>\u0428\u0438\u0440\u0438\u043d\u0430 [\u0441\u043c]: 236<br \/>\n\u0412\u044b\u0441\u043e\u0442\u0430 [\u0441\u043c]: 190<br \/>\n\u0413\u043b\u0443\u0431\u0438\u043d\u0430 [\u0441\u043c]: 120<br \/>\n\u0421\u043f\u0430\u043b\u044c\u043d\u0430\u044f \u043f\u043b\u043e\u0449\u0430\u0434\u044c [\u0441\u043c]: 90 x 200<br \/>\n\u0412\u0435\u0441 [\u043a\u0433]: 224,5<\/p>","protected":false},"featured_media":223515,"comment_status":"open","ping_status":"open","template":"","meta":[],"product_brand":[],"product_cat":[505,8386],"product_tag":[],"class_list":{"0":"post-223514","1":"product","2":"type-product","3":"status-publish","4":"has-post-thumbnail","6":"product_cat-bedroom-beds","7":"product_cat-meblocross","9":"first","10":"instock","11":"purchasable","12":"product-type-simple"},"_links":{"self":[{"href":"https:\/\/baldumarket.lt\/ru\/wp-json\/wp\/v2\/product\/223514","targetHints":{"allow":["GET"]}}],"collection":[{"href":"https:\/\/baldumarket.lt\/ru\/wp-json\/wp\/v2\/product"}],"about":[{"href":"https:\/\/baldumarket.lt\/ru\/wp-json\/wp\/v2\/types\/product"}],"replies":[{"embeddable":true,"href":"https:\/\/baldumarket.lt\/ru\/wp-json\/wp\/v2\/comments?post=223514"}],"wp:featuredmedia":[{"embeddable":true,"href":"https:\/\/baldumarket.lt\/ru\/wp-json\/wp\/v2\/media\/223515"}],"wp:attachment":[{"href":"https:\/\/baldumarket.lt\/ru\/wp-json\/wp\/v2\/media?parent=223514"}],"wp:term":[{"taxonomy":"product_brand","embeddable":true,"href":"https:\/\/baldumarket.lt\/ru\/wp-json\/wp\/v2\/product_brand?post=223514"},{"taxonomy":"product_cat","embeddable":true,"href":"https:\/\/baldumarket.lt\/ru\/wp-json\/wp\/v2\/product_cat?post=223514"},{"taxonomy":"product_tag","embeddable":true,"href":"https:\/\/baldumarket.lt\/ru\/wp-json\/wp\/v2\/product_tag?post=223514"}],"curies":[{"name":"WP","href":"https:\/\/api.w.org\/{rel}","templated":true}]}}