{"id":223250,"date":"2025-12-28T00:47:56","date_gmt":"2025-12-27T21:47:56","guid":{"rendered":"https:\/\/baldumarket.lt\/?post_type=product&#038;p=223250"},"modified":"2026-02-03T23:10:13","modified_gmt":"2026-02-03T20:10:13","slug":"naroznik-bardo-trojkatne-poduszeczki-funkcja-spania-pojemniki-gr4","status":"publish","type":"product","link":"https:\/\/baldumarket.lt\/ru\/product\/naroznik-bardo-trojkatne-poduszeczki-funkcja-spania-pojemniki-gr4\/","title":{"rendered":"\u0414\u0438\u0432\u0430\u043d Bardo kampin\u0117, trikamp\u0117s pagalv\u0117l\u0117s, miegojimo funkcija, Gr4 konteineriai"},"content":{"rendered":"<p>\u042d\u043b\u0435\u0433\u0430\u043d\u0442\u043d\u044b\u0439 \u0443\u0433\u043b\u043e\u0432\u043e\u0439 \u0434\u0438\u0432\u0430\u043d Bardo \u0441 \u0444\u0443\u043d\u043a\u0446\u0438\u0435\u0439 \u0440\u0430\u0441\u043a\u043b\u0430\u0434\u044b\u0432\u0430\u043d\u0438\u044f, \u0431\u043b\u0430\u0433\u043e\u0434\u0430\u0440\u044f \u0441\u0432\u043e\u0435\u043c\u0443 \u0443\u043d\u0438\u043a\u0430\u043b\u044c\u043d\u043e\u043c\u0443 \u0434\u0438\u0437\u0430\u0439\u043d\u0443, \u043e\u0440\u0433\u0430\u043d\u0438\u0447\u043d\u043e \u0432\u043f\u0438\u0448\u0435\u0442\u0441\u044f \u043f\u0440\u0430\u043a\u0442\u0438\u0447\u0435\u0441\u043a\u0438 \u0432 \u043b\u044e\u0431\u043e\u0439 \u0441\u043e\u0432\u0440\u0435\u043c\u0435\u043d\u043d\u044b\u0439 \u0438\u043d\u0442\u0435\u0440\u044c\u0435\u0440. \u042d\u0442\u043e \u043e\u0442\u043b\u0438\u0447\u043d\u043e\u0435 \u0440\u0435\u0448\u0435\u043d\u0438\u0435 \u0434\u043b\u044f \u043d\u0435\u0431\u043e\u043b\u044c\u0448\u0438\u0445 \u043f\u043e\u043c\u0435\u0449\u0435\u043d\u0438\u0439, \u043e\u0431\u0435\u0441\u043f\u0435\u0447\u0438\u0432\u0430\u044e\u0449\u0435\u0435 \u043a\u043e\u043c\u0444\u043e\u0440\u0442 \u0438 \u0444\u0443\u043d\u043a\u0446\u0438\u043e\u043d\u0430\u043b\u044c\u043d\u043e\u0441\u0442\u044c. \u041e\u043d \u043e\u0441\u043d\u0430\u0449\u0435\u043d \u0444\u0443\u043d\u043a\u0446\u0438\u0435\u0439 \u0441\u043f\u0430\u043b\u044c\u043d\u043e\u0433\u043e \u043c\u0435\u0441\u0442\u0430 DL \u0438 \u043e\u0442\u0441\u0435\u043a\u043e\u043c \u0434\u043b\u044f \u0445\u0440\u0430\u043d\u0435\u043d\u0438\u044f \u043f\u043e\u0441\u0442\u0435\u043b\u044c\u043d\u043e\u0433\u043e \u0431\u0435\u043b\u044c\u044f. \u0421\u0438\u0434\u0435\u043d\u044c\u044f \u043e\u0441\u043d\u0430\u0449\u0435\u043d\u044b \u043f\u0440\u0443\u0436\u0438\u043d\u0430\u043c\u0438 S-\u043e\u0431\u0440\u0430\u0437\u043d\u043e\u0439 \u0444\u043e\u0440\u043c\u044b \u0438 \u043f\u0435\u043d\u043e\u043f\u043e\u043b\u0438\u0443\u0440\u0435\u0442\u0430\u043d\u043e\u043c, \u0430 \u043c\u043d\u043e\u0433\u043e\u043a\u0430\u043c\u0435\u0440\u043d\u044b\u0435 \u043f\u043e\u0434\u0443\u0448\u043a\u0438 \u0441\u043f\u0438\u043d\u043a\u0438 \u043d\u0430\u043f\u043e\u043b\u043d\u0435\u043d\u044b \u0441\u043f\u0435\u0446\u0438\u0430\u043b\u044c\u043d\u043e\u0439 \u0441\u0438\u043b\u0438\u043a\u043e\u043d\u043e\u0432\u043e-\u043f\u043e\u043b\u0438\u0443\u0440\u0435\u0442\u0430\u043d\u043e\u0432\u043e\u0439 \u0441\u043c\u0435\u0441\u044c\u044e. \u0423\u0433\u043b\u043e\u0432\u043e\u0439 \u0434\u0438\u0432\u0430\u043d \u0434\u043e\u0441\u0442\u0443\u043f\u0435\u043d \u0432 \u0448\u0438\u0440\u043e\u043a\u043e\u043c \u0430\u0441\u0441\u043e\u0440\u0442\u0438\u043c\u0435\u043d\u0442\u0435 \u043e\u0431\u0438\u0432\u043e\u0447\u043d\u044b\u0445 \u0442\u043a\u0430\u043d\u0435\u0439, \u043e\u0431\u0440\u0430\u0437\u0446\u044b \u043a\u043e\u0442\u043e\u0440\u044b\u0445 \u043c\u043e\u0436\u043d\u043e \u043f\u043e\u0441\u043c\u043e\u0442\u0440\u0435\u0442\u044c \u0432 \u043a\u043e\u043d\u0441\u0442\u0440\u0443\u043a\u0442\u043e\u0440\u0435 \u0442\u043e\u0432\u0430\u0440\u043e\u0432. \u041e\u043d \u0432\u044b\u043f\u0443\u0441\u043a\u0430\u0435\u0442\u0441\u044f \u0432 \u043b\u0435\u0432\u043e\u0441\u0442\u043e\u0440\u043e\u043d\u043d\u0435\u043c \u0438 \u043f\u0440\u0430\u0432\u043e\u0441\u0442\u043e\u0440\u043e\u043d\u043d\u0435\u043c \u0432\u0430\u0440\u0438\u0430\u043d\u0442\u0430\u0445. \u0412 \u043a\u043e\u043c\u043f\u043b\u0435\u043a\u0442 \u0432\u0445\u043e\u0434\u044f\u0442 \u0445\u0430\u0440\u0430\u043a\u0442\u0435\u0440\u043d\u044b\u0435 \u0442\u0440\u0435\u0443\u0433\u043e\u043b\u044c\u043d\u044b\u0435 \u043f\u043e\u0434\u0443\u0448\u043a\u0438, \u0441\u0431\u043e\u0440\u043a\u0430 \u043c\u0438\u043d\u0438\u043c\u0430\u043b\u044c\u043d\u0430.<\/p>","protected":false},"excerpt":{"rendered":"<p>\u0428\u0438\u0440\u0438\u043d\u0430: 241 \u0441\u043c<br \/>\n\u0413\u043b\u0443\u0431\u0438\u043d\u0430: 172 \u0441\u043c<br \/>\n\u0412\u044b\u0441\u043e\u0442\u0430: 90 \u0441\u043c<br \/>\n\u0413\u043b\u0443\u0431\u0438\u043d\u0430 \u0441\u0438\u0434\u0435\u043d\u044c\u044f: 55 \u0441\u043c<br \/>\n\u0412\u044b\u0441\u043e\u0442\u0430 \u0441\u0438\u0434\u0435\u043d\u044c\u044f: 45 \u0441\u043c<\/p>","protected":false},"featured_media":223273,"comment_status":"open","ping_status":"closed","template":"","meta":[],"product_brand":[],"product_cat":[9133],"product_tag":[],"class_list":{"0":"post-223250","1":"product","2":"type-product","3":"status-publish","4":"has-post-thumbnail","6":"product_cat-grouped","8":"first","9":"instock","10":"shipping-taxable","11":"purchasable","12":"product-type-variable","13":"wvs-archive-product-wrapper"},"_links":{"self":[{"href":"https:\/\/baldumarket.lt\/ru\/wp-json\/wp\/v2\/product\/223250","targetHints":{"allow":["GET"]}}],"collection":[{"href":"https:\/\/baldumarket.lt\/ru\/wp-json\/wp\/v2\/product"}],"about":[{"href":"https:\/\/baldumarket.lt\/ru\/wp-json\/wp\/v2\/types\/product"}],"replies":[{"embeddable":true,"href":"https:\/\/baldumarket.lt\/ru\/wp-json\/wp\/v2\/comments?post=223250"}],"wp:featuredmedia":[{"embeddable":true,"href":"https:\/\/baldumarket.lt\/ru\/wp-json\/wp\/v2\/media\/223273"}],"wp:attachment":[{"href":"https:\/\/baldumarket.lt\/ru\/wp-json\/wp\/v2\/media?parent=223250"}],"wp:term":[{"taxonomy":"product_brand","embeddable":true,"href":"https:\/\/baldumarket.lt\/ru\/wp-json\/wp\/v2\/product_brand?post=223250"},{"taxonomy":"product_cat","embeddable":true,"href":"https:\/\/baldumarket.lt\/ru\/wp-json\/wp\/v2\/product_cat?post=223250"},{"taxonomy":"product_tag","embeddable":true,"href":"https:\/\/baldumarket.lt\/ru\/wp-json\/wp\/v2\/product_tag?post=223250"}],"curies":[{"name":"WP","href":"https:\/\/api.w.org\/{rel}","templated":true}]}}