{"id":221530,"date":"2025-12-27T23:03:12","date_gmt":"2025-12-27T20:03:12","guid":{"rendered":"https:\/\/baldumarket.lt\/?post_type=product&#038;p=221530"},"modified":"2026-02-03T23:11:54","modified_gmt":"2026-02-03T20:11:54","slug":"lozka-tapicerowane-mars-standard-160x200-cm-gr1","status":"publish","type":"product","link":"https:\/\/baldumarket.lt\/ru\/product\/lozka-tapicerowane-mars-standard-160x200-cm-gr1\/","title":{"rendered":"Mink\u0161tos lovos Mars Standartin\u0117s 160\u00d7200 \u0441\u043c Gr1"},"content":{"rendered":"<p>\u041a\u0440\u043e\u0432\u0430\u0442\u044c Mars \u043e\u0442 Comforteo \u0441\u043e \u0441\u043f\u0430\u043b\u044c\u043d\u043e\u0439 \u043f\u043e\u0432\u0435\u0440\u0445\u043d\u043e\u0441\u0442\u044c\u044e 160\u00d7200 \u0441\u043c \u0438\u043c\u0435\u0435\u0442 \u043f\u0440\u0438\u0432\u043b\u0435\u043a\u0430\u0442\u0435\u043b\u044c\u043d\u043e\u0435, \u043c\u044f\u0433\u043a\u043e\u0435, \u043f\u0440\u043e\u0448\u0438\u0442\u043e\u0435 \u0438\u0437\u0433\u043e\u043b\u043e\u0432\u044c\u0435, \u0440\u0430\u0437\u0434\u0435\u043b\u0435\u043d\u043d\u043e\u0435 \u043d\u0430 \u0442\u0440\u0438 \u043e\u0441\u043d\u043e\u0432\u043d\u044b\u0435 \u0441\u0435\u043a\u0446\u0438\u0438. \u041f\u0440\u043e\u0441\u0442\u044b\u0435, \u044d\u043b\u0435\u0433\u0430\u043d\u0442\u043d\u044b\u0435 \u043b\u0438\u043d\u0438\u0438 \u0432\u044b\u0441\u043e\u043a\u043e\u0433\u043e \u0438\u0437\u0433\u043e\u043b\u043e\u0432\u044c\u044f \u043f\u0440\u0438\u0434\u0430\u044e\u0442 \u043a\u043e\u043c\u043d\u0430\u0442\u0435 \u0438\u0437\u044b\u0441\u043a\u0430\u043d\u043d\u0443\u044e \u0433\u0430\u0440\u043c\u043e\u043d\u0438\u044e. \u041e\u043d\u043e \u0442\u0430\u043a\u0436\u0435 \u043e\u0431\u0435\u0441\u043f\u0435\u0447\u0438\u0432\u0430\u0435\u0442 \u043e\u0442\u043b\u0438\u0447\u043d\u0443\u044e \u043f\u043e\u0434\u0434\u0435\u0440\u0436\u043a\u0443 \u0441\u043f\u0438\u043d\u044b \u0432\u043e \u0432\u0440\u0435\u043c\u044f \u043f\u0440\u043e\u0441\u043c\u043e\u0442\u0440\u0430 \u0442\u0435\u043b\u0435\u0432\u0438\u0437\u043e\u0440\u0430 \u0432\u0435\u0447\u0435\u0440\u043e\u043c \u0438\u043b\u0438 \u0447\u0442\u0435\u043d\u0438\u044f \u043b\u044e\u0431\u0438\u043c\u043e\u0439 \u043a\u043d\u0438\u0433\u0438. \u041a\u043e\u043c\u043f\u043b\u0435\u043a\u0442 \u043c\u043e\u0436\u043d\u043e \u0440\u0430\u0441\u0448\u0438\u0440\u0438\u0442\u044c \u0434\u043e\u043f\u043e\u043b\u043d\u0438\u0442\u0435\u043b\u044c\u043d\u044b\u043c\u0438 \u044d\u043b\u0435\u043c\u0435\u043d\u0442\u0430\u043c\u0438, \u0442\u0430\u043a\u0438\u043c\u0438 \u043a\u0430\u043a \u043a\u0430\u0440\u043a\u0430\u0441 \u0441 \u0433\u0430\u0437\u043e\u0432\u044b\u043c\u0438 \u0430\u043c\u043e\u0440\u0442\u0438\u0437\u0430\u0442\u043e\u0440\u0430\u043c\u0438, \u043e\u043f\u043e\u0440\u0430 \u0434\u043b\u044f \u043c\u0430\u0442\u0440\u0430\u0441\u0430 \u0438 \u043f\u0440\u0430\u043a\u0442\u0438\u0447\u043d\u044b\u0439 \u043a\u043e\u043d\u0442\u0435\u0439\u043d\u0435\u0440 \u0434\u043b\u044f \u043f\u043e\u0441\u0442\u0435\u043b\u044c\u043d\u043e\u0433\u043e \u0431\u0435\u043b\u044c\u044f. \u041c\u0435\u0431\u0435\u043b\u044c \u0434\u043e\u0441\u0442\u0443\u043f\u043d\u0430 \u0432 \u0440\u0430\u0437\u043b\u0438\u0447\u043d\u044b\u0445 \u0432\u0430\u0440\u0438\u0430\u043d\u0442\u0430\u0445 \u043e\u0431\u0438\u0432\u043a\u0438, \u0446\u0432\u0435\u0442\u0430 \u0438 \u0442\u0438\u043f\u0430 \u043d\u043e\u0436\u0435\u043a. \u041a\u0440\u043e\u0432\u0430\u0442\u044c \u043f\u043e\u0441\u0442\u0430\u0432\u043b\u044f\u0435\u0442\u0441\u044f \u0441 \u043c\u0438\u043d\u0438\u043c\u0430\u043b\u044c\u043d\u043e\u0439 \u043d\u0435\u043e\u0431\u0445\u043e\u0434\u0438\u043c\u043e\u0441\u0442\u044c\u044e \u0441\u0431\u043e\u0440\u043a\u0438. \u041e\u0431\u0440\u0430\u0437\u0446\u044b \u0446\u0432\u0435\u0442\u0430 \u0438 \u0442\u043a\u0430\u043d\u0438 \u0432\u043a\u043b\u044e\u0447\u0435\u043d\u044b \u0432 \u043a\u043e\u043d\u0441\u0442\u0440\u0443\u043a\u0442\u043e\u0440 \u0442\u043e\u0432\u0430\u0440\u043e\u0432.<\/p>","protected":false},"excerpt":{"rendered":"<p>\u0428\u0438\u0440\u0438\u043d\u0430: 178 \u0441\u043c<br \/>\n\u0414\u043b\u0438\u043d\u0430: 223 \u0441\u043c<br \/>\n\u0412\u044b\u0441\u043e\u0442\u0430: 106 \u0441\u043c<br \/>\n\u0421\u043f\u0430\u043b\u044c\u043d\u0430\u044f \u0437\u043e\u043d\u0430: 160\u00d7200 \u0441\u043c<br \/>\n\u0412\u044b\u0441\u043e\u0442\u0430 \u0431\u043e\u043a\u043e\u0432\u043e\u0439 \u0441\u0442\u043e\u0440\u043e\u043d\u044b: 34 \u0441\u043c<\/p>","protected":false},"featured_media":221570,"comment_status":"open","ping_status":"closed","template":"","meta":[],"product_brand":[],"product_cat":[9133],"product_tag":[],"class_list":{"0":"post-221530","1":"product","2":"type-product","3":"status-publish","4":"has-post-thumbnail","6":"product_cat-grouped","8":"first","9":"instock","10":"shipping-taxable","11":"purchasable","12":"product-type-variable","13":"wvs-archive-product-wrapper"},"_links":{"self":[{"href":"https:\/\/baldumarket.lt\/ru\/wp-json\/wp\/v2\/product\/221530","targetHints":{"allow":["GET"]}}],"collection":[{"href":"https:\/\/baldumarket.lt\/ru\/wp-json\/wp\/v2\/product"}],"about":[{"href":"https:\/\/baldumarket.lt\/ru\/wp-json\/wp\/v2\/types\/product"}],"replies":[{"embeddable":true,"href":"https:\/\/baldumarket.lt\/ru\/wp-json\/wp\/v2\/comments?post=221530"}],"wp:featuredmedia":[{"embeddable":true,"href":"https:\/\/baldumarket.lt\/ru\/wp-json\/wp\/v2\/media\/221570"}],"wp:attachment":[{"href":"https:\/\/baldumarket.lt\/ru\/wp-json\/wp\/v2\/media?parent=221530"}],"wp:term":[{"taxonomy":"product_brand","embeddable":true,"href":"https:\/\/baldumarket.lt\/ru\/wp-json\/wp\/v2\/product_brand?post=221530"},{"taxonomy":"product_cat","embeddable":true,"href":"https:\/\/baldumarket.lt\/ru\/wp-json\/wp\/v2\/product_cat?post=221530"},{"taxonomy":"product_tag","embeddable":true,"href":"https:\/\/baldumarket.lt\/ru\/wp-json\/wp\/v2\/product_tag?post=221530"}],"curies":[{"name":"WP","href":"https:\/\/api.w.org\/{rel}","templated":true}]}}