{"id":220780,"date":"2025-12-27T22:20:02","date_gmt":"2025-12-27T19:20:02","guid":{"rendered":"https:\/\/baldumarket.lt\/?post_type=product&#038;p=220780"},"modified":"2026-02-03T23:12:33","modified_gmt":"2026-02-03T20:12:33","slug":"lozko-kontynentalne-astoria-160x200-cm-tapicerowane-materac-pocketowy-i-bonelowy-gr1","status":"publish","type":"product","link":"https:\/\/baldumarket.lt\/ru\/product\/lozko-kontynentalne-astoria-160x200-cm-tapicerowane-materac-pocketowy-i-bonelowy-gr1\/","title":{"rendered":"Astoria kontinentin\u0117 lova, 160\u00d7200 \u0441\u043c, apmu\u0161ta, su ki\u0161eniniu ir Bonnell spyruokliniu ciu\u017einiu Gr1"},"content":{"rendered":"<p>\u042d\u043b\u0435\u0433\u0430\u043d\u0442\u043d\u0430\u044f \u043a\u043e\u043d\u0442\u0438\u043d\u0435\u043d\u0442\u0430\u043b\u044c\u043d\u0430\u044f \u043a\u0440\u043e\u0432\u0430\u0442\u044c Astoria \u0441\u043e \u0441\u043f\u0430\u043b\u044c\u043d\u044b\u043c \u043c\u0435\u0441\u0442\u043e\u043c \u0440\u0430\u0437\u043c\u0435\u0440\u043e\u043c 160\u00d7200 \u0441\u043c \u0438\u043c\u0435\u0435\u0442 \u043c\u044f\u0433\u043a\u043e\u0435 \u0441\u0442\u0435\u0433\u0430\u043d\u043e\u0435 \u0438\u0437\u0433\u043e\u043b\u043e\u0432\u044c\u0435 \u0438 \u043f\u0440\u043e\u0448\u0438\u0442\u044b\u0439 \u0447\u0435\u0445\u043e\u043b \u043c\u0430\u0442\u0440\u0430\u0441\u0430. \u0411\u043e\u043a\u043e\u0432\u044b\u0435 \u0441\u0442\u043e\u0440\u043e\u043d\u044b \u043e\u0431\u0438\u0442\u044b \u043e\u0431\u0438\u0432\u043e\u0447\u043d\u043e\u0439 \u0442\u043a\u0430\u043d\u044c\u044e. \u041a\u0440\u043e\u0432\u0430\u0442\u044c \u0438\u043c\u0435\u0435\u0442 \u043c\u043d\u043e\u0433\u043e\u0441\u043b\u043e\u0439\u043d\u0443\u044e \u043a\u043e\u043d\u0441\u0442\u0440\u0443\u043a\u0446\u0438\u044e, \u043e\u0431\u0435\u0441\u043f\u0435\u0447\u0438\u0432\u0430\u044e\u0449\u0443\u044e \u0432\u044b\u0441\u043e\u0447\u0430\u0439\u0448\u0438\u0439 \u0443\u0440\u043e\u0432\u0435\u043d\u044c \u043a\u043e\u043c\u0444\u043e\u0440\u0442\u0430:<\/p>","protected":false},"excerpt":{"rendered":"<p>\u0428\u0438\u0440\u0438\u043d\u0430: 172 \u0441\u043c<br \/>\n\u0414\u043b\u0438\u043d\u0430: 210 \u0441\u043c<br \/>\n\u0412\u044b\u0441\u043e\u0442\u0430: 116 \u0441\u043c<br \/>\n\u0421\u043f\u0430\u043b\u044c\u043d\u0430\u044f \u0437\u043e\u043d\u0430: 160\u00d7200 \u0441\u043c<br \/>\n\u0412\u044b\u0441\u043e\u0442\u0430 \u0434\u043b\u044f \u0441\u043d\u0430: 63 \u0441\u043c<\/p>","protected":false},"featured_media":220824,"comment_status":"open","ping_status":"closed","template":"","meta":[],"product_brand":[],"product_cat":[9133],"product_tag":[],"class_list":{"0":"post-220780","1":"product","2":"type-product","3":"status-publish","4":"has-post-thumbnail","6":"product_cat-grouped","8":"first","9":"instock","10":"shipping-taxable","11":"purchasable","12":"product-type-variable","13":"wvs-archive-product-wrapper"},"_links":{"self":[{"href":"https:\/\/baldumarket.lt\/ru\/wp-json\/wp\/v2\/product\/220780","targetHints":{"allow":["GET"]}}],"collection":[{"href":"https:\/\/baldumarket.lt\/ru\/wp-json\/wp\/v2\/product"}],"about":[{"href":"https:\/\/baldumarket.lt\/ru\/wp-json\/wp\/v2\/types\/product"}],"replies":[{"embeddable":true,"href":"https:\/\/baldumarket.lt\/ru\/wp-json\/wp\/v2\/comments?post=220780"}],"wp:featuredmedia":[{"embeddable":true,"href":"https:\/\/baldumarket.lt\/ru\/wp-json\/wp\/v2\/media\/220824"}],"wp:attachment":[{"href":"https:\/\/baldumarket.lt\/ru\/wp-json\/wp\/v2\/media?parent=220780"}],"wp:term":[{"taxonomy":"product_brand","embeddable":true,"href":"https:\/\/baldumarket.lt\/ru\/wp-json\/wp\/v2\/product_brand?post=220780"},{"taxonomy":"product_cat","embeddable":true,"href":"https:\/\/baldumarket.lt\/ru\/wp-json\/wp\/v2\/product_cat?post=220780"},{"taxonomy":"product_tag","embeddable":true,"href":"https:\/\/baldumarket.lt\/ru\/wp-json\/wp\/v2\/product_tag?post=220780"}],"curies":[{"name":"WP","href":"https:\/\/api.w.org\/{rel}","templated":true}]}}