{"id":219734,"date":"2026-02-11T17:04:08","date_gmt":"2026-02-11T14:04:08","guid":{"rendered":"https:\/\/baldumarket.lt\/product\/materac-imperial-90x200-cm-dwustronny-multipocket-sprezyny-pianka-visco-i-xfoam-h3-h4-comforteo\/"},"modified":"2026-02-11T17:04:09","modified_gmt":"2026-02-11T14:04:09","slug":"materac-imperial-90x200-cm-dwustronny-multipocket-sprezyny-pianka-visco-i-xfoam-h3-h4-comforteo","status":"publish","type":"product","link":"https:\/\/baldumarket.lt\/ru\/product\/materac-imperial-90x200-cm-dwustronny-multipocket-sprezyny-pianka-visco-i-xfoam-h3-h4-comforteo\/","title":{"rendered":"Imperatori\u0161kas \u010diu\u017einys, 90\u00d7200 \u0441\u043c, dvipusis, su daugiaki\u0161en\u0117mis spyruokl\u0117mis, viskoelastinis ir \u201eXfoam\u201c, H3\/H4, \u201eComforteo\u201c"},"content":{"rendered":"<p>\u041c\u0430\u0442\u0440\u0430\u0441 Imperial 90\u00d7200 \u0441\u043c \u2014 \u044d\u0442\u043e \u043c\u0430\u0442\u0440\u0430\u0441 \u043f\u0440\u0435\u043c\u0438\u0443\u043c-\u043a\u043b\u0430\u0441\u0441\u0430, \u0441\u043e\u0447\u0435\u0442\u0430\u044e\u0449\u0438\u0439 \u0432 \u0441\u0435\u0431\u0435 \u0440\u043e\u0441\u043a\u043e\u0448\u043d\u0443\u044e \u043e\u0442\u0434\u0435\u043b\u043a\u0443, \u0441\u043e\u0432\u0440\u0435\u043c\u0435\u043d\u043d\u044b\u0435 \u0442\u0435\u0445\u043d\u043e\u043b\u043e\u0433\u0438\u0438 \u0438 \u0431\u0435\u0441\u043a\u043e\u043c\u043f\u0440\u043e\u043c\u0438\u0441\u0441\u043d\u043e\u0435 \u043c\u0430\u0441\u0442\u0435\u0440\u0441\u0442\u0432\u043e. \u0420\u0430\u0437\u0440\u0430\u0431\u043e\u0442\u0430\u043d\u043d\u044b\u0439 \u0434\u043b\u044f \u043c\u0430\u043a\u0441\u0438\u043c\u0430\u043b\u044c\u043d\u043e\u0433\u043e \u043a\u043e\u043c\u0444\u043e\u0440\u0442\u0430 \u0432\u043e \u0432\u0440\u0435\u043c\u044f \u0441\u043d\u0430, \u043e\u043d \u043f\u0440\u0435\u0434\u043e\u0441\u0442\u0430\u0432\u043b\u044f\u0435\u0442 \u043e\u0434\u043d\u043e\u043c\u0443 \u043f\u043e\u043b\u044c\u0437\u043e\u0432\u0430\u0442\u0435\u043b\u044e \u043f\u0440\u043e\u0441\u0442\u0440\u0430\u043d\u0441\u0442\u0432\u043e \u0434\u043b\u044f \u043f\u043e\u043b\u043d\u043e\u0433\u043e \u0432\u043e\u0441\u0441\u0442\u0430\u043d\u043e\u0432\u043b\u0435\u043d\u0438\u044f \u2014 \u043a\u0430\u043a \u0444\u0438\u0437\u0438\u0447\u0435\u0441\u043a\u043e\u0433\u043e, \u0442\u0430\u043a \u0438 \u043f\u0441\u0438\u0445\u0438\u0447\u0435\u0441\u043a\u043e\u0433\u043e.<\/p>","protected":false},"excerpt":{"rendered":"<p>\u0428\u0438\u0440\u0438\u043d\u0430: 90 \u0441\u043c<br \/>\n\u0414\u043b\u0438\u043d\u0430: 200 \u0441\u043c<br \/>\n\u0412\u044b\u0441\u043e\u0442\u0430: 27 \u0441\u043c<br \/>\n\u0421\u043f\u0430\u043b\u044c\u043d\u0430\u044f \u0437\u043e\u043d\u0430: 90\u00d7200 \u0441\u043c<br \/>\n\u0422\u0438\u043f \u043c\u0430\u0442\u0440\u0430\u0441\u0430: \u041c\u043d\u043e\u0433\u043e\u0441\u043b\u043e\u0439\u043d\u044b\u0439, \u0441 \u0432\u044f\u0437\u043a\u043e\u044d\u043b\u0430\u0441\u0442\u0438\u0447\u043d\u043e\u0439 \u043f\u0435\u043d\u043e\u0439 \u0441 \u044d\u0444\u0444\u0435\u043a\u0442\u043e\u043c \u043f\u0430\u043c\u044f\u0442\u0438.<\/p>","protected":false},"featured_media":219735,"comment_status":"open","ping_status":"open","template":"","meta":[],"product_brand":[],"product_cat":[7906,1099,1975],"product_tag":[],"class_list":{"0":"post-219734","1":"product","2":"type-product","3":"status-publish","4":"has-post-thumbnail","6":"product_cat-comforteo","7":"product_cat-mattresses","8":"product_cat-mattresses-90x200","10":"first","11":"instock","12":"purchasable","13":"product-type-simple"},"_links":{"self":[{"href":"https:\/\/baldumarket.lt\/ru\/wp-json\/wp\/v2\/product\/219734","targetHints":{"allow":["GET"]}}],"collection":[{"href":"https:\/\/baldumarket.lt\/ru\/wp-json\/wp\/v2\/product"}],"about":[{"href":"https:\/\/baldumarket.lt\/ru\/wp-json\/wp\/v2\/types\/product"}],"replies":[{"embeddable":true,"href":"https:\/\/baldumarket.lt\/ru\/wp-json\/wp\/v2\/comments?post=219734"}],"wp:featuredmedia":[{"embeddable":true,"href":"https:\/\/baldumarket.lt\/ru\/wp-json\/wp\/v2\/media\/219735"}],"wp:attachment":[{"href":"https:\/\/baldumarket.lt\/ru\/wp-json\/wp\/v2\/media?parent=219734"}],"wp:term":[{"taxonomy":"product_brand","embeddable":true,"href":"https:\/\/baldumarket.lt\/ru\/wp-json\/wp\/v2\/product_brand?post=219734"},{"taxonomy":"product_cat","embeddable":true,"href":"https:\/\/baldumarket.lt\/ru\/wp-json\/wp\/v2\/product_cat?post=219734"},{"taxonomy":"product_tag","embeddable":true,"href":"https:\/\/baldumarket.lt\/ru\/wp-json\/wp\/v2\/product_tag?post=219734"}],"curies":[{"name":"WP","href":"https:\/\/api.w.org\/{rel}","templated":true}]}}