{"id":219542,"date":"2026-02-11T17:03:35","date_gmt":"2026-02-11T14:03:35","guid":{"rendered":"https:\/\/baldumarket.lt\/product\/materac-medyczny-energy-90x200-cm-multipocket-wysokie-sprezyny-pianka-pneumatic-zdejmowany-pokrowiec-h3-h4-comforteo\/"},"modified":"2026-02-11T17:03:36","modified_gmt":"2026-02-11T14:03:36","slug":"materac-medyczny-energy-90x200-cm-multipocket-wysokie-sprezyny-pianka-pneumatic-zdejmowany-pokrowiec-h3-h4-comforteo","status":"publish","type":"product","link":"https:\/\/baldumarket.lt\/ru\/product\/materac-medyczny-energy-90x200-cm-multipocket-wysokie-sprezyny-pianka-pneumatic-zdejmowany-pokrowiec-h3-h4-comforteo\/","title":{"rendered":"Medicininis \u010diu\u017einys \u201eEnergy\u201c, 90\u00d7200 \u0441\u043c, su daugiaki\u0161en\u0117mis spyruokl\u0117mis, pneumatin\u0117mis putomis, nuimamu u\u017evalkalu, H3\/H4, \u201eComforteo\u201c"},"content":{"rendered":"<p>\u041c\u0430\u0442\u0440\u0430\u0441 Energy 90\u00d7200 \u2014 \u0438\u0434\u0435\u0430\u043b\u044c\u043d\u043e\u0435 \u0440\u0435\u0448\u0435\u043d\u0438\u0435 \u0434\u043b\u044f \u0442\u0435\u0445, \u043a\u0442\u043e \u0438\u0449\u0435\u0442 \u043a\u043e\u043c\u0444\u043e\u0440\u0442, \u0434\u043e\u043b\u0433\u043e\u0432\u0435\u0447\u043d\u043e\u0441\u0442\u044c \u0438 \u0441\u043e\u0432\u0440\u0435\u043c\u0435\u043d\u043d\u044b\u0435 \u0442\u0435\u0445\u043d\u043e\u043b\u043e\u0433\u0438\u0438 \u0432 \u043e\u0434\u043d\u043e\u043c \u0438\u0437\u0434\u0435\u043b\u0438\u0438. \u0420\u0430\u0437\u0440\u0430\u0431\u043e\u0442\u0430\u043d\u043d\u044b\u0439 \u0441 \u0443\u0447\u0435\u0442\u043e\u043c \u043f\u043e\u0432\u0441\u0435\u0434\u043d\u0435\u0432\u043d\u043e\u0433\u043e \u043a\u043e\u043c\u0444\u043e\u0440\u0442\u0430, \u044d\u0442\u043e\u0442 \u043c\u0430\u0442\u0440\u0430\u0441 \u0438\u0434\u0435\u0430\u043b\u044c\u043d\u043e \u043f\u043e\u0434\u0445\u043e\u0434\u0438\u0442 \u043a\u0430\u043a \u0434\u043b\u044f \u043a\u043b\u0430\u0441\u0441\u0438\u0447\u0435\u0441\u043a\u0438\u0445 \u043e\u0434\u043d\u043e\u0441\u043f\u0430\u043b\u044c\u043d\u044b\u0445 \u043a\u0440\u043e\u0432\u0430\u0442\u0435\u0439, \u0442\u0430\u043a \u0438 \u0434\u043b\u044f \u0434\u0435\u0442\u0441\u043a\u0438\u0445 \u043a\u0440\u043e\u0432\u0430\u0442\u0435\u0439 \u2014 \u043e\u0441\u043e\u0431\u0435\u043d\u043d\u043e \u0442\u0430\u043c, \u0433\u0434\u0435 \u043a\u0430\u0447\u0435\u0441\u0442\u0432\u0435\u043d\u043d\u044b\u0439 \u0441\u043e\u043d \u0438 \u0437\u0434\u043e\u0440\u043e\u0432\u0430\u044f \u043f\u043e\u0434\u0434\u0435\u0440\u0436\u043a\u0430 \u0434\u043b\u044f \u0440\u0430\u0437\u0432\u0438\u0432\u0430\u044e\u0449\u0435\u0433\u043e\u0441\u044f \u0442\u0435\u043b\u0430 \u0438\u043c\u0435\u044e\u0442 \u043f\u0435\u0440\u0432\u043e\u0441\u0442\u0435\u043f\u0435\u043d\u043d\u043e\u0435 \u0437\u043d\u0430\u0447\u0435\u043d\u0438\u0435.<\/p>","protected":false},"excerpt":{"rendered":"<p>\u0428\u0438\u0440\u0438\u043d\u0430: 90 \u0441\u043c<br \/>\n\u0414\u043b\u0438\u043d\u0430: 200 \u0441\u043c<br \/>\n\u0412\u044b\u0441\u043e\u0442\u0430: 25 \u0441\u043c<br \/>\n\u0421\u043f\u0430\u043b\u044c\u043d\u0430\u044f \u0437\u043e\u043d\u0430: 90\u00d7200 \u0441\u043c<br \/>\n\u0422\u0438\u043f \u043c\u0430\u0442\u0440\u0430\u0441\u0430: \u041c\u043d\u043e\u0433\u043e\u043a\u0430\u0440\u043c\u0430\u043d\u043d\u044b\u0439 \u0441 \u043f\u043d\u0435\u0432\u043c\u0430\u0442\u0438\u0447\u0435\u0441\u043a\u043e\u0439 \u043f\u0435\u043d\u043e\u0439<\/p>","protected":false},"featured_media":219543,"comment_status":"open","ping_status":"open","template":"","meta":[],"product_brand":[],"product_cat":[7906,1099,1975],"product_tag":[],"class_list":{"0":"post-219542","1":"product","2":"type-product","3":"status-publish","4":"has-post-thumbnail","6":"product_cat-comforteo","7":"product_cat-mattresses","8":"product_cat-mattresses-90x200","10":"first","11":"instock","12":"purchasable","13":"product-type-simple"},"_links":{"self":[{"href":"https:\/\/baldumarket.lt\/ru\/wp-json\/wp\/v2\/product\/219542","targetHints":{"allow":["GET"]}}],"collection":[{"href":"https:\/\/baldumarket.lt\/ru\/wp-json\/wp\/v2\/product"}],"about":[{"href":"https:\/\/baldumarket.lt\/ru\/wp-json\/wp\/v2\/types\/product"}],"replies":[{"embeddable":true,"href":"https:\/\/baldumarket.lt\/ru\/wp-json\/wp\/v2\/comments?post=219542"}],"wp:featuredmedia":[{"embeddable":true,"href":"https:\/\/baldumarket.lt\/ru\/wp-json\/wp\/v2\/media\/219543"}],"wp:attachment":[{"href":"https:\/\/baldumarket.lt\/ru\/wp-json\/wp\/v2\/media?parent=219542"}],"wp:term":[{"taxonomy":"product_brand","embeddable":true,"href":"https:\/\/baldumarket.lt\/ru\/wp-json\/wp\/v2\/product_brand?post=219542"},{"taxonomy":"product_cat","embeddable":true,"href":"https:\/\/baldumarket.lt\/ru\/wp-json\/wp\/v2\/product_cat?post=219542"},{"taxonomy":"product_tag","embeddable":true,"href":"https:\/\/baldumarket.lt\/ru\/wp-json\/wp\/v2\/product_tag?post=219542"}],"curies":[{"name":"WP","href":"https:\/\/api.w.org\/{rel}","templated":true}]}}