{"id":219414,"date":"2026-02-11T17:03:09","date_gmt":"2026-02-11T14:03:09","guid":{"rendered":"https:\/\/baldumarket.lt\/product\/materac-medyczny-magic-100x200-cm-dwustronny-kieszeniowy-sprezyny-pianka-xfoam-zdejmowany-pokrowiec-h3-h4-comforteo\/"},"modified":"2026-02-11T17:03:10","modified_gmt":"2026-02-11T14:03:10","slug":"materac-medyczny-magic-100x200-cm-dwustronny-kieszeniowy-sprezyny-pianka-xfoam-zdejmowany-pokrowiec-h3-h4-comforteo","status":"publish","type":"product","link":"https:\/\/baldumarket.lt\/ru\/product\/materac-medyczny-magic-100x200-cm-dwustronny-kieszeniowy-sprezyny-pianka-xfoam-zdejmowany-pokrowiec-h3-h4-comforteo\/","title":{"rendered":"Medicininis \u010diu\u017einys \u201eMagic\u201c, 100\u00d7200 \u0441\u043c, dvipusis, ki\u0161enin\u0117s spyruokl\u0117s, \u201eXfoam\u201c putos, nuimamas u\u017evalkalas, H3\/H4, \u201eComforteo\u201c"},"content":{"rendered":"<p>\u0418\u0449\u0435\u0442\u0435 \u0432\u044b\u0441\u043e\u043a\u043e\u043a\u0430\u0447\u0435\u0441\u0442\u0432\u0435\u043d\u043d\u044b\u0439 \u043c\u0430\u0442\u0440\u0430\u0441, \u043a\u043e\u0442\u043e\u0440\u044b\u0439 \u043d\u0435 \u0442\u043e\u043b\u044c\u043a\u043e \u043e\u0431\u0435\u0441\u043f\u0435\u0447\u0438\u0442 \u043a\u043e\u043c\u0444\u043e\u0440\u0442\u043d\u044b\u0439 \u0441\u043e\u043d, \u043d\u043e \u0438 \u043f\u043e\u0434\u0434\u0435\u0440\u0436\u0438\u0442 \u0432\u0430\u0448\u0435 \u0437\u0434\u043e\u0440\u043e\u0432\u044c\u0435? \u041e\u0440\u0442\u043e\u043f\u0435\u0434\u0438\u0447\u0435\u0441\u043a\u0438\u0439 \u043c\u0430\u0442\u0440\u0430\u0441 Magic Medical Mattress 100\u00d7200 \u0441\u043c \u0440\u0430\u0437\u0440\u0430\u0431\u043e\u0442\u0430\u043d \u0441\u043f\u0435\u0446\u0438\u0430\u043b\u044c\u043d\u043e \u0434\u043b\u044f \u0442\u0435\u0445, \u043a\u0442\u043e \u0446\u0435\u043d\u0438\u0442 \u043a\u0430\u0447\u0435\u0441\u0442\u0432\u043e, \u0431\u0435\u0437\u043e\u043f\u0430\u0441\u043d\u043e\u0441\u0442\u044c \u0438 \u0441\u043e\u0432\u0440\u0435\u043c\u0435\u043d\u043d\u044b\u0435 \u0440\u0435\u0448\u0435\u043d\u0438\u044f \u0434\u043b\u044f \u0443\u043a\u0440\u0435\u043f\u043b\u0435\u043d\u0438\u044f \u0437\u0434\u043e\u0440\u043e\u0432\u044c\u044f. \u042d\u0442\u043e\u0442 \u043e\u0440\u0442\u043e\u043f\u0435\u0434\u0438\u0447\u0435\u0441\u043a\u0438\u0439 \u043c\u0430\u0442\u0440\u0430\u0441 \u0440\u0430\u0437\u043c\u0435\u0440\u043e\u043c 100\u00d7200 \u0441\u043c \u0432\u044b\u0434\u0435\u043b\u044f\u0435\u0442\u0441\u044f \u043d\u0435 \u0442\u043e\u043b\u044c\u043a\u043e \u0438\u0441\u043a\u043b\u044e\u0447\u0438\u0442\u0435\u043b\u044c\u043d\u044b\u043c \u043a\u043e\u043c\u0444\u043e\u0440\u0442\u043e\u043c, \u043d\u043e \u0438 \u0441\u0432\u043e\u0439\u0441\u0442\u0432\u0430\u043c\u0438, \u043f\u043e\u0434\u0442\u0432\u0435\u0440\u0436\u0434\u0435\u043d\u043d\u044b\u043c\u0438 \u0441\u0435\u0440\u0442\u0438\u0444\u0438\u043a\u0430\u0442\u0430\u043c\u0438 CE \u0438 MD, \u043f\u043e\u0434\u0442\u0432\u0435\u0440\u0436\u0434\u0430\u044e\u0449\u0438\u043c\u0438 \u0435\u0433\u043e \u0441\u0442\u0430\u0442\u0443\u0441 \u043f\u043e\u043b\u043d\u043e\u0446\u0435\u043d\u043d\u043e\u0433\u043e \u043c\u0435\u0434\u0438\u0446\u0438\u043d\u0441\u043a\u043e\u0433\u043e \u0438\u0437\u0434\u0435\u043b\u0438\u044f.<\/p>","protected":false},"excerpt":{"rendered":"<p>\u0428\u0438\u0440\u0438\u043d\u0430: 100 \u0441\u043c<br \/>\n\u0414\u043b\u0438\u043d\u0430: 200 \u0441\u043c<br \/>\n\u0412\u044b\u0441\u043e\u0442\u0430: 24 \u0441\u043c<br \/>\n\u0421\u043f\u0430\u043b\u044c\u043d\u0430\u044f \u0437\u043e\u043d\u0430: 100\u00d7200 \u0441\u043c<br \/>\n\u0422\u0438\u043f \u043c\u0430\u0442\u0440\u0430\u0441\u0430: \u043f\u0440\u0443\u0436\u0438\u043d\u043d\u044b\u0439 \u0431\u043b\u043e\u043a \u0441 \u0430\u043d\u0442\u0438\u0431\u0430\u043a\u0442\u0435\u0440\u0438\u0430\u043b\u044c\u043d\u043e\u0439 \u043f\u0435\u043d\u043e\u0439 \u0438 \u043f\u0435\u043d\u043e\u0439 Xfoam.<\/p>","protected":false},"featured_media":219415,"comment_status":"open","ping_status":"open","template":"","meta":[],"product_brand":[],"product_cat":[7906,1099],"product_tag":[],"class_list":{"0":"post-219414","1":"product","2":"type-product","3":"status-publish","4":"has-post-thumbnail","6":"product_cat-comforteo","7":"product_cat-mattresses","9":"first","10":"instock","11":"purchasable","12":"product-type-simple"},"_links":{"self":[{"href":"https:\/\/baldumarket.lt\/ru\/wp-json\/wp\/v2\/product\/219414","targetHints":{"allow":["GET"]}}],"collection":[{"href":"https:\/\/baldumarket.lt\/ru\/wp-json\/wp\/v2\/product"}],"about":[{"href":"https:\/\/baldumarket.lt\/ru\/wp-json\/wp\/v2\/types\/product"}],"replies":[{"embeddable":true,"href":"https:\/\/baldumarket.lt\/ru\/wp-json\/wp\/v2\/comments?post=219414"}],"wp:featuredmedia":[{"embeddable":true,"href":"https:\/\/baldumarket.lt\/ru\/wp-json\/wp\/v2\/media\/219415"}],"wp:attachment":[{"href":"https:\/\/baldumarket.lt\/ru\/wp-json\/wp\/v2\/media?parent=219414"}],"wp:term":[{"taxonomy":"product_brand","embeddable":true,"href":"https:\/\/baldumarket.lt\/ru\/wp-json\/wp\/v2\/product_brand?post=219414"},{"taxonomy":"product_cat","embeddable":true,"href":"https:\/\/baldumarket.lt\/ru\/wp-json\/wp\/v2\/product_cat?post=219414"},{"taxonomy":"product_tag","embeddable":true,"href":"https:\/\/baldumarket.lt\/ru\/wp-json\/wp\/v2\/product_tag?post=219414"}],"curies":[{"name":"WP","href":"https:\/\/api.w.org\/{rel}","templated":true}]}}