{"id":219006,"date":"2026-02-11T17:01:33","date_gmt":"2026-02-11T14:01:33","guid":{"rendered":"https:\/\/baldumarket.lt\/product\/materac-nice-160x200-cm-dwustronny-kieszeniowy-wysokie-sprezyny-pianka-xfoam-i-super-soft-h3-comforteo\/"},"modified":"2026-02-11T17:01:34","modified_gmt":"2026-02-11T14:01:34","slug":"materac-nice-160x200-cm-dwustronny-kieszeniowy-wysokie-sprezyny-pianka-xfoam-i-super-soft-h3-comforteo","status":"publish","type":"product","link":"https:\/\/baldumarket.lt\/ru\/product\/materac-nice-160x200-cm-dwustronny-kieszeniowy-wysokie-sprezyny-pianka-xfoam-i-super-soft-h3-comforteo\/","title":{"rendered":"\u010ciu\u017einys \u201eNice\u201c, 160 x 200 cm, dvipusis, ki\u0161enin\u0117s spyruokl\u0117s, auk\u0161tos spyruokl\u0117s, \u201eXfoam\u201c ir \u201eSuper Soft\u201c putos, H3, \u201eComforteo\u201c"},"content":{"rendered":"<p>The Nice 160&#215;200 cm H3 mattress is a great option for couples and those seeking a larger sleeping space without compromising comfort or health. Equipped with a 14.5 cm High Adaptive pocket spring system and two layers of foam, it provides optimal support, comfort, and a hygienic sleep environment. Thanks to the point-by-point action of the springs and high elasticity, this mattress perfectly adapts to the shape of the body, absorbs vibrations, and allows two people to lie down independently \u2013 without disturbing each other&#8217;s sleep.<\/p>","protected":false},"excerpt":{"rendered":"<p>\u0428\u0438\u0440\u0438\u043d\u0430: 160 \u0441\u043c<br \/>\n\u0414\u043b\u0438\u043d\u0430: 200 \u0441\u043c<br \/>\n\u0412\u044b\u0441\u043e\u0442\u0430: 26 \u0441\u043c<br \/>\n\u0421\u043f\u0430\u043b\u044c\u043d\u0430\u044f \u0437\u043e\u043d\u0430: 160\u00d7200 \u0441\u043c<br \/>\n\u0422\u0438\u043f \u043c\u0430\u0442\u0440\u0430\u0441\u0430: \u043f\u0440\u0443\u0436\u0438\u043d\u043d\u044b\u0439, \u0441 \u043d\u0435\u0437\u0430\u0432\u0438\u0441\u0438\u043c\u044b\u043c\u0438 \u043f\u0440\u0443\u0436\u0438\u043d\u0430\u043c\u0438 \u2013 \u0432\u044b\u0441\u043e\u043a\u043e\u043f\u0440\u0443\u0436\u0438\u043d\u043d\u044b\u0439<\/p>","protected":false},"featured_media":219007,"comment_status":"open","ping_status":"open","template":"","meta":[],"product_brand":[],"product_cat":[7906,1099,1978],"product_tag":[],"class_list":{"0":"post-219006","1":"product","2":"type-product","3":"status-publish","4":"has-post-thumbnail","6":"product_cat-comforteo","7":"product_cat-mattresses","8":"product_cat-mattresses-160x200","10":"first","11":"instock","12":"purchasable","13":"product-type-simple"},"_links":{"self":[{"href":"https:\/\/baldumarket.lt\/ru\/wp-json\/wp\/v2\/product\/219006","targetHints":{"allow":["GET"]}}],"collection":[{"href":"https:\/\/baldumarket.lt\/ru\/wp-json\/wp\/v2\/product"}],"about":[{"href":"https:\/\/baldumarket.lt\/ru\/wp-json\/wp\/v2\/types\/product"}],"replies":[{"embeddable":true,"href":"https:\/\/baldumarket.lt\/ru\/wp-json\/wp\/v2\/comments?post=219006"}],"wp:featuredmedia":[{"embeddable":true,"href":"https:\/\/baldumarket.lt\/ru\/wp-json\/wp\/v2\/media\/219007"}],"wp:attachment":[{"href":"https:\/\/baldumarket.lt\/ru\/wp-json\/wp\/v2\/media?parent=219006"}],"wp:term":[{"taxonomy":"product_brand","embeddable":true,"href":"https:\/\/baldumarket.lt\/ru\/wp-json\/wp\/v2\/product_brand?post=219006"},{"taxonomy":"product_cat","embeddable":true,"href":"https:\/\/baldumarket.lt\/ru\/wp-json\/wp\/v2\/product_cat?post=219006"},{"taxonomy":"product_tag","embeddable":true,"href":"https:\/\/baldumarket.lt\/ru\/wp-json\/wp\/v2\/product_tag?post=219006"}],"curies":[{"name":"WP","href":"https:\/\/api.w.org\/{rel}","templated":true}]}}