{"id":218806,"date":"2026-02-11T17:00:15","date_gmt":"2026-02-11T14:00:15","guid":{"rendered":"https:\/\/baldumarket.lt\/product\/materac-perfect-180x200-cm-dwustronny-kieszeniowy-sprezyny-pianka-visco-i-xfoam-h3-h4-comforteo\/"},"modified":"2026-02-11T17:00:17","modified_gmt":"2026-02-11T14:00:17","slug":"materac-perfect-180x200-cm-dwustronny-kieszeniowy-sprezyny-pianka-visco-i-xfoam-h3-h4-comforteo","status":"publish","type":"product","link":"https:\/\/baldumarket.lt\/ru\/product\/materac-perfect-180x200-cm-dwustronny-kieszeniowy-sprezyny-pianka-visco-i-xfoam-h3-h4-comforteo\/","title":{"rendered":"Puikus \u010diu\u017einys, 180\u00d7200 \u0441\u043c, dvipusis, ki\u0161enin\u0117s spyruokl\u0117s, viskoelastinis ir \u201eXfoam\u201c, H3\/H4, \u201eComforteo\u201c"},"content":{"rendered":"<p>\u041c\u043e\u0436\u043d\u043e \u043b\u0438 \u0441\u043f\u0430\u0442\u044c \u043b\u0443\u0447\u0448\u0435? \u0411\u0435\u0437\u0443\u0441\u043b\u043e\u0432\u043d\u043e \u2013 \u043f\u0440\u0438 \u0443\u0441\u043b\u043e\u0432\u0438\u0438, \u0447\u0442\u043e \u0432\u044b \u0441\u043f\u0438\u0442\u0435 \u043d\u0430 \u043f\u0440\u0430\u0432\u0438\u043b\u044c\u043d\u043e\u043c \u043c\u0430\u0442\u0440\u0430\u0441\u0435. \u041c\u0430\u0442\u0440\u0430\u0441 Perfect \u0440\u0430\u0437\u043c\u0435\u0440\u043e\u043c 180\u00d7200 \u0441\u043c \u2013 \u0438\u0434\u0435\u0430\u043b\u044c\u043d\u044b\u0439 \u0432\u044b\u0431\u043e\u0440 \u0434\u043b\u044f \u0442\u0435\u0445, \u043a\u0442\u043e \u043d\u0435 \u0433\u043e\u0442\u043e\u0432 \u0438\u0434\u0442\u0438 \u043d\u0430 \u043a\u043e\u043c\u043f\u0440\u043e\u043c\u0438\u0441\u0441 \u0432 \u0432\u043e\u043f\u0440\u043e\u0441\u0430\u0445 \u043a\u043e\u043c\u0444\u043e\u0440\u0442\u0430. \u042d\u0442\u043e \u0441\u0430\u043c\u0430\u044f \u0431\u043e\u043b\u044c\u0448\u0430\u044f \u043c\u043e\u0434\u0435\u043b\u044c Perfect \u2013 \u0440\u0430\u0437\u043c\u0435\u0440 \u00ab\u043a\u0438\u043d\u0433-\u0441\u0430\u0439\u0437\u00bb \u0434\u043b\u044f \u0441\u0430\u043c\u044b\u0445 \u0442\u0440\u0435\u0431\u043e\u0432\u0430\u0442\u0435\u043b\u044c\u043d\u044b\u0445 \u043f\u043e\u043b\u044c\u0437\u043e\u0432\u0430\u0442\u0435\u043b\u0435\u0439. \u0415\u0441\u043b\u0438 \u0432\u044b \u0446\u0435\u043d\u0438\u0442\u0435 \u043c\u0430\u043a\u0441\u0438\u043c\u0430\u043b\u044c\u043d\u043e\u0435 \u0441\u043f\u0430\u043b\u044c\u043d\u043e\u0435 \u043f\u0440\u043e\u0441\u0442\u0440\u0430\u043d\u0441\u0442\u0432\u043e, \u0437\u0434\u043e\u0440\u043e\u0432\u0443\u044e \u043f\u043e\u0434\u0434\u0435\u0440\u0436\u043a\u0443 \u043f\u043e\u0437\u0432\u043e\u043d\u043e\u0447\u043d\u0438\u043a\u0430 \u0438 \u0441\u043f\u043e\u043a\u043e\u0439\u043d\u0443\u044e, \u0441\u0442\u0430\u0431\u0438\u043b\u044c\u043d\u0443\u044e \u043f\u043e\u0432\u0435\u0440\u0445\u043d\u043e\u0441\u0442\u044c, \u044d\u0442\u043e\u0442 \u043c\u0430\u0442\u0440\u0430\u0441 \u0441\u043e\u0437\u0434\u0430\u043d \u0438\u043c\u0435\u043d\u043d\u043e \u0434\u043b\u044f \u0432\u0430\u0441.<\/p>","protected":false},"excerpt":{"rendered":"<p>\u0428\u0438\u0440\u0438\u043d\u0430: 180 \u0441\u043c<br \/>\n\u0414\u043b\u0438\u043d\u0430: 200 \u0441\u043c<br \/>\n\u0412\u044b\u0441\u043e\u0442\u0430: 24 \u0441\u043c<br \/>\n\u0421\u043f\u0430\u043b\u044c\u043d\u0430\u044f \u0437\u043e\u043d\u0430: 180\u00d7200 \u0441\u043c<br \/>\n\u0422\u0438\u043f \u043c\u0430\u0442\u0440\u0430\u0441\u0430: \u043f\u0440\u0443\u0436\u0438\u043d\u043d\u044b\u0439 \u0431\u043b\u043e\u043a \u0441 \u0432\u044f\u0437\u043a\u043e\u044d\u043b\u0430\u0441\u0442\u0438\u0447\u043d\u043e\u0439 \u043f\u0435\u043d\u043e\u0439.<\/p>","protected":false},"featured_media":218807,"comment_status":"open","ping_status":"open","template":"","meta":[],"product_brand":[],"product_cat":[7906,1099,1979],"product_tag":[],"class_list":{"0":"post-218806","1":"product","2":"type-product","3":"status-publish","4":"has-post-thumbnail","6":"product_cat-comforteo","7":"product_cat-mattresses","8":"product_cat-mattresses-180x200","10":"first","11":"instock","12":"purchasable","13":"product-type-simple"},"_links":{"self":[{"href":"https:\/\/baldumarket.lt\/ru\/wp-json\/wp\/v2\/product\/218806","targetHints":{"allow":["GET"]}}],"collection":[{"href":"https:\/\/baldumarket.lt\/ru\/wp-json\/wp\/v2\/product"}],"about":[{"href":"https:\/\/baldumarket.lt\/ru\/wp-json\/wp\/v2\/types\/product"}],"replies":[{"embeddable":true,"href":"https:\/\/baldumarket.lt\/ru\/wp-json\/wp\/v2\/comments?post=218806"}],"wp:featuredmedia":[{"embeddable":true,"href":"https:\/\/baldumarket.lt\/ru\/wp-json\/wp\/v2\/media\/218807"}],"wp:attachment":[{"href":"https:\/\/baldumarket.lt\/ru\/wp-json\/wp\/v2\/media?parent=218806"}],"wp:term":[{"taxonomy":"product_brand","embeddable":true,"href":"https:\/\/baldumarket.lt\/ru\/wp-json\/wp\/v2\/product_brand?post=218806"},{"taxonomy":"product_cat","embeddable":true,"href":"https:\/\/baldumarket.lt\/ru\/wp-json\/wp\/v2\/product_cat?post=218806"},{"taxonomy":"product_tag","embeddable":true,"href":"https:\/\/baldumarket.lt\/ru\/wp-json\/wp\/v2\/product_tag?post=218806"}],"curies":[{"name":"WP","href":"https:\/\/api.w.org\/{rel}","templated":true}]}}