{"id":218654,"date":"2026-02-11T16:59:43","date_gmt":"2026-02-11T13:59:43","guid":{"rendered":"https:\/\/baldumarket.lt\/product\/materac-slow-90x200-cm-dwustronny-kieszeniowy-sprezyny-kokos-pianka-xfoam-h3-h4-comforteo\/"},"modified":"2026-02-11T16:59:44","modified_gmt":"2026-02-11T13:59:44","slug":"materac-slow-90x200-cm-dwustronny-kieszeniowy-sprezyny-kokos-pianka-xfoam-h3-h4-comforteo","status":"publish","type":"product","link":"https:\/\/baldumarket.lt\/ru\/product\/materac-slow-90x200-cm-dwustronny-kieszeniowy-sprezyny-kokos-pianka-xfoam-h3-h4-comforteo\/","title":{"rendered":"L\u0117tas \u010diu\u017einys, 90\u00d7200 \u0441\u043c, dvipusis, ki\u0161enin\u0117s spyruokl\u0117s, kokosas, putplastis, H3\/H4, Comforteo"},"content":{"rendered":"<p>\u041c\u0430\u0442\u0440\u0430\u0441 Slow 90\u00d7200 \u0441\u043c \u2014 \u044d\u0442\u043e \u0438\u0434\u0435\u0430\u043b\u044c\u043d\u043e\u0435 \u0441\u043e\u0447\u0435\u0442\u0430\u043d\u0438\u0435 \u043f\u0440\u0443\u0436\u0438\u043d\u043d\u043e\u0433\u043e \u0431\u043b\u043e\u043a\u0430, \u0432\u044b\u0441\u043e\u043a\u043e\u044d\u043b\u0430\u0441\u0442\u0438\u0447\u043d\u043e\u0439 \u043f\u0435\u043d\u044b XFoam \u0438 \u043d\u0430\u0442\u0443\u0440\u0430\u043b\u044c\u043d\u043e\u0433\u043e \u043a\u043e\u043a\u043e\u0441\u043e\u0432\u043e\u0433\u043e \u0432\u043e\u043b\u043e\u043a\u043d\u0430, \u043a\u043e\u0442\u043e\u0440\u044b\u0435 \u0432\u043c\u0435\u0441\u0442\u0435 \u0441\u043e\u0437\u0434\u0430\u044e\u0442 \u0438\u0434\u0435\u0430\u043b\u044c\u043d\u044b\u0435 \u0443\u0441\u043b\u043e\u0432\u0438\u044f \u0434\u043b\u044f \u0437\u0434\u043e\u0440\u043e\u0432\u043e\u0433\u043e \u0438 \u0432\u043e\u0441\u0441\u0442\u0430\u043d\u0430\u0432\u043b\u0438\u0432\u0430\u044e\u0449\u0435\u0433\u043e \u0441\u043d\u0430. \u0411\u043b\u0430\u0433\u043e\u0434\u0430\u0440\u044f \u0434\u0432\u0443\u043c \u0441\u0442\u043e\u0440\u043e\u043d\u0430\u043c \u0441 \u0440\u0430\u0437\u043d\u044b\u043c \u0443\u0440\u043e\u0432\u043d\u0435\u043c \u0436\u0435\u0441\u0442\u043a\u043e\u0441\u0442\u0438 \u2014 H3 \u0438 H4 \u2014 \u0432\u044b \u043c\u043e\u0436\u0435\u0442\u0435 \u043b\u0435\u0433\u043a\u043e \u043d\u0430\u0441\u0442\u0440\u043e\u0438\u0442\u044c \u043c\u0430\u0442\u0440\u0430\u0441 \u043f\u043e\u0434 \u0441\u0432\u043e\u0438 \u0438\u043d\u0434\u0438\u0432\u0438\u0434\u0443\u0430\u043b\u044c\u043d\u044b\u0435 \u043f\u043e\u0442\u0440\u0435\u0431\u043d\u043e\u0441\u0442\u0438.<\/p>","protected":false},"excerpt":{"rendered":"<p>\u0428\u0438\u0440\u0438\u043d\u0430: 90 \u0441\u043c<br \/>\n\u0414\u043b\u0438\u043d\u0430: 200 \u0441\u043c<br \/>\n\u0412\u044b\u0441\u043e\u0442\u0430: 18 \u0441\u043c<br \/>\n\u0421\u043f\u0430\u043b\u044c\u043d\u0430\u044f \u0437\u043e\u043d\u0430: 90\u00d7200 \u0441\u043c<br \/>\n\u0422\u0438\u043f \u043c\u0430\u0442\u0440\u0430\u0441\u0430: \u043f\u0440\u0443\u0436\u0438\u043d\u043d\u044b\u0439 \u0431\u043b\u043e\u043a \u0441 \u043a\u043e\u043a\u043e\u0441\u043e\u0432\u044b\u043c \u043d\u0430\u043f\u043e\u043b\u043d\u0438\u0442\u0435\u043b\u0435\u043c.<\/p>","protected":false},"featured_media":218655,"comment_status":"open","ping_status":"open","template":"","meta":[],"product_brand":[],"product_cat":[7906,1099,1975],"product_tag":[],"class_list":{"0":"post-218654","1":"product","2":"type-product","3":"status-publish","4":"has-post-thumbnail","6":"product_cat-comforteo","7":"product_cat-mattresses","8":"product_cat-mattresses-90x200","10":"first","11":"instock","12":"purchasable","13":"product-type-simple"},"_links":{"self":[{"href":"https:\/\/baldumarket.lt\/ru\/wp-json\/wp\/v2\/product\/218654","targetHints":{"allow":["GET"]}}],"collection":[{"href":"https:\/\/baldumarket.lt\/ru\/wp-json\/wp\/v2\/product"}],"about":[{"href":"https:\/\/baldumarket.lt\/ru\/wp-json\/wp\/v2\/types\/product"}],"replies":[{"embeddable":true,"href":"https:\/\/baldumarket.lt\/ru\/wp-json\/wp\/v2\/comments?post=218654"}],"wp:featuredmedia":[{"embeddable":true,"href":"https:\/\/baldumarket.lt\/ru\/wp-json\/wp\/v2\/media\/218655"}],"wp:attachment":[{"href":"https:\/\/baldumarket.lt\/ru\/wp-json\/wp\/v2\/media?parent=218654"}],"wp:term":[{"taxonomy":"product_brand","embeddable":true,"href":"https:\/\/baldumarket.lt\/ru\/wp-json\/wp\/v2\/product_brand?post=218654"},{"taxonomy":"product_cat","embeddable":true,"href":"https:\/\/baldumarket.lt\/ru\/wp-json\/wp\/v2\/product_cat?post=218654"},{"taxonomy":"product_tag","embeddable":true,"href":"https:\/\/baldumarket.lt\/ru\/wp-json\/wp\/v2\/product_tag?post=218654"}],"curies":[{"name":"WP","href":"https:\/\/api.w.org\/{rel}","templated":true}]}}