{"id":218564,"date":"2026-02-11T16:59:20","date_gmt":"2026-02-11T13:59:20","guid":{"rendered":"https:\/\/baldumarket.lt\/product\/topper-kokos-120x200-cm-dwustronny-mata-kokosowa-zdejmowany-pokrowiec-h4-comforteo\/"},"modified":"2026-02-11T16:59:22","modified_gmt":"2026-02-11T13:59:22","slug":"topper-kokos-120x200-cm-dwustronny-mata-kokosowa-zdejmowany-pokrowiec-h4-comforteo","status":"publish","type":"product","link":"https:\/\/baldumarket.lt\/ru\/product\/topper-kokos-120x200-cm-dwustronny-mata-kokosowa-zdejmowany-pokrowiec-h4-comforteo\/","title":{"rendered":"Kokosinis \u010diu\u017einys 120\u00d7200 \u0441\u043c, dvipusis, kokosinis kilim\u0117lis, nuimamas u\u017evalkalas, H4, Comforteo"},"content":{"rendered":"<p>\u041d\u0430\u043c\u0430\u0442\u0440\u0430\u0441\u043d\u0438\u043a COCONUT \u0440\u0430\u0437\u043c\u0435\u0440\u043e\u043c 120\u00d7200 \u0441\u043c \u2014 \u044d\u0442\u043e \u0440\u0435\u0448\u0435\u043d\u0438\u0435 \u043d\u0430 \u043e\u0441\u043d\u043e\u0432\u0435 \u043d\u0430\u0442\u0443\u0440\u0430\u043b\u044c\u043d\u044b\u0445 \u043c\u0430\u0442\u0435\u0440\u0438\u0430\u043b\u043e\u0432, \u0441\u043e\u0437\u0434\u0430\u043d\u043d\u043e\u0435 \u0434\u043b\u044f \u0442\u0435\u0445, \u043a\u0442\u043e \u0438\u0449\u0435\u0442 \u0431\u043e\u043b\u0435\u0435 \u0436\u0435\u0441\u0442\u043a\u0438\u0439, \u0433\u0438\u0433\u0438\u0435\u043d\u0438\u0447\u043d\u044b\u0439 \u0438 \u0434\u043e\u043b\u0433\u043e\u0432\u0435\u0447\u043d\u044b\u0439 \u043c\u0430\u0442\u0440\u0430\u0441. \u041e\u043d \u043e\u0441\u043e\u0431\u0435\u043d\u043d\u043e \u0440\u0435\u043a\u043e\u043c\u0435\u043d\u0434\u0443\u0435\u0442\u0441\u044f \u0430\u043b\u043b\u0435\u0440\u0433\u0438\u043a\u0430\u043c \u0438 \u0442\u0435\u043c, \u043a\u0442\u043e \u043f\u0440\u0435\u0434\u043f\u043e\u0447\u0438\u0442\u0430\u0435\u0442 \u0431\u043e\u043b\u0435\u0435 \u0436\u0435\u0441\u0442\u043a\u0438\u0439 \u043c\u0430\u0442\u0440\u0430\u0441 \u0431\u0435\u0437 \u0443\u0449\u0435\u0440\u0431\u0430 \u0434\u043b\u044f \u043a\u043e\u043c\u0444\u043e\u0440\u0442\u0430.<\/p>","protected":false},"excerpt":{"rendered":"<p>\u0428\u0438\u0440\u0438\u043d\u0430: 120 \u0441\u043c<br \/>\n\u0414\u043b\u0438\u043d\u0430: 200 \u0441\u043c<br \/>\n\u0412\u044b\u0441\u043e\u0442\u0430: 3 \u0441\u043c<br \/>\n\u0421\u043f\u0430\u043b\u044c\u043d\u0430\u044f \u0437\u043e\u043d\u0430: 120\u00d7200 \u0441\u043c<br \/>\n\u0422\u0438\u043f \u043c\u0430\u0442\u0440\u0430\u0441\u0430: \u0441 \u043a\u043e\u043a\u043e\u0441\u043e\u0432\u044b\u043c \u043a\u043e\u0432\u0440\u0438\u043a\u043e\u043c<\/p>","protected":false},"featured_media":218565,"comment_status":"open","ping_status":"open","template":"","meta":[],"product_brand":[],"product_cat":[7906,1099,1976],"product_tag":[],"class_list":{"0":"post-218564","1":"product","2":"type-product","3":"status-publish","4":"has-post-thumbnail","6":"product_cat-comforteo","7":"product_cat-mattresses","8":"product_cat-mattresses-120x200","10":"first","11":"instock","12":"purchasable","13":"product-type-simple"},"_links":{"self":[{"href":"https:\/\/baldumarket.lt\/ru\/wp-json\/wp\/v2\/product\/218564","targetHints":{"allow":["GET"]}}],"collection":[{"href":"https:\/\/baldumarket.lt\/ru\/wp-json\/wp\/v2\/product"}],"about":[{"href":"https:\/\/baldumarket.lt\/ru\/wp-json\/wp\/v2\/types\/product"}],"replies":[{"embeddable":true,"href":"https:\/\/baldumarket.lt\/ru\/wp-json\/wp\/v2\/comments?post=218564"}],"wp:featuredmedia":[{"embeddable":true,"href":"https:\/\/baldumarket.lt\/ru\/wp-json\/wp\/v2\/media\/218565"}],"wp:attachment":[{"href":"https:\/\/baldumarket.lt\/ru\/wp-json\/wp\/v2\/media?parent=218564"}],"wp:term":[{"taxonomy":"product_brand","embeddable":true,"href":"https:\/\/baldumarket.lt\/ru\/wp-json\/wp\/v2\/product_brand?post=218564"},{"taxonomy":"product_cat","embeddable":true,"href":"https:\/\/baldumarket.lt\/ru\/wp-json\/wp\/v2\/product_cat?post=218564"},{"taxonomy":"product_tag","embeddable":true,"href":"https:\/\/baldumarket.lt\/ru\/wp-json\/wp\/v2\/product_tag?post=218564"}],"curies":[{"name":"WP","href":"https:\/\/api.w.org\/{rel}","templated":true}]}}