{"id":218264,"date":"2025-12-27T04:25:58","date_gmt":"2025-12-27T01:25:58","guid":{"rendered":"https:\/\/baldumarket.lt\/?post_type=product&#038;p=218264"},"modified":"2026-03-24T12:06:05","modified_gmt":"2026-03-24T09:06:05","slug":"naroznik-rozkladany-elena-gr3","status":"publish","type":"product","link":"https:\/\/baldumarket.lt\/ru\/product\/naroznik-rozkladany-elena-gr3\/","title":{"rendered":"\u0415\u041b\u0415\u041d\u0410 Gr3 i\u0161skleid\u017eiama kampin\u0117 \u0434\u0438\u0432\u0430\u043d"},"content":{"rendered":"<p>\u0423\u0433\u043b\u043e\u0432\u043e\u0439 \u0434\u0438\u0432\u0430\u043d ELENA \u0441 \u0432\u043e\u0437\u043c\u043e\u0436\u043d\u043e\u0441\u0442\u044c\u044e \u0432\u044b\u0434\u0432\u0438\u0436\u0435\u043d\u0438\u044f<br \/>\n\u00a0\u00a0<br \/>\n\u0420\u0430\u0437\u043c\u0435\u0440\u044b:<br \/>\n\u2013 \u0448\u0438\u0440\u0438\u043d\u0430: 251 \u0441\u043c<br \/>\n\u2013 \u0433\u043b\u0443\u0431\u0438\u043d\u0430: 203 \u0441\u043c<br \/>\n\u2013 \u0432\u044b\u0441\u043e\u0442\u0430: 70\/90 \u0441\u043c<br \/>\n\u2013 \u0413\u043b\u0443\u0431\u0438\u043d\u0430 \u0441\u0438\u0434\u0435\u043d\u044c\u044f: 58 \u0441\u043c<br \/>\n\u2013 \u0412\u044b\u0441\u043e\u0442\u0430 \u0441\u0438\u0434\u0435\u043d\u044c\u044f: 43 \u0441\u043c<br \/>\n\u2013 \u0421\u043f\u0430\u043b\u044c\u043d\u0430\u044f \u0437\u043e\u043d\u0430: 121 x 185 \u0441\u043c<br \/>\n\u2013 \u041e\u0442\u0434\u0435\u043b\u0435\u043d\u0438\u0435 \u0434\u043b\u044f \u043f\u043e\u0441\u0442\u0435\u043b\u044c\u043d\u043e\u0433\u043e \u0431\u0435\u043b\u044c\u044f: 186 x 83 x 17 \u0441\u043c<br \/>\n\u0425\u0430\u0440\u0430\u043a\u0442\u0435\u0440\u0438\u0441\u0442\u0438\u043a\u0438 \u0438 \u043a\u043e\u043d\u0441\u0442\u0440\u0443\u043a\u0446\u0438\u044f:<br \/>\n\u2013 \u043a\u0430\u0440\u043a\u0430\u0441: \u0441\u043e\u0441\u043d\u0430, \u0431\u0443\u043a, \u0414\u0421\u041f, \u0414\u0412\u041f, \u043e\u0431\u0438\u0432\u043e\u0447\u043d\u044b\u0439 \u043a\u0430\u0440\u0442\u043e\u043d, \u0444\u0430\u043d\u0435\u0440\u0430<br \/>\n\u2013 \u0441\u0438\u0434\u0435\u043d\u044c\u0435: \u0437\u0438\u0433\u0437\u0430\u0433\u043e\u043e\u0431\u0440\u0430\u0437\u043d\u044b\u0435 \u043f\u0440\u0443\u0436\u0438\u043d\u044b \u0442\u0438\u043f\u0430 \u0410, \u043f\u0435\u043d\u043e\u043f\u043e\u043b\u0438\u0443\u0440\u0435\u0442\u0430\u043d T28\/30<br \/>\n\u2013 \u0424\u0443\u043d\u043a\u0446\u0438\u044f \u0441\u043f\u0430\u043b\u044c\u043d\u043e\u0433\u043e \u043c\u0435\u0441\u0442\u0430 (\u0442\u0435\u043b\u0435\u0436\u043a\u0430): \u043f\u0435\u043d\u043e\u043f\u043e\u043b\u0438\u0443\u0440\u0435\u0442\u0430\u043d T25\/42<br \/>\n\u2013 \u0441\u043f\u0438\u043d\u043a\u0430: \u043f\u0435\u043d\u043e\u043f\u043e\u043b\u0438\u0443\u0440\u0435\u0442\u0430\u043d T18\/30<br \/>\n\u2013 \u0431\u043e\u043a\u043e\u0432\u0430\u044f \u043f\u0430\u043d\u0435\u043b\u044c: \u043f\u0435\u043d\u043e\u043f\u043b\u0430\u0441\u0442 T16\/20<br \/>\n\u2013 \u043f\u043e\u0434\u0433\u043e\u043b\u043e\u0432\u043d\u0438\u043a: \u043f\u0435\u043d\u043e\u043f\u043e\u043b\u0438\u0443\u0440\u0435\u0442\u0430\u043d T18\/30<br \/>\n\u2013 \u041d\u043e\u0436\u043a\u0438: \u043c\u0435\u0442\u0430\u043b\u043b\u0438\u0447\u0435\u0441\u043a\u0438\u0435, \u043f\u043b\u0430\u0441\u0442\u0438\u043a\u043e\u0432\u044b\u0435<br \/>\n\u2013 \u0442\u0438\u043f \u0444\u0443\u043d\u043a\u0446\u0438\u0438 \u0441\u043d\u0430 Delfin<br \/>\n\u2013 1 \u044f\u0449\u0438\u043a \u0434\u043b\u044f \u0445\u0440\u0430\u043d\u0435\u043d\u0438\u044f \u043f\u043e\u0441\u0442\u0435\u043b\u044c\u043d\u043e\u0433\u043e \u0431\u0435\u043b\u044c\u044f<br \/>\n\u2013 3 \u0440\u0435\u0433\u0443\u043b\u0438\u0440\u0443\u0435\u043c\u044b\u0445 \u043f\u043e\u0434\u0433\u043e\u043b\u043e\u0432\u043d\u0438\u043a\u0430<br \/>\n\u2013 \u0414\u043e\u0441\u0442\u0443\u043f\u0435\u043d \u0432 \u0448\u0438\u0440\u043e\u043a\u043e\u043c \u0430\u0441\u0441\u043e\u0440\u0442\u0438\u043c\u0435\u043d\u0442\u0435 \u0442\u043a\u0430\u043d\u0435\u0439.<br \/>\n\u0412\u0435\u0441: 104,6 \u043a\u0433<\/p>","protected":false},"excerpt":{"rendered":"<p>\u0420\u0430\u0437\u043c\u0435\u0440\u044b \u0443\u0433\u043b\u043e\u0432\u043e\u0433\u043e \u0434\u0438\u0432\u0430\u043d\u0430-\u0442\u0440\u0430\u043d\u0441\u0444\u043e\u0440\u043c\u0435\u0440\u0430 ELENA: \u2013 \u0448\u0438\u0440\u0438\u043d\u0430: 251 \u0441\u043c \u2013 \u0433\u043b\u0443\u0431\u0438\u043d\u0430: 203 \u0441\u043c \u2013 \u0432\u044b\u0441\u043e\u0442\u0430: 70\/90 \u0441\u043c \u2013 \u0433\u043b\u0443\u0431\u0438\u043d\u0430 \u0441\u0438\u0434\u0435\u043d\u044c\u044f: 58 \u0441\u043c \u2013 \u0432\u044b\u0441\u043e\u0442\u0430 \u0441\u0438\u0434\u0435\u043d\u044c\u044f: 43 \u0441\u043c \u2013 \u0441\u043f\u0430\u043b\u044c\u043d\u043e\u0435 \u043c\u0435\u0441\u0442\u043e: 121 x 185 \u0441\u043c \u2013 \u043e\u0442\u0434\u0435\u043b\u0435\u043d\u0438\u0435 \u0434\u043b\u044f \u0441\u043f\u0430\u043b\u044c\u043d\u043e\u0433\u043e \u043c\u0435\u0441\u0442\u0430: 186 x 83 x 17 \u0441\u043c. \u0425\u0430\u0440\u0430\u043a\u0442\u0435\u0440\u0438\u0441\u0442\u0438\u043a\u0438 \u0438 \u043a\u043e\u043d\u0441\u0442\u0440\u0443\u043a\u0446\u0438\u044f: \u2013 \u043a\u0430\u0440\u043a\u0430\u0441: \u0441\u043e\u0441\u043d\u0430, \u0431\u0443\u043a, \u0414\u0421\u041f, \u0414\u0412\u041f, [\u2026]<\/p>","protected":false},"featured_media":218297,"comment_status":"open","ping_status":"closed","template":"","meta":[],"product_brand":[],"product_cat":[9133],"product_tag":[],"class_list":{"0":"post-218264","1":"product","2":"type-product","3":"status-publish","4":"has-post-thumbnail","6":"product_cat-grouped","8":"first","9":"instock","10":"shipping-taxable","11":"purchasable","12":"product-type-variable","13":"wvs-archive-product-wrapper"},"_links":{"self":[{"href":"https:\/\/baldumarket.lt\/ru\/wp-json\/wp\/v2\/product\/218264","targetHints":{"allow":["GET"]}}],"collection":[{"href":"https:\/\/baldumarket.lt\/ru\/wp-json\/wp\/v2\/product"}],"about":[{"href":"https:\/\/baldumarket.lt\/ru\/wp-json\/wp\/v2\/types\/product"}],"replies":[{"embeddable":true,"href":"https:\/\/baldumarket.lt\/ru\/wp-json\/wp\/v2\/comments?post=218264"}],"wp:featuredmedia":[{"embeddable":true,"href":"https:\/\/baldumarket.lt\/ru\/wp-json\/wp\/v2\/media\/218297"}],"wp:attachment":[{"href":"https:\/\/baldumarket.lt\/ru\/wp-json\/wp\/v2\/media?parent=218264"}],"wp:term":[{"taxonomy":"product_brand","embeddable":true,"href":"https:\/\/baldumarket.lt\/ru\/wp-json\/wp\/v2\/product_brand?post=218264"},{"taxonomy":"product_cat","embeddable":true,"href":"https:\/\/baldumarket.lt\/ru\/wp-json\/wp\/v2\/product_cat?post=218264"},{"taxonomy":"product_tag","embeddable":true,"href":"https:\/\/baldumarket.lt\/ru\/wp-json\/wp\/v2\/product_tag?post=218264"}],"curies":[{"name":"WP","href":"https:\/\/api.w.org\/{rel}","templated":true}]}}