{"id":218000,"date":"2025-12-27T04:11:35","date_gmt":"2025-12-27T01:11:35","guid":{"rendered":"https:\/\/baldumarket.lt\/?post_type=product&#038;p=218000"},"modified":"2026-03-24T12:03:23","modified_gmt":"2026-03-24T09:03:23","slug":"naroznik-z-wysuwanym-siedziskiem-grenada-lc-gr2","status":"publish","type":"product","link":"https:\/\/baldumarket.lt\/ru\/product\/naroznik-z-wysuwanym-siedziskiem-grenada-lc-gr2\/","title":{"rendered":"Kampin\u0117 sofa su i\u0161skleid\u017eiama s\u0117dyne GRENADA LC Gr2"},"content":{"rendered":"<p>\u0423\u0433\u043b\u043e\u0432\u043e\u0439 \u0434\u0438\u0432\u0430\u043d GRENADA LC \u0441 \u0432\u044b\u0434\u0432\u0438\u0436\u043d\u044b\u043c \u0441\u0438\u0434\u0435\u043d\u044c\u0435\u043c<br \/>\n\u0420\u0430\u0437\u043c\u0435\u0440\u044b:<br \/>\n\u2013 \u0448\u0438\u0440\u0438\u043d\u0430: 283 \u0441\u043c<br \/>\n\u2013 \u0433\u043b\u0443\u0431\u0438\u043d\u0430: 175 \/ 183 \u0441\u043c<br \/>\n\u2013 \u0432\u044b\u0441\u043e\u0442\u0430: 91 \/ 107 \u0441\u043c<br \/>\n\u2013 \u0413\u043b\u0443\u0431\u0438\u043d\u0430 \u0441\u0438\u0434\u0435\u043d\u044c\u044f: 58 \/ 83 \u0441\u043c<br \/>\n\u2013 \u0412\u044b\u0441\u043e\u0442\u0430 \u0441\u0438\u0434\u0435\u043d\u044c\u044f: 45 \u0441\u043c<br \/>\n\u0425\u0430\u0440\u0430\u043a\u0442\u0435\u0440\u0438\u0441\u0442\u0438\u043a\u0438 \u0438 \u043a\u043e\u043d\u0441\u0442\u0440\u0443\u043a\u0446\u0438\u044f:<br \/>\n\u2013 \u041a\u0430\u0440\u043a\u0430\u0441: \u0441\u043e\u0441\u043d\u043e\u0432\u0430\u044f \u0434\u0440\u0435\u0432\u0435\u0441\u0438\u043d\u0430, \u043e\u0431\u0438\u0432\u043e\u0447\u043d\u044b\u0439 \u043a\u0430\u0440\u0442\u043e\u043d, \u041c\u0414\u0424, \u0414\u0421\u041f, \u0444\u0430\u043d\u0435\u0440\u0430<br \/>\n\u2013 \u0421\u0438\u0434\u0435\u043d\u044c\u0435: \u043f\u0440\u0443\u0436\u0438\u043d\u044b \u0442\u0438\u043f\u0430 B, \u043f\u0435\u043d\u043e\u043f\u043e\u043b\u0438\u0443\u0440\u0435\u0442\u0430\u043d HR 30\/10 + HR 35\/32<br \/>\n\u2013 \u0441\u043f\u0438\u043d\u043a\u0430: \u043f\u0435\u043d\u043e\u043f\u043e\u043b\u0438\u0443\u0440\u0435\u0442\u0430\u043d T23\/15<br \/>\n\u2013 \u0431\u043e\u043a\u043e\u0432\u044b\u0435 \u043f\u0430\u043d\u0435\u043b\u0438: \u043f\u0435\u043d\u043e\u043f\u043e\u043b\u0438\u0443\u0440\u0435\u0442\u0430\u043d T16\/20<br \/>\n\u2013 \u044d\u043b\u0435\u043a\u0442\u0440\u0438\u0447\u0435\u0441\u043a\u0438\u0439 \u0443\u0434\u043b\u0438\u043d\u0438\u0442\u0435\u043b\u044c \u0441\u0438\u0434\u0435\u043d\u044c\u044f x1<br \/>\n\u2013 \u0440\u0435\u0433\u0443\u043b\u0438\u0440\u0443\u0435\u043c\u044b\u0439 \u043f\u043e\u0434\u0433\u043e\u043b\u043e\u0432\u043d\u0438\u043a x3<br \/>\n\u2013 \u0434\u043e\u0441\u0442\u0443\u043f\u0435\u043d \u0432 \u0448\u0438\u0440\u043e\u043a\u043e\u043c \u0430\u0441\u0441\u043e\u0440\u0442\u0438\u043c\u0435\u043d\u0442\u0435 \u0442\u043a\u0430\u043d\u0435\u0439<br \/>\n\u0412\u0435\u0441: 125,7 \u043a\u0433<\/p>","protected":false},"excerpt":{"rendered":"<p>\u0423\u0433\u043b\u043e\u0432\u043e\u0439 \u0434\u0438\u0432\u0430\u043d GRENADA LC \u0441 \u0432\u044b\u0434\u0432\u0438\u0436\u043d\u044b\u043c \u0441\u0438\u0434\u0435\u043d\u044c\u0435\u043c. \u0420\u0430\u0437\u043c\u0435\u0440\u044b: \u2013 \u0448\u0438\u0440\u0438\u043d\u0430: 283 \u0441\u043c \u2013 \u0433\u043b\u0443\u0431\u0438\u043d\u0430: 175 \/ 183 \u0441\u043c \u2013 \u0432\u044b\u0441\u043e\u0442\u0430: 91 \/ 107 \u0441\u043c \u2013 \u0433\u043b\u0443\u0431\u0438\u043d\u0430 \u0441\u0438\u0434\u0435\u043d\u044c\u044f: 58 \/ 83 \u0441\u043c \u2013 \u0432\u044b\u0441\u043e\u0442\u0430 \u0441\u0438\u0434\u0435\u043d\u044c\u044f: 45 \u0441\u043c. \u0425\u0430\u0440\u0430\u043a\u0442\u0435\u0440\u0438\u0441\u0442\u0438\u043a\u0438 \u0438 \u043a\u043e\u043d\u0441\u0442\u0440\u0443\u043a\u0446\u0438\u044f: \u2013 \u043a\u0430\u0440\u043a\u0430\u0441: \u0441\u043e\u0441\u043d\u0430, \u043e\u0431\u0438\u0432\u043e\u0447\u043d\u044b\u0439 \u043a\u0430\u0440\u0442\u043e\u043d, \u041c\u0414\u0424, \u0414\u0421\u041f, \u0444\u0430\u043d\u0435\u0440\u0430 \u2013 \u0441\u0438\u0434\u0435\u043d\u044c\u0435: \u0432\u043e\u043b\u043d\u0438\u0441\u0442\u0430\u044f \u043f\u043e\u0432\u0435\u0440\u0445\u043d\u043e\u0441\u0442\u044c \u0442\u0438\u043f\u0430 B [\u2026]<\/p>","protected":false},"featured_media":218025,"comment_status":"open","ping_status":"closed","template":"","meta":[],"product_brand":[],"product_cat":[9133],"product_tag":[],"class_list":{"0":"post-218000","1":"product","2":"type-product","3":"status-publish","4":"has-post-thumbnail","6":"product_cat-grouped","8":"first","9":"instock","10":"shipping-taxable","11":"purchasable","12":"product-type-variable","13":"wvs-archive-product-wrapper"},"_links":{"self":[{"href":"https:\/\/baldumarket.lt\/ru\/wp-json\/wp\/v2\/product\/218000","targetHints":{"allow":["GET"]}}],"collection":[{"href":"https:\/\/baldumarket.lt\/ru\/wp-json\/wp\/v2\/product"}],"about":[{"href":"https:\/\/baldumarket.lt\/ru\/wp-json\/wp\/v2\/types\/product"}],"replies":[{"embeddable":true,"href":"https:\/\/baldumarket.lt\/ru\/wp-json\/wp\/v2\/comments?post=218000"}],"wp:featuredmedia":[{"embeddable":true,"href":"https:\/\/baldumarket.lt\/ru\/wp-json\/wp\/v2\/media\/218025"}],"wp:attachment":[{"href":"https:\/\/baldumarket.lt\/ru\/wp-json\/wp\/v2\/media?parent=218000"}],"wp:term":[{"taxonomy":"product_brand","embeddable":true,"href":"https:\/\/baldumarket.lt\/ru\/wp-json\/wp\/v2\/product_brand?post=218000"},{"taxonomy":"product_cat","embeddable":true,"href":"https:\/\/baldumarket.lt\/ru\/wp-json\/wp\/v2\/product_cat?post=218000"},{"taxonomy":"product_tag","embeddable":true,"href":"https:\/\/baldumarket.lt\/ru\/wp-json\/wp\/v2\/product_tag?post=218000"}],"curies":[{"name":"WP","href":"https:\/\/api.w.org\/{rel}","templated":true}]}}