{"id":217807,"date":"2025-12-27T04:00:31","date_gmt":"2025-12-27T01:00:31","guid":{"rendered":"https:\/\/baldumarket.lt\/?post_type=product&#038;p=217807"},"modified":"2026-03-24T12:03:31","modified_gmt":"2026-03-24T09:03:31","slug":"promocja-naroznik-manila-tkanina-neve-listwa-dab-gr2","status":"publish","type":"product","link":"https:\/\/baldumarket.lt\/ru\/product\/promocja-naroznik-manila-tkanina-neve-listwa-dab-gr2\/","title":{"rendered":"\u0410\u041a\u0426\u0418\u042f \u2013 MANILA kampin\u0117 \u0434\u0438\u0432\u0430\u043d \u2013 Neve audinys\/\u0105\u017euolo juostel\u0117s Gr2"},"content":{"rendered":"<p>\u0421\u041f\u0415\u0426\u0418\u0410\u041b\u042c\u041d\u041e\u0415 \u041f\u0420\u0415\u0414\u041b\u041e\u0416\u0415\u041d\u0418\u0415 \u2013 \u0423\u0433\u043b\u043e\u0432\u043e\u0439 \u0434\u0438\u0432\u0430\u043d Manila \u2013 \u0422\u043a\u0430\u043d\u044c Neve\/\u0414\u0443\u0431\u043e\u0432\u044b\u0435 \u043b\u0430\u043c\u0435\u043b\u0438<br \/>\n\u0426\u0435\u043d\u0430 \u043d\u0430 \u0443\u0433\u043b\u043e\u0432\u043e\u0439 \u0434\u0438\u0432\u0430\u043d \u0432 \u0430\u043a\u0446\u0438\u043e\u043d\u043d\u043e\u0439 \u043a\u043e\u043b\u043b\u0435\u043a\u0446\u0438\u0438 \u043c\u044f\u0433\u043a\u043e\u0439 \u043c\u0435\u0431\u0435\u043b\u0438 Neve.<br \/>\n\u0410\u0432\u0430\u043d\u0433\u0430\u0440\u0434\u043d\u044b\u0439 \u0441\u043e\u0432\u0440\u0435\u043c\u0435\u043d\u043d\u044b\u0439 \u0443\u0433\u043b\u043e\u0432\u043e\u0439 \u0434\u0438\u0432\u0430\u043d Manila \u043e\u0442\u043b\u0438\u0447\u0430\u0435\u0442\u0441\u044f \u0438\u043d\u0442\u0440\u0438\u0433\u0443\u044e\u0449\u0438\u043c \u0434\u0438\u0437\u0430\u0439\u043d\u043e\u043c. \u0412 \u043f\u0435\u0440\u0432\u0443\u044e \u043e\u0447\u0435\u0440\u0435\u0434\u044c, \u043f\u0440\u0438\u0432\u043b\u0435\u043a\u0430\u044e\u0442 \u0432\u043d\u0438\u043c\u0430\u043d\u0438\u0435 \u0434\u0435\u0442\u0430\u043b\u0438 \u2013 \u0442\u0435\u043c\u043d\u044b\u0435 \u0441\u0442\u0430\u043b\u044c\u043d\u044b\u0435 \u043d\u043e\u0436\u043a\u0438 \u0443\u043d\u0438\u043a\u0430\u043b\u044c\u043d\u043e\u0439 \u0444\u043e\u0440\u043c\u044b \u0438 \u0434\u0435\u0440\u0435\u0432\u044f\u043d\u043d\u0430\u044f \u0432\u0441\u0442\u0430\u0432\u043a\u0430 \u0432 \u043e\u0441\u043d\u043e\u0432\u0430\u043d\u0438\u0438, \u0432\u0438\u0437\u0443\u0430\u043b\u044c\u043d\u043e \u0441\u043e\u0437\u0434\u0430\u044e\u0449\u0438\u0435 \u0441\u0432\u043e\u0435\u0433\u043e \u0440\u043e\u0434\u0430 \u043f\u043b\u0430\u0442\u0444\u043e\u0440\u043c\u0443, \u043d\u0430 \u043a\u043e\u0442\u043e\u0440\u043e\u0439 \u0441\u0442\u043e\u0438\u0442 \u0434\u0438\u0432\u0430\u043d. \u0421\u0438\u0434\u0435\u043d\u044c\u0435 \u0440\u0430\u0437\u0434\u0435\u043b\u0435\u043d\u043e \u043d\u0430 \u0434\u0432\u0435 \u0441\u0435\u043a\u0446\u0438\u0438: \u0434\u043b\u044f \u0441\u0438\u0434\u0435\u043d\u0438\u044f \u0438 \u0434\u043b\u044f \u043e\u0442\u0434\u044b\u0445\u0430. \u041e\u0431\u0449\u0430\u044f \u0441\u043f\u0438\u043d\u043a\u0430, \u043e\u0431\u0449\u0430\u044f \u0434\u043b\u044f \u0431\u043e\u043b\u0435\u0435 \u0448\u0438\u0440\u043e\u043a\u043e\u0439 \u0441\u0435\u043a\u0446\u0438\u0438, \u043e\u0441\u043d\u0430\u0449\u0435\u043d\u0430 \u043f\u043e\u0434\u0443\u0448\u043a\u0430\u043c\u0438, \u043a\u043e\u0442\u043e\u0440\u044b\u0435 \u0435\u0449\u0435 \u0431\u043e\u043b\u044c\u0448\u0435 \u043f\u043e\u0434\u0447\u0435\u0440\u043a\u0438\u0432\u0430\u044e\u0442 \u044d\u0442\u043e \u0440\u0430\u0437\u0434\u0435\u043b\u0435\u043d\u0438\u0435. \u041f\u043e\u0434\u043b\u043e\u043a\u043e\u0442\u043d\u0438\u043a\u0438 \u0442\u0430\u043a\u0436\u0435 \u043f\u0440\u0438\u0432\u043b\u0435\u043a\u0430\u0442\u0435\u043b\u044c\u043d\u044b \u2013 \u0448\u0438\u0440\u043e\u043a\u0438\u0435 \u0438 \u0437\u0430\u043c\u0435\u0442\u043d\u043e \u043d\u0438\u0437\u043a\u0438\u0435. \u0414\u0438\u0432\u0430\u043d Manila \u043e\u0441\u043d\u0430\u0449\u0435\u043d \u0444\u0443\u043d\u043a\u0446\u0438\u0435\u0439 \u0441\u043f\u0430\u043b\u044c\u043d\u043e\u0433\u043e \u043c\u0435\u0441\u0442\u0430 \u0438 \u043e\u0442\u0441\u0435\u043a\u043e\u043c \u0434\u043b\u044f \u0445\u0440\u0430\u043d\u0435\u043d\u0438\u044f \u043f\u043e\u0441\u0442\u0435\u043b\u044c\u043d\u043e\u0433\u043e \u0431\u0435\u043b\u044c\u044f. \u0411\u043b\u0430\u0433\u043e\u0434\u0430\u0440\u044f \u043c\u0438\u043d\u0438\u043c\u0430\u043b\u0438\u0441\u0442\u0438\u0447\u043d\u043e\u043c\u0443 \u0434\u0438\u0437\u0430\u0439\u043d\u0443 \u043e\u043d \u0438\u0434\u0435\u0430\u043b\u044c\u043d\u043e \u043f\u043e\u0434\u0445\u043e\u0434\u0438\u0442 \u0434\u043b\u044f \u0441\u043e\u0432\u0440\u0435\u043c\u0435\u043d\u043d\u044b\u0445 \u0438 \u043b\u043e\u0444\u0442\u043e\u0432\u044b\u0445 \u0438\u043d\u0442\u0435\u0440\u044c\u0435\u0440\u043e\u0432. \u0423\u0433\u043b\u043e\u0432\u043e\u0439 \u0434\u0438\u0432\u0430\u043d \u0434\u043e\u0441\u0442\u0443\u043f\u0435\u043d \u0432 \u0431\u043e\u043b\u0435\u0435 \u0447\u0435\u043c 650 \u0432\u0430\u0440\u0438\u0430\u043d\u0442\u0430\u0445 \u043e\u0431\u0438\u0432\u043a\u0438.<br \/>\n\u0420\u0430\u0437\u043c\u0435\u0440\u044b:<br \/>\n\u2013 \u0428\u0438\u0440\u0438\u043d\u0430: 315 \u0441\u043c<br \/>\n\u2013 \u0428\u0438\u0440\u0438\u043d\u0430 2: 212 \u0441\u043c<br \/>\n\u2013 \u0420\u043e\u0441\u0442: 78\u201387 \u0441\u043c<br \/>\n\u2013 \u0413\u043b\u0443\u0431\u0438\u043d\u0430: 106 \u0441\u043c<br \/>\n\u2013 \u0421\u043f\u0430\u043b\u044c\u043d\u0430\u044f \u0437\u043e\u043d\u0430: 248 x 137 \u0441\u043c<br \/>\n\u041e\u0441\u043e\u0431\u0435\u043d\u043d\u043e\u0441\u0442\u0438 \u0438 \u0434\u0438\u0437\u0430\u0439\u043d:<br \/>\n\u2013 \u0421\u043e\u0432\u0440\u0435\u043c\u0435\u043d\u043d\u044b\u0439 \u0443\u0433\u043b\u043e\u0432\u043e\u0439 \u0434\u0438\u0432\u0430\u043d \u0441 \u0444\u0443\u043d\u043a\u0446\u0438\u0435\u0439 \u0441\u043f\u0430\u043b\u044c\u043d\u043e\u0433\u043e \u043c\u0435\u0441\u0442\u0430 \u0438 \u043c\u0435\u0441\u0442\u043e\u043c \u0434\u043b\u044f \u0445\u0440\u0430\u043d\u0435\u043d\u0438\u044f \u0432\u0435\u0449\u0435\u0439.<br \/>\n\u2013 \u0424\u0443\u043d\u043a\u0446\u0438\u044f \u0441\u043d\u0430 (DL-\u0442\u0438\u043f\u0430)<br \/>\n\u2013 \u0421\u0442\u0430\u043b\u044c\u043d\u044b\u0435 \u043d\u043e\u0436\u043a\u0438<br \/>\n\u2013 \u0414\u043e\u0441\u0442\u0443\u043f\u0435\u043d \u0432 \u0448\u0438\u0440\u043e\u043a\u043e\u043c \u0430\u0441\u0441\u043e\u0440\u0442\u0438\u043c\u0435\u043d\u0442\u0435 \u043e\u0431\u0438\u0432\u043e\u0447\u043d\u044b\u0445 \u0442\u043a\u0430\u043d\u0435\u0439.<br \/>\n\u2013 \u041a\u0430\u0440\u043a\u0430\u0441 \u0438\u0437\u0433\u043e\u0442\u043e\u0432\u043b\u0435\u043d \u0438\u0437 \u0441\u043e\u0441\u043d\u043e\u0432\u043e\u0439 \u0434\u0440\u0435\u0432\u0435\u0441\u0438\u043d\u044b, \u0414\u0421\u041f \u0438 \u0414\u0412\u041f.<br \/>\n\u2013 \u0421\u0438\u0434\u0435\u043d\u044c\u0435 \u043e\u0441\u043d\u0430\u0449\u0435\u043d\u043e \u0432\u043e\u043b\u043d\u043e\u043e\u0431\u0440\u0430\u0437\u043d\u043e\u0439 \u043f\u0440\u0443\u0436\u0438\u043d\u043e\u0439 \u0438 \u043f\u0435\u043d\u043e\u043f\u043e\u043b\u0438\u0443\u0440\u0435\u0442\u0430\u043d\u043e\u043c.<br \/>\n\u2013 \u0421\u043f\u0438\u043d\u043a\u0430 \u043e\u0441\u043d\u0430\u0449\u0435\u043d\u0430 \u043f\u0435\u043d\u043e\u043f\u043e\u043b\u0438\u0443\u0440\u0435\u0442\u0430\u043d\u043e\u043c.<\/p>","protected":false},"excerpt":{"rendered":"<p>\u0421\u041f\u0415\u0426\u0418\u0410\u041b\u042c\u041d\u041e\u0415 \u041f\u0420\u0415\u0414\u041b\u041e\u0416\u0415\u041d\u0418\u0415 \u2013 \u0423\u0433\u043b\u043e\u0432\u043e\u0439 \u0434\u0438\u0432\u0430\u043d Manila \u2013 \u0422\u043a\u0430\u043d\u044c Neve\/\u0414\u0443\u0431\u043e\u0432\u044b\u0435 \u043b\u0430\u043c\u0435\u043b\u0438. \u0426\u0435\u043d\u0430 \u0443\u0433\u043b\u043e\u0432\u043e\u0433\u043e \u0434\u0438\u0432\u0430\u043d\u0430 \u0432 \u0430\u043a\u0446\u0438\u043e\u043d\u043d\u043e\u0439 \u043e\u0431\u0438\u0432\u043a\u0435 Neve. \u0410\u0432\u0430\u043d\u0433\u0430\u0440\u0434\u043d\u044b\u0439 \u0441\u043e\u0432\u0440\u0435\u043c\u0435\u043d\u043d\u044b\u0439 \u0443\u0433\u043b\u043e\u0432\u043e\u0439 \u0434\u0438\u0432\u0430\u043d Manila \u043e\u0442\u043b\u0438\u0447\u0430\u0435\u0442\u0441\u044f \u0438\u043d\u0442\u0440\u0438\u0433\u0443\u044e\u0449\u0438\u043c \u0434\u0438\u0437\u0430\u0439\u043d\u043e\u043c. \u0412 \u043f\u0435\u0440\u0432\u0443\u044e \u043e\u0447\u0435\u0440\u0435\u0434\u044c, \u043f\u0440\u0438\u0432\u043b\u0435\u043a\u0430\u044e\u0442 \u0432\u043d\u0438\u043c\u0430\u043d\u0438\u0435 \u0434\u0435\u0442\u0430\u043b\u0438 \u2013 \u0442\u0435\u043c\u043d\u044b\u0435 \u0441\u0442\u0430\u043b\u044c\u043d\u044b\u0435 \u043d\u043e\u0436\u043a\u0438 \u0443\u043d\u0438\u043a\u0430\u043b\u044c\u043d\u043e\u0439 \u0444\u043e\u0440\u043c\u044b \u0438 \u0434\u0435\u0440\u0435\u0432\u044f\u043d\u043d\u0430\u044f \u0432\u0441\u0442\u0430\u0432\u043a\u0430 \u0432 \u043e\u0441\u043d\u043e\u0432\u0430\u043d\u0438\u0438, \u0432\u0438\u0437\u0443\u0430\u043b\u044c\u043d\u043e \u0441\u043e\u0437\u0434\u0430\u044e\u0449\u0438\u0435 \u0441\u0432\u043e\u0435\u0433\u043e \u0440\u043e\u0434\u0430 [\u2026]<\/p>","protected":false},"featured_media":217832,"comment_status":"open","ping_status":"closed","template":"","meta":[],"product_brand":[],"product_cat":[9133],"product_tag":[],"class_list":{"0":"post-217807","1":"product","2":"type-product","3":"status-publish","4":"has-post-thumbnail","6":"product_cat-grouped","8":"first","9":"instock","10":"shipping-taxable","11":"purchasable","12":"product-type-variable","13":"wvs-archive-product-wrapper"},"_links":{"self":[{"href":"https:\/\/baldumarket.lt\/ru\/wp-json\/wp\/v2\/product\/217807","targetHints":{"allow":["GET"]}}],"collection":[{"href":"https:\/\/baldumarket.lt\/ru\/wp-json\/wp\/v2\/product"}],"about":[{"href":"https:\/\/baldumarket.lt\/ru\/wp-json\/wp\/v2\/types\/product"}],"replies":[{"embeddable":true,"href":"https:\/\/baldumarket.lt\/ru\/wp-json\/wp\/v2\/comments?post=217807"}],"wp:featuredmedia":[{"embeddable":true,"href":"https:\/\/baldumarket.lt\/ru\/wp-json\/wp\/v2\/media\/217832"}],"wp:attachment":[{"href":"https:\/\/baldumarket.lt\/ru\/wp-json\/wp\/v2\/media?parent=217807"}],"wp:term":[{"taxonomy":"product_brand","embeddable":true,"href":"https:\/\/baldumarket.lt\/ru\/wp-json\/wp\/v2\/product_brand?post=217807"},{"taxonomy":"product_cat","embeddable":true,"href":"https:\/\/baldumarket.lt\/ru\/wp-json\/wp\/v2\/product_cat?post=217807"},{"taxonomy":"product_tag","embeddable":true,"href":"https:\/\/baldumarket.lt\/ru\/wp-json\/wp\/v2\/product_tag?post=217807"}],"curies":[{"name":"WP","href":"https:\/\/api.w.org\/{rel}","templated":true}]}}