{"id":217711,"date":"2025-12-27T03:54:48","date_gmt":"2025-12-27T00:54:48","guid":{"rendered":"https:\/\/baldumarket.lt\/?post_type=product&#038;p=217711"},"modified":"2026-03-24T12:03:38","modified_gmt":"2026-03-24T09:03:38","slug":"naroznik-rozkladany-enjoy-gr2","status":"publish","type":"product","link":"https:\/\/baldumarket.lt\/ru\/product\/naroznik-rozkladany-enjoy-gr2\/","title":{"rendered":"ENJOY Gr2 i\u0161skleid\u017eiama kampin\u0117 \u0434\u0438\u0432\u0430\u043d"},"content":{"rendered":"<p>\u041d\u0430\u0441\u043b\u0430\u0436\u0434\u0430\u0439\u0442\u0435\u0441\u044c \u0432\u044b\u0434\u0432\u0438\u0436\u043d\u044b\u043c \u0443\u0433\u043b\u043e\u0432\u044b\u043c \u0434\u0438\u0432\u0430\u043d\u043e\u043c!<br \/>\n\u00a0\u00a0<br \/>\n\u0420\u0430\u0437\u043c\u0435\u0440\u044b:<br \/>\n\u2013 \u0448\u0438\u0440\u0438\u043d\u0430: 254 \u0441\u043c<br \/>\n\u2013 \u0433\u043b\u0443\u0431\u0438\u043d\u0430: 167 \u0441\u043c<br \/>\n\u2013 \u0432\u044b\u0441\u043e\u0442\u0430: 76 \/ 89 \u0441\u043c<br \/>\n\u2013 \u0413\u043b\u0443\u0431\u0438\u043d\u0430 \u0441\u0438\u0434\u0435\u043d\u044c\u044f: 48 \/ 74 \u0441\u043c<br \/>\n\u2013 \u0412\u044b\u0441\u043e\u0442\u0430 \u0441\u0438\u0434\u0435\u043d\u044c\u044f: 46 \u0441\u043c<br \/>\n\u2013 \u0421\u043f\u0430\u043b\u044c\u043d\u0430\u044f \u0437\u043e\u043d\u0430: 225 x 121 \u0441\u043c<br \/>\n\u2013 \u043e\u0442\u0434\u0435\u043b\u0435\u043d\u0438\u0435 \u0434\u043b\u044f \u0445\u0440\u0430\u043d\u0435\u043d\u0438\u044f \u043f\u043e\u0441\u0442\u0435\u043b\u044c\u043d\u043e\u0433\u043e \u0431\u0435\u043b\u044c\u044f: 138 x 58 x 16 \u0441\u043c<br \/>\n\u0425\u0430\u0440\u0430\u043a\u0442\u0435\u0440\u0438\u0441\u0442\u0438\u043a\u0438 \u0438 \u043a\u0430\u0447\u0435\u0441\u0442\u0432\u043e \u0438\u0437\u0433\u043e\u0442\u043e\u0432\u043b\u0435\u043d\u0438\u044f:<br \/>\n\u2013 \u043a\u0430\u0440\u043a\u0430\u0441: \u0441\u043e\u0441\u043d\u043e\u0432\u0430\u044f \u0434\u0440\u0435\u0432\u0435\u0441\u0438\u043d\u0430, \u0414\u0421\u041f, \u0414\u0412\u041f, \u0444\u0430\u043d\u0435\u0440\u0430<br \/>\n\u2013 \u0441\u0438\u0434\u0435\u043d\u044c\u0435: \u043f\u0440\u0443\u0436\u0438\u043d\u044b S-\u043e\u0431\u0440\u0430\u0437\u043d\u043e\u0439 \u0444\u043e\u0440\u043c\u044b, \u043f\u0435\u043d\u043e\u043f\u043e\u043b\u0438\u0443\u0440\u0435\u0442\u0430\u043d T25\/42<br \/>\n\u2013 \u0441\u043f\u0438\u043d\u043a\u0430: \u043f\u0435\u043d\u043e\u043f\u043e\u043b\u0438\u0443\u0440\u0435\u0442\u0430\u043d T52\/42<br \/>\n\u2013 \u043f\u043e\u0434\u0443\u0448\u043a\u0438: \u043f\u0435\u043d\u043e\u043f\u043e\u043b\u0438\u0443\u0440\u0435\u0442\u0430\u043d\u043e\u0432\u044b\u0439 \u043d\u0430\u043f\u043e\u043b\u043d\u0438\u0442\u0435\u043b\u044c<br \/>\n\u2013 \u043f\u043e\u0434\u043b\u043e\u043a\u043e\u0442\u043d\u0438\u043a: \u043f\u0435\u043d\u043e\u043f\u043e\u043b\u0438\u0443\u0440\u0435\u0442\u0430\u043d\u043e\u0432\u044b\u0439 \u0441\u0435\u0440\u0434\u0435\u0447\u043d\u0438\u043a<br \/>\n\u2013 \u041d\u043e\u0436\u043a\u0438: \u0434\u0435\u0440\u0435\u0432\u043e (\u0446\u0432\u0435\u0442 \u043d\u0430 \u0432\u0430\u0448 \u0432\u044b\u0431\u043e\u0440)<br \/>\n\u2013 \u0443\u043d\u0438\u0432\u0435\u0440\u0441\u0430\u043b\u044c\u043d\u044b\u0439 \u0443\u0433\u043b\u043e\u0432\u043e\u0439 \u0434\u0438\u0432\u0430\u043d \u0441 \u043a\u0440\u0435\u043f\u043b\u0435\u043d\u0438\u0435\u043c \u0441\u043b\u0435\u0432\u0430 \u0438\u043b\u0438 \u0441\u043f\u0440\u0430\u0432\u0430<br \/>\n\u2013 \u0424\u0443\u043d\u043a\u0446\u0438\u044f \u0441\u043d\u0430 DL<br \/>\n\u2013 1 \u043c\u0435\u0441\u0442\u043e \u0434\u043b\u044f \u0445\u0440\u0430\u043d\u0435\u043d\u0438\u044f \u043f\u043e\u0441\u0442\u0435\u043b\u044c\u043d\u043e\u0433\u043e \u0431\u0435\u043b\u044c\u044f<br \/>\n\u2013 \u0434\u043e\u0441\u0442\u0443\u043f\u0435\u043d \u0432 \u0448\u0438\u0440\u043e\u043a\u043e\u043c \u0430\u0441\u0441\u043e\u0440\u0442\u0438\u043c\u0435\u043d\u0442\u0435 \u0442\u043a\u0430\u043d\u0435\u0439.<br \/>\n\u0412\u0435\u0441: 102,9 \u043a\u0433<\/p>","protected":false},"excerpt":{"rendered":"<p>\u0420\u0430\u0437\u043c\u0435\u0440\u044b \u0443\u0433\u043b\u043e\u0432\u043e\u0433\u043e \u0434\u0438\u0432\u0430\u043d\u0430 ENJOY: \u2013 \u0448\u0438\u0440\u0438\u043d\u0430: 254 \u0441\u043c \u2013 \u0433\u043b\u0443\u0431\u0438\u043d\u0430: 167 \u0441\u043c \u2013 \u0432\u044b\u0441\u043e\u0442\u0430: 76 \/ 89 \u0441\u043c \u2013 \u0433\u043b\u0443\u0431\u0438\u043d\u0430 \u0441\u0438\u0434\u0435\u043d\u044c\u044f: 48 \/ 74 \u0441\u043c \u2013 \u0432\u044b\u0441\u043e\u0442\u0430 \u0441\u0438\u0434\u0435\u043d\u044c\u044f: 46 \u0441\u043c \u2013 \u0441\u043f\u0430\u043b\u044c\u043d\u043e\u0435 \u043c\u0435\u0441\u0442\u043e: 225 x 121 \u0441\u043c \u2013 \u043e\u0442\u0434\u0435\u043b\u0435\u043d\u0438\u0435 \u0434\u043b\u044f \u0445\u0440\u0430\u043d\u0435\u043d\u0438\u044f \u043f\u043e\u0441\u0442\u0435\u043b\u044c\u043d\u043e\u0433\u043e \u0431\u0435\u043b\u044c\u044f: 138 x 58 x 16 \u0441\u043c. \u0425\u0430\u0440\u0430\u043a\u0442\u0435\u0440\u0438\u0441\u0442\u0438\u043a\u0438 \u0438 \u043a\u0430\u0447\u0435\u0441\u0442\u0432\u043e \u0438\u0437\u0433\u043e\u0442\u043e\u0432\u043b\u0435\u043d\u0438\u044f: \u2013 \u043a\u0430\u0440\u043a\u0430\u0441: \u0441\u043e\u0441\u043d\u0430, [\u2026]<\/p>","protected":false},"featured_media":217733,"comment_status":"open","ping_status":"closed","template":"","meta":[],"product_brand":[],"product_cat":[9133],"product_tag":[],"class_list":{"0":"post-217711","1":"product","2":"type-product","3":"status-publish","4":"has-post-thumbnail","6":"product_cat-grouped","8":"first","9":"instock","10":"shipping-taxable","11":"purchasable","12":"product-type-variable","13":"wvs-archive-product-wrapper"},"_links":{"self":[{"href":"https:\/\/baldumarket.lt\/ru\/wp-json\/wp\/v2\/product\/217711","targetHints":{"allow":["GET"]}}],"collection":[{"href":"https:\/\/baldumarket.lt\/ru\/wp-json\/wp\/v2\/product"}],"about":[{"href":"https:\/\/baldumarket.lt\/ru\/wp-json\/wp\/v2\/types\/product"}],"replies":[{"embeddable":true,"href":"https:\/\/baldumarket.lt\/ru\/wp-json\/wp\/v2\/comments?post=217711"}],"wp:featuredmedia":[{"embeddable":true,"href":"https:\/\/baldumarket.lt\/ru\/wp-json\/wp\/v2\/media\/217733"}],"wp:attachment":[{"href":"https:\/\/baldumarket.lt\/ru\/wp-json\/wp\/v2\/media?parent=217711"}],"wp:term":[{"taxonomy":"product_brand","embeddable":true,"href":"https:\/\/baldumarket.lt\/ru\/wp-json\/wp\/v2\/product_brand?post=217711"},{"taxonomy":"product_cat","embeddable":true,"href":"https:\/\/baldumarket.lt\/ru\/wp-json\/wp\/v2\/product_cat?post=217711"},{"taxonomy":"product_tag","embeddable":true,"href":"https:\/\/baldumarket.lt\/ru\/wp-json\/wp\/v2\/product_tag?post=217711"}],"curies":[{"name":"WP","href":"https:\/\/api.w.org\/{rel}","templated":true}]}}