{"id":217512,"date":"2025-12-27T03:43:56","date_gmt":"2025-12-27T00:43:56","guid":{"rendered":"https:\/\/baldumarket.lt\/?post_type=product&#038;p=217512"},"modified":"2026-02-03T23:13:40","modified_gmt":"2026-02-03T20:13:40","slug":"naroznik-rozkladany-taremi","status":"publish","type":"product","link":"https:\/\/baldumarket.lt\/ru\/product\/naroznik-rozkladany-taremi\/","title":{"rendered":"TAREMI i\u0161skleid\u017eiama kampin\u0117 \u0434\u0438\u0432\u0430\u043d"},"content":{"rendered":"<p>\u0421\u043a\u043b\u0430\u0434\u043d\u043e\u0439 \u0443\u0433\u043b\u043e\u0432\u043e\u0439 \u0434\u0438\u0432\u0430\u043d TAREMI<br \/>\n\u00a0\u00a0<br \/>\n\u0420\u0430\u0437\u043c\u0435\u0440\u044b:<br \/>\n\u2013 \u0428\u0438\u0440\u0438\u043d\u0430: 267 \u0441\u043c<br \/>\n\u2013 \u0413\u043b\u0443\u0431\u0438\u043d\u0430: 185 \u0441\u043c<br \/>\n\u2013 \u0412\u044b\u0441\u043e\u0442\u0430: 90 \u0441\u043c<br \/>\n\u2013 \u0412\u044b\u0441\u043e\u0442\u0430 \u0441\u0438\u0434\u0435\u043d\u044c\u044f: 44 \u0441\u043c<br \/>\n\u2013 \u0421\u043f\u0430\u043b\u044c\u043d\u0430\u044f \u0437\u043e\u043d\u0430: 127 x 226 \u0441\u043c<br \/>\n\u2013 \u041e\u0442\u0434\u0435\u043b\u0435\u043d\u0438\u0435 \u0434\u043b\u044f \u043f\u043e\u0441\u0442\u0435\u043b\u044c\u043d\u043e\u0433\u043e \u0431\u0435\u043b\u044c\u044f: 138 x 65 x 22,5 \u0441\u043c<br \/>\n\u2013 \u041f\u043e\u0434\u0443\u0448\u043a\u0430 \u0410: 69 x 45 x 23 \u0441\u043c<br \/>\n\u2013 \u041f\u043e\u0434\u0443\u0448\u043a\u0430 B: 86 x 45 x 23 \u0441\u043c<br \/>\n\u2013 \u041f\u043e\u0434\u0443\u0448\u043a\u0430 C: 86\/97 x 45 x 23 \u0441\u043c<br \/>\n\u0425\u0430\u0440\u0430\u043a\u0442\u0435\u0440\u0438\u0441\u0442\u0438\u043a\u0438 \u0438 \u043a\u043e\u043d\u0441\u0442\u0440\u0443\u043a\u0446\u0438\u044f:<br \/>\n\u2013 \u041a\u0430\u0440\u043a\u0430\u0441: \u0441\u043e\u0441\u043d\u043e\u0432\u0430\u044f \u0434\u0440\u0435\u0432\u0435\u0441\u0438\u043d\u0430, \u0414\u0421\u041f, \u0414\u0412\u041f, \u041c\u0414\u0424, \u043e\u0431\u0438\u0432\u043e\u0447\u043d\u044b\u0439 \u043a\u0430\u0440\u0442\u043e\u043d, \u0444\u0430\u043d\u0435\u0440\u0430.<br \/>\n\u2013 \u0421\u0438\u0434\u0435\u043d\u044c\u0435: \u043f\u0440\u0443\u0436\u0438\u043d\u044b \u0442\u0438\u043f\u0430 B \u0441 \u0437\u0438\u0433\u0437\u0430\u0433\u043e\u043e\u0431\u0440\u0430\u0437\u043d\u044b\u043c \u043a\u0440\u0435\u043f\u043b\u0435\u043d\u0438\u0435\u043c, \u043f\u0435\u043d\u043e\u043f\u043e\u043b\u0438\u0443\u0440\u0435\u0442\u0430\u043d T28\/30.<br \/>\n\u2013 \u0421\u043f\u0430\u043b\u044c\u043d\u043e\u0435 \u043c\u0435\u0441\u0442\u043e (\u0441\u043f\u0438\u043d\u043a\u0430): \u0437\u0438\u0433\u0437\u0430\u0433\u043e\u043e\u0431\u0440\u0430\u0437\u043d\u044b\u0435 \u043f\u0440\u0443\u0436\u0438\u043d\u044b \u0442\u0438\u043f\u0430 \u0410, \u043f\u0435\u043d\u043e\u043f\u043e\u043b\u0438\u0443\u0440\u0435\u0442\u0430\u043d T25\/42.<br \/>\n\u2013 \u0421\u043f\u0438\u043d\u043a\u0430: \u043f\u0435\u043d\u043e\u043f\u043e\u043b\u0438\u0443\u0440\u0435\u0442\u0430\u043d T16\/20<br \/>\n\u2013 \u0411\u043e\u043a\u043e\u0432\u044b\u0435 \u0441\u0442\u0435\u043d\u043a\u0438: \u043f\u0435\u043d\u043e\u043f\u043e\u043b\u0438\u0443\u0440\u0435\u0442\u0430\u043d T16\/20<br \/>\n\u2013 \u041f\u043e\u0434\u0443\u0448\u043a\u0438 \u0441\u043f\u0438\u043d\u043a\u0438: \u043f\u043e\u0440\u0432\u0430\u043d\u043d\u044b\u0439 \u043f\u043e\u0440\u043e\u043b\u043e\u043d<br \/>\n\u2013 \u041d\u043e\u0433\u0438: \u043c\u0435\u0442\u0430\u043b\u043b\u0438\u0447\u0435\u0441\u043a\u0438\u0435, \u043f\u043b\u0430\u0441\u0442\u0438\u043a\u043e\u0432\u044b\u0435<br \/>\n\u2013 \u0424\u0443\u043d\u043a\u0446\u0438\u044f DL-\u0441\u043d\u0430<br \/>\n\u2013 1 \u043e\u0442\u0434\u0435\u043b\u0435\u043d\u0438\u0435 \u0434\u043b\u044f \u0445\u0440\u0430\u043d\u0435\u043d\u0438\u044f \u043f\u043e\u0441\u0442\u0435\u043b\u044c\u043d\u043e\u0433\u043e \u0431\u0435\u043b\u044c\u044f<br \/>\n\u2013 \u0423\u043d\u0438\u0432\u0435\u0440\u0441\u0430\u043b\u044c\u043d\u044b\u0439 \u0443\u0433\u043b\u043e\u0432\u043e\u0439 \u0434\u0438\u0432\u0430\u043d: \u043c\u043e\u0436\u0435\u0442 \u0431\u044b\u0442\u044c \u0443\u0441\u0442\u0430\u043d\u043e\u0432\u043b\u0435\u043d \u043a\u0430\u043a \u0441 \u043f\u0440\u0430\u0432\u043e\u0439, \u0442\u0430\u043a \u0438 \u0441 \u043b\u0435\u0432\u043e\u0439 \u0441\u0442\u043e\u0440\u043e\u043d\u044b.<br \/>\n\u2013 \u0414\u043e\u0441\u0442\u0443\u043f\u0435\u043d \u0432 \u0448\u0438\u0440\u043e\u043a\u043e\u043c \u0430\u0441\u0441\u043e\u0440\u0442\u0438\u043c\u0435\u043d\u0442\u0435 \u0442\u043a\u0430\u043d\u0435\u0439.<br \/>\n\u0412\u0435\u0441: 119,3 \u043a\u0433<\/p>","protected":false},"excerpt":{"rendered":"<p>\u0420\u0430\u0437\u043c\u0435\u0440\u044b \u0441\u043a\u043b\u0430\u0434\u043d\u043e\u0433\u043e \u0443\u0433\u043b\u043e\u0432\u043e\u0433\u043e \u0434\u0438\u0432\u0430\u043d\u0430 TAREMI: \u2013 \u0428\u0438\u0440\u0438\u043d\u0430: 267 \u0441\u043c \u2013 \u0413\u043b\u0443\u0431\u0438\u043d\u0430: 185 \u0441\u043c \u2013 \u0412\u044b\u0441\u043e\u0442\u0430: 90 \u0441\u043c \u2013 \u0412\u044b\u0441\u043e\u0442\u0430 \u0441\u0438\u0434\u0435\u043d\u044c\u044f: 44 \u0441\u043c \u2013 \u0421\u043f\u0430\u043b\u044c\u043d\u0430\u044f \u0437\u043e\u043d\u0430: 127 x 226 \u0441\u043c \u2013 \u041e\u0442\u0434\u0435\u043b\u0435\u043d\u0438\u0435 \u0434\u043b\u044f \u0441\u043f\u0430\u043b\u044c\u043d\u043e\u0433\u043e \u043c\u0435\u0441\u0442\u0430: 138 x 65 x 22,5 \u0441\u043c \u2013 \u041f\u043e\u0434\u0443\u0448\u043a\u0430 A: 69 x 45 x 23 \u0441\u043c \u2013 \u041f\u043e\u0434\u0443\u0448\u043a\u0430 B: 86 x 45 x [\u2026]<\/p>","protected":false},"featured_media":217526,"comment_status":"open","ping_status":"closed","template":"","meta":[],"product_brand":[],"product_cat":[7905,616,1983],"product_tag":[],"class_list":{"0":"post-217512","1":"product","2":"type-product","3":"status-publish","4":"has-post-thumbnail","6":"product_cat-benix","7":"product_cat-corners","8":"product_cat-corners-l","10":"first","11":"instock","12":"shipping-taxable","13":"product-type-grouped"},"_links":{"self":[{"href":"https:\/\/baldumarket.lt\/ru\/wp-json\/wp\/v2\/product\/217512","targetHints":{"allow":["GET"]}}],"collection":[{"href":"https:\/\/baldumarket.lt\/ru\/wp-json\/wp\/v2\/product"}],"about":[{"href":"https:\/\/baldumarket.lt\/ru\/wp-json\/wp\/v2\/types\/product"}],"replies":[{"embeddable":true,"href":"https:\/\/baldumarket.lt\/ru\/wp-json\/wp\/v2\/comments?post=217512"}],"wp:featuredmedia":[{"embeddable":true,"href":"https:\/\/baldumarket.lt\/ru\/wp-json\/wp\/v2\/media\/217526"}],"wp:attachment":[{"href":"https:\/\/baldumarket.lt\/ru\/wp-json\/wp\/v2\/media?parent=217512"}],"wp:term":[{"taxonomy":"product_brand","embeddable":true,"href":"https:\/\/baldumarket.lt\/ru\/wp-json\/wp\/v2\/product_brand?post=217512"},{"taxonomy":"product_cat","embeddable":true,"href":"https:\/\/baldumarket.lt\/ru\/wp-json\/wp\/v2\/product_cat?post=217512"},{"taxonomy":"product_tag","embeddable":true,"href":"https:\/\/baldumarket.lt\/ru\/wp-json\/wp\/v2\/product_tag?post=217512"}],"curies":[{"name":"WP","href":"https:\/\/api.w.org\/{rel}","templated":true}]}}