{"id":217269,"date":"2025-12-27T03:29:45","date_gmt":"2025-12-27T00:29:45","guid":{"rendered":"https:\/\/baldumarket.lt\/?post_type=product&#038;p=217269"},"modified":"2026-03-24T12:06:57","modified_gmt":"2026-03-24T09:06:57","slug":"promocja-naroznik-santorini-tkanina-cremona-listwa-dab-gr3","status":"publish","type":"product","link":"https:\/\/baldumarket.lt\/ru\/product\/promocja-naroznik-santorini-tkanina-cremona-listwa-dab-gr3\/","title":{"rendered":"\u0410\u041a\u0426\u0418\u042f \u2013 SANTORINI kampin\u0117 \u0434\u0438\u0432\u0430\u043d \u2013 audinys \u201eCremona\u201c \/ \u0105\u017euolo juostel\u0117 Gr3"},"content":{"rendered":"<p>\u0421\u041f\u0415\u0426\u0418\u0410\u041b\u042c\u041d\u041e\u0415 \u041f\u0420\u0415\u0414\u041b\u041e\u0416\u0415\u041d\u0418\u0415 \u2013 \u0423\u0433\u043b\u043e\u0432\u043e\u0439 \u0434\u0438\u0432\u0430\u043d Santorini \u2013 \u0442\u043a\u0430\u043d\u044c Cremona \/ \u043e\u0442\u0434\u0435\u043b\u043a\u0430 \u043f\u043e\u0434 \u0434\u0443\u0431<br \/>\n\u0426\u0435\u043d\u0430 \u0437\u0430 \u0443\u0433\u043b\u043e\u0432\u043e\u0439 \u0434\u0438\u0432\u0430\u043d \u0441 \u0430\u043a\u0446\u0438\u043e\u043d\u043d\u043e\u0439 \u043e\u0431\u0438\u0432\u043a\u043e\u0439 Cremona.<br \/>\n\u0420\u0430\u0437\u043c\u0435\u0440\u044b:<br \/>\n\u2013 \u0428\u0438\u0440\u0438\u043d\u0430: 290 \u0441\u043c<br \/>\n\u2013 \u0413\u043b\u0443\u0431\u0438\u043d\u0430: 187 \u0441\u043c<br \/>\n\u0425\u0430\u0440\u0430\u043a\u0442\u0435\u0440\u0438\u0441\u0442\u0438\u043a\u0438 \u0438 \u043a\u043e\u043d\u0441\u0442\u0440\u0443\u043a\u0446\u0438\u044f:<br \/>\n\u2013 \u0421\u0438\u0434\u0435\u043d\u044c\u0435: \u0432\u043e\u043b\u043d\u043e\u0432\u044b\u0435 \u043f\u0440\u0443\u0436\u0438\u043d\u044b \u0442\u0438\u043f\u0430 B, \u043f\u0435\u043d\u043e\u043f\u043e\u043b\u0438\u0443\u0440\u0435\u0442\u0430\u043d T30, \u0441\u0438\u043b\u0438\u043a\u043e\u043d\u043e\u0432\u044b\u0439 \u043d\u0430\u043f\u043e\u043b\u043d\u0438\u0442\u0435\u043b\u044c (\u043c\u0430\u0442\u0440\u0430\u0441)<br \/>\n\u2013 \u0421\u043f\u0438\u043d\u043a\u0430: \u043f\u0435\u043d\u043e\u043f\u043e\u043b\u0438\u0443\u0440\u0435\u0442\u0430\u043d T130<br \/>\n\u2013 \u0420\u0435\u0433\u0443\u043b\u0438\u0440\u0443\u0435\u043c\u044b\u0435 \u043f\u043e\u0434\u0433\u043e\u043b\u043e\u0432\u043d\u0438\u043a\u0438, \u043f\u043e\u0434\u043b\u043e\u043a\u043e\u0442\u043d\u0438\u043a\u0438 \u0438 \u0433\u043b\u0443\u0431\u0438\u043d\u0430 \u0441\u0438\u0434\u0435\u043d\u044c\u044f.<\/p>","protected":false},"excerpt":{"rendered":"<p>\u0421\u041f\u0415\u0426\u0418\u0410\u041b\u042c\u041d\u041e\u0415 \u041f\u0420\u0415\u0414\u041b\u041e\u0416\u0415\u041d\u0418\u0415 \u2013 \u0423\u0433\u043b\u043e\u0432\u043e\u0439 \u0434\u0438\u0432\u0430\u043d SANTORINI \u2013 \u0422\u043a\u0430\u043d\u044c Cremona \/ \u043e\u0442\u0434\u0435\u043b\u043a\u0430 \u043f\u043e\u0434 \u0434\u0443\u0431. \u0426\u0435\u043d\u0430 \u0443\u043a\u0430\u0437\u0430\u043d\u0430 \u0437\u0430 \u0443\u0433\u043b\u043e\u0432\u043e\u0439 \u0434\u0438\u0432\u0430\u043d \u0441 \u0430\u043a\u0446\u0438\u043e\u043d\u043d\u043e\u0439 \u043e\u0431\u0438\u0432\u043a\u043e\u0439 Cremona. \u0420\u0430\u0437\u043c\u0435\u0440\u044b: \u2013 \u0428\u0438\u0440\u0438\u043d\u0430: 290 \u0441\u043c \u2013 \u0413\u043b\u0443\u0431\u0438\u043d\u0430: 187 \u0441\u043c. \u0425\u0430\u0440\u0430\u043a\u0442\u0435\u0440\u0438\u0441\u0442\u0438\u043a\u0438 \u0438 \u043a\u043e\u043d\u0441\u0442\u0440\u0443\u043a\u0446\u0438\u044f: \u2013 \u0421\u0438\u0434\u0435\u043d\u044c\u0435: \u043f\u0440\u0443\u0436\u0438\u043d\u044b \u0442\u0438\u043f\u0430 B, \u043f\u0435\u043d\u043e\u043f\u043e\u043b\u0438\u0443\u0440\u0435\u0442\u0430\u043d T30, \u0441\u0438\u043b\u0438\u043a\u043e\u043d\u043e\u0432\u044b\u0439 \u043d\u0430\u043f\u043e\u043b\u043d\u0438\u0442\u0435\u043b\u044c (\u043c\u0430\u0442\u0440\u0430\u0441) \u2013 \u0421\u043f\u0438\u043d\u043a\u0430: \u043f\u0435\u043d\u043e\u043f\u043e\u043b\u0438\u0443\u0440\u0435\u0442\u0430\u043d T130 \u2013 \u0420\u0435\u0433\u0443\u043b\u0438\u0440\u0443\u0435\u043c\u044b\u0435 \u043f\u043e\u0434\u0433\u043e\u043b\u043e\u0432\u043d\u0438\u043a\u0438, \u043f\u043e\u0434\u043b\u043e\u043a\u043e\u0442\u043d\u0438\u043a\u0438 \u0438 \u0433\u043b\u0443\u0431\u0438\u043d\u0430 \u0441\u0438\u0434\u0435\u043d\u044c\u044f<\/p>","protected":false},"featured_media":217299,"comment_status":"open","ping_status":"closed","template":"","meta":[],"product_brand":[],"product_cat":[9133],"product_tag":[],"class_list":{"0":"post-217269","1":"product","2":"type-product","3":"status-publish","4":"has-post-thumbnail","6":"product_cat-grouped","8":"first","9":"instock","10":"shipping-taxable","11":"purchasable","12":"product-type-variable","13":"wvs-archive-product-wrapper"},"_links":{"self":[{"href":"https:\/\/baldumarket.lt\/ru\/wp-json\/wp\/v2\/product\/217269","targetHints":{"allow":["GET"]}}],"collection":[{"href":"https:\/\/baldumarket.lt\/ru\/wp-json\/wp\/v2\/product"}],"about":[{"href":"https:\/\/baldumarket.lt\/ru\/wp-json\/wp\/v2\/types\/product"}],"replies":[{"embeddable":true,"href":"https:\/\/baldumarket.lt\/ru\/wp-json\/wp\/v2\/comments?post=217269"}],"wp:featuredmedia":[{"embeddable":true,"href":"https:\/\/baldumarket.lt\/ru\/wp-json\/wp\/v2\/media\/217299"}],"wp:attachment":[{"href":"https:\/\/baldumarket.lt\/ru\/wp-json\/wp\/v2\/media?parent=217269"}],"wp:term":[{"taxonomy":"product_brand","embeddable":true,"href":"https:\/\/baldumarket.lt\/ru\/wp-json\/wp\/v2\/product_brand?post=217269"},{"taxonomy":"product_cat","embeddable":true,"href":"https:\/\/baldumarket.lt\/ru\/wp-json\/wp\/v2\/product_cat?post=217269"},{"taxonomy":"product_tag","embeddable":true,"href":"https:\/\/baldumarket.lt\/ru\/wp-json\/wp\/v2\/product_tag?post=217269"}],"curies":[{"name":"WP","href":"https:\/\/api.w.org\/{rel}","templated":true}]}}