{"id":215049,"date":"2025-12-26T20:19:47","date_gmt":"2025-12-26T17:19:47","guid":{"rendered":"https:\/\/baldumarket.lt\/?post_type=product&#038;p=215049"},"modified":"2026-02-03T23:14:44","modified_gmt":"2026-02-03T20:14:44","slug":"lozka-tapicerowane-sorento-140x200-podnosnik-stelaz-pojemnik","status":"publish","type":"product","link":"https:\/\/baldumarket.lt\/ru\/product\/lozka-tapicerowane-sorento-140x200-podnosnik-stelaz-pojemnik\/","title":{"rendered":"Mink\u0161tos lovos Sorento 140\u00d7200, keltuvas, r\u0117mas, konteineris"},"content":{"rendered":"<p>\u041c\u044f\u0433\u043a\u0430\u044f \u043a\u0440\u043e\u0432\u0430\u0442\u044c Sorento 140\u00d7200 \u0441\u043c \u2013 \u044d\u043b\u0435\u0433\u0430\u043d\u0442\u043d\u043e\u0441\u0442\u044c, \u043a\u043e\u043c\u0444\u043e\u0440\u0442 \u0438 \u043f\u0440\u0430\u043a\u0442\u0438\u0447\u043d\u043e\u0441\u0442\u044c.<\/p>","protected":false},"excerpt":{"rendered":"<p>\u0428\u0438\u0440\u0438\u043d\u0430: 168 \u0441\u043c<br \/>\n\u0414\u043b\u0438\u043d\u0430: 231 \u0441\u043c<br \/>\n\u0412\u044b\u0441\u043e\u0442\u0430: 97 \u0441\u043c<br \/>\n\u0421\u043f\u0430\u043b\u044c\u043d\u0430\u044f \u0437\u043e\u043d\u0430: 140\u00d7200 \u0441\u043c<br \/>\n\u0412\u044b\u0441\u043e\u0442\u0430 \u0431\u043e\u043a\u043e\u0432\u043e\u0439 \u0441\u0442\u043e\u0440\u043e\u043d\u044b: 37 \u0441\u043c<\/p>","protected":false},"featured_media":215167,"comment_status":"open","ping_status":"closed","template":"","meta":[],"product_brand":[],"product_cat":[505,1970,7271],"product_tag":[],"class_list":{"0":"post-215049","1":"product","2":"type-product","3":"status-publish","4":"has-post-thumbnail","6":"product_cat-bedroom-beds","7":"product_cat-beds-140x200","8":"product_cat-meble-gruszka","10":"first","11":"instock","12":"shipping-taxable","13":"purchasable","14":"product-type-variable","15":"wvs-archive-product-wrapper"},"_links":{"self":[{"href":"https:\/\/baldumarket.lt\/ru\/wp-json\/wp\/v2\/product\/215049","targetHints":{"allow":["GET"]}}],"collection":[{"href":"https:\/\/baldumarket.lt\/ru\/wp-json\/wp\/v2\/product"}],"about":[{"href":"https:\/\/baldumarket.lt\/ru\/wp-json\/wp\/v2\/types\/product"}],"replies":[{"embeddable":true,"href":"https:\/\/baldumarket.lt\/ru\/wp-json\/wp\/v2\/comments?post=215049"}],"wp:featuredmedia":[{"embeddable":true,"href":"https:\/\/baldumarket.lt\/ru\/wp-json\/wp\/v2\/media\/215167"}],"wp:attachment":[{"href":"https:\/\/baldumarket.lt\/ru\/wp-json\/wp\/v2\/media?parent=215049"}],"wp:term":[{"taxonomy":"product_brand","embeddable":true,"href":"https:\/\/baldumarket.lt\/ru\/wp-json\/wp\/v2\/product_brand?post=215049"},{"taxonomy":"product_cat","embeddable":true,"href":"https:\/\/baldumarket.lt\/ru\/wp-json\/wp\/v2\/product_cat?post=215049"},{"taxonomy":"product_tag","embeddable":true,"href":"https:\/\/baldumarket.lt\/ru\/wp-json\/wp\/v2\/product_tag?post=215049"}],"curies":[{"name":"WP","href":"https:\/\/api.w.org\/{rel}","templated":true}]}}