{"id":214342,"date":"2025-12-26T19:49:07","date_gmt":"2025-12-26T16:49:07","guid":{"rendered":"https:\/\/baldumarket.lt\/?post_type=product&#038;p=214342"},"modified":"2026-02-03T23:14:58","modified_gmt":"2026-02-03T20:14:58","slug":"lozko-kontynentalne-beno-plus-160x200-tapicerowane-materace-topper-pojemnik","status":"publish","type":"product","link":"https:\/\/baldumarket.lt\/ru\/product\/lozko-kontynentalne-beno-plus-160x200-tapicerowane-materace-topper-pojemnik\/","title":{"rendered":"Beno Plus kontinentin\u0117 lova 160&#215;200, apmu\u0161ta, \u010diu\u017einiai, \u010diu\u017einys ant\u010diu\u017einiui, konteineris"},"content":{"rendered":"<p>The Beno Plus 160&#215;200 cm upholstered bed from the renowned Polish manufacturer Gruszka Meble is a perfect choice for those who value comfort, aesthetics, and practical solutions. Ideal for the master bedroom, it combines modern design, solid workmanship, and features that enhance everyday comfort.<\/p>\n","protected":false},"excerpt":{"rendered":"<p>Width: 164 cm<br \/>\nLength: 215 cm<br \/>\nHeight: 115 cm<br \/>\nSleeping area: 160&#215;200 cm<br \/>\nSleeping height: 62 cm<\/p>\n","protected":false},"featured_media":214470,"comment_status":"open","ping_status":"closed","template":"","meta":[],"product_brand":[],"product_cat":[505,1971,514,7271],"product_tag":[],"class_list":{"0":"post-214342","1":"product","2":"type-product","3":"status-publish","4":"has-post-thumbnail","6":"product_cat-bedroom-beds","7":"product_cat-beds-160x200","8":"product_cat-continental-beds","9":"product_cat-meble-gruszka","11":"first","12":"instock","13":"shipping-taxable","14":"purchasable","15":"product-type-variable","16":"wvs-archive-product-wrapper"},"_links":{"self":[{"href":"https:\/\/baldumarket.lt\/ru\/wp-json\/wp\/v2\/product\/214342","targetHints":{"allow":["GET"]}}],"collection":[{"href":"https:\/\/baldumarket.lt\/ru\/wp-json\/wp\/v2\/product"}],"about":[{"href":"https:\/\/baldumarket.lt\/ru\/wp-json\/wp\/v2\/types\/product"}],"replies":[{"embeddable":true,"href":"https:\/\/baldumarket.lt\/ru\/wp-json\/wp\/v2\/comments?post=214342"}],"wp:featuredmedia":[{"embeddable":true,"href":"https:\/\/baldumarket.lt\/ru\/wp-json\/wp\/v2\/media\/214470"}],"wp:attachment":[{"href":"https:\/\/baldumarket.lt\/ru\/wp-json\/wp\/v2\/media?parent=214342"}],"wp:term":[{"taxonomy":"product_brand","embeddable":true,"href":"https:\/\/baldumarket.lt\/ru\/wp-json\/wp\/v2\/product_brand?post=214342"},{"taxonomy":"product_cat","embeddable":true,"href":"https:\/\/baldumarket.lt\/ru\/wp-json\/wp\/v2\/product_cat?post=214342"},{"taxonomy":"product_tag","embeddable":true,"href":"https:\/\/baldumarket.lt\/ru\/wp-json\/wp\/v2\/product_tag?post=214342"}],"curies":[{"name":"wp","href":"https:\/\/api.w.org\/{rel}","templated":true}]}}