{"id":213562,"date":"2025-12-26T19:18:18","date_gmt":"2025-12-26T16:18:18","guid":{"rendered":"https:\/\/baldumarket.lt\/?post_type=product&#038;p=213562"},"modified":"2026-02-03T23:15:14","modified_gmt":"2026-02-03T20:15:14","slug":"lozko-kontynentalne-delos-led-160x200-z-oswietleniem-tapicerowane-materace-topper-pojemnik","status":"publish","type":"product","link":"https:\/\/baldumarket.lt\/ru\/product\/lozko-kontynentalne-delos-led-160x200-z-oswietleniem-tapicerowane-materace-topper-pojemnik\/","title":{"rendered":"Delos LED kontinentin\u0117 lova 160\u00d7200, su ap\u0161vietimu, apmu\u0161ta, \u010du\u017einiais, cu\u017einio u\u017etiesalu, konteineriu"},"content":{"rendered":"<p>The unique 160&#215;200 Delos LED continental bed is the perfect solution for those who value comfort and modern design. The 160&#215;200 cm size is perfect for spacious bedrooms, offering comfort and space for sleep. This model is equipped with two side-opening bedding compartments, a Bonnell spring mattress, and a T-25 foam topper, as well as standard LED lighting, which you can control with a remote control.<\/p>","protected":false},"excerpt":{"rendered":"<p>\u0428\u0438\u0440\u0438\u043d\u0430: 160 \u0441\u043c<br \/>\n\u0414\u043b\u0438\u043d\u0430: 211 \u0441\u043c<br \/>\n\u0412\u044b\u0441\u043e\u0442\u0430: 120 \u0441\u043c<br \/>\n\u0421\u043f\u0430\u043b\u044c\u043d\u0430\u044f \u0437\u043e\u043d\u0430: 160\u00d7200 \u0441\u043c<br \/>\n\u0412\u044b\u0441\u043e\u0442\u0430 \u0441\u043f\u0430\u043b\u044c\u043d\u043e\u0433\u043e \u043c\u0435\u0441\u0442\u0430: 60 \u0441\u043c.<\/p>","protected":false},"featured_media":213689,"comment_status":"open","ping_status":"closed","template":"","meta":[],"product_brand":[],"product_cat":[505,1971,514,7271],"product_tag":[],"class_list":{"0":"post-213562","1":"product","2":"type-product","3":"status-publish","4":"has-post-thumbnail","6":"product_cat-bedroom-beds","7":"product_cat-beds-160x200","8":"product_cat-continental-beds","9":"product_cat-meble-gruszka","11":"first","12":"instock","13":"shipping-taxable","14":"purchasable","15":"product-type-variable","16":"wvs-archive-product-wrapper"},"_links":{"self":[{"href":"https:\/\/baldumarket.lt\/ru\/wp-json\/wp\/v2\/product\/213562","targetHints":{"allow":["GET"]}}],"collection":[{"href":"https:\/\/baldumarket.lt\/ru\/wp-json\/wp\/v2\/product"}],"about":[{"href":"https:\/\/baldumarket.lt\/ru\/wp-json\/wp\/v2\/types\/product"}],"replies":[{"embeddable":true,"href":"https:\/\/baldumarket.lt\/ru\/wp-json\/wp\/v2\/comments?post=213562"}],"wp:featuredmedia":[{"embeddable":true,"href":"https:\/\/baldumarket.lt\/ru\/wp-json\/wp\/v2\/media\/213689"}],"wp:attachment":[{"href":"https:\/\/baldumarket.lt\/ru\/wp-json\/wp\/v2\/media?parent=213562"}],"wp:term":[{"taxonomy":"product_brand","embeddable":true,"href":"https:\/\/baldumarket.lt\/ru\/wp-json\/wp\/v2\/product_brand?post=213562"},{"taxonomy":"product_cat","embeddable":true,"href":"https:\/\/baldumarket.lt\/ru\/wp-json\/wp\/v2\/product_cat?post=213562"},{"taxonomy":"product_tag","embeddable":true,"href":"https:\/\/baldumarket.lt\/ru\/wp-json\/wp\/v2\/product_tag?post=213562"}],"curies":[{"name":"WP","href":"https:\/\/api.w.org\/{rel}","templated":true}]}}